{"id":10587,"date":"2025-06-30T10:01:25","date_gmt":"2025-06-30T08:01:25","guid":{"rendered":"https:\/\/www.mirabel-crique.com\/declaration-de-confidentialite-ue\/"},"modified":"2025-06-30T10:01:25","modified_gmt":"2025-06-30T08:01:25","slug":"eu-vertraulichkeitserklarung","status":"publish","type":"page","link":"https:\/\/www.mirabel-crique.com\/de\/declaration-de-confidentialite-ue\/","title":{"rendered":"Datenschutzerkl\u00e4rung (EU)"},"content":{"rendered":"<!-- Legal document generated by Complianz | GDPR\/CCPA Cookie Consent https:\/\/wordpress.org\/plugins\/complianz-gdpr -->\n<div id=\"cmplz-document\" class=\"cmplz-document privacy-statement cmplz-document-eu\"><p><i>Diese Datenschutzerkl\u00e4rung wurde zuletzt am 30. Juni 2025 aktualisiert und gilt f\u00fcr Staatsb\u00fcrger und rechtm\u00e4\u00dfige st\u00e4ndige Einwohner des Europ\u00e4ischen Wirtschaftsraums und der Schweiz.<\/i><br \/><br \/><\/p><p><p>In dieser Datenschutzerkl\u00e4rung erl\u00e4utern wir, was wir mit den Daten tun, die wir \u00fcber Sie \u00fcber ... erhalten <a href=\"https:\/\/www.mirabel-crique.com\/de\">https:\/\/www.mirabel-crique.com\/de<\/a>. Wir empfehlen Ihnen, diese Erkl\u00e4rung sorgf\u00e4ltig durchzulesen. Bei unserer Verarbeitung halten wir uns an die Vorgaben der Datenschutzgesetzgebung. Dies bedeutet unter anderem, dass:<\/p><ul>\n                <li>Wir legen die Zwecke, f\u00fcr die wir personenbezogene Daten verarbeiten, klar dar. Dies tun wir mittels dieser Datenschutzerkl\u00e4rung;<\/li>\n                <li>wir zielen darauf ab, unsere Erhebung personenbezogener Daten auf die f\u00fcr legitime Zwecke erforderlichen personenbezogenen Daten zu beschr\u00e4nken;<\/li>\n                <li>Wir bitten Sie zun\u00e4chst um Ihre ausdr\u00fcckliche Zustimmung zur Verarbeitung Ihrer personenbezogenen Daten in F\u00e4llen, die Ihre Zustimmung erfordern;<\/li>\n                <li>Wir ergreifen geeignete Sicherheitsma\u00dfnahmen, um Ihre pers\u00f6nlichen Daten zu sch\u00fctzen und verlangen dies auch von Parteien, die in unserem Auftrag personenbezogene Daten verarbeiten;<\/li>\n                <li>Wir respektieren Ihr Recht, auf Ihre pers\u00f6nlichen Daten zuzugreifen oder diese nach Aufforderung berichtigen oder l\u00f6schen zu lassen.<\/li>\n            <\/ul><p>Wenn Sie Fragen haben oder genau wissen m\u00f6chten, welche Daten wir \u00fcber Sie speichern, kontaktieren Sie uns bitte.<\/p><\/p><h2>1. Zweck, Daten und Aufbewahrungsfrist<\/h2>Wir k\u00f6nnen personenbezogene Daten zu verschiedenen Zwecken im Zusammenhang mit unseren Gesch\u00e4ftsaktivit\u00e4ten erheben oder erhalten, die Folgendes umfassen k\u00f6nnen: (zum Erweitern klicken)<details class=\"cmplz-dropdown dropdown-privacy-statement\"><summary><div><h3>1.1 Kontakt \u2013 Telefonisch, per Post, E-Mail und\/oder Webformulare<\/h3><\/div><\/summary><p class=\"cmplz-subtitle\">Zu diesem Zweck verwenden wir die folgenden Daten:<\/p><p><ul><li>Ein Vorname und Nachname<\/li><li>Eine Wohn- oder andere physische Adresse, einschlie\u00dflich Stra\u00dfenname und Name einer Stadt oder eines Ortes<\/li><li>Eine E-Mail-Adresse<\/li><li>Eine Telefonnummer<\/li><\/ul><\/p><p class=\"cmplz-subtitle\">Die Grundlage, auf der wir diese Daten verarbeiten d\u00fcrfen, ist:<\/p><p><a target=\"_blank\" rel=\"noopener noreferrer nofollow\" href=\"https:\/\/cookiedatabase.org\/legal-bases\/#consent\">Bei Erteilung der Zustimmung.<\/a><\/p><p class=\"cmplz-subtitle\">Aufbewahrungsfrist<\/p><p>Wir speichern diese Daten bis zur Beendigung des Dienstes.<\/p><\/details><h2>2. Cookies<\/h2><p>Unsere Website verwendet Cookies. Weitere Informationen zu Cookies finden Sie auf unserer <a href=\"https:\/\/www.mirabel-crique.com\/de\/politique-de-cookies-ue\/\">Cookie-Richtlinie<\/a>.&nbsp;<\/p><h2>3. Offenlegungspraktiken<\/h2><p><p>Wir geben personenbezogene Daten bekannt, wenn wir gesetzlich oder durch eine gerichtliche Anordnung dazu verpflichtet sind, als Reaktion auf eine Strafverfolgungsbeh\u00f6rde, soweit nach anderen Rechtsvorschriften zul\u00e4ssig, um Informationen bereitzustellen, oder f\u00fcr eine Untersuchung in einer Angelegenheit, die die \u00f6ffentliche Sicherheit betrifft.<\/p><p>Sollte unsere Website oder Organisation \u00fcbernommen, verkauft oder in eine Fusion oder \u00dcbernahme verwickelt werden, k\u00f6nnen Ihre Daten unseren Beratern und potenziellen K\u00e4ufern offengelegt und an die neuen Eigent\u00fcmer weitergegeben werden.<\/p><\/p><p>Wir haben eine Datenverarbeitungsvereinbarung mit Google abgeschlossen.<\/p><h2>4. Sicherheit<\/h2><p>Wir verpflichten uns zur Sicherheit personenbezogener Daten. Wir ergreifen angemessene Sicherheitsma\u00dfnahmen, um den Missbrauch und unbefugten Zugriff auf personenbezogene Daten zu beschr\u00e4nken. Dies stellt sicher, dass nur die notwendigen Personen Zugriff auf Ihre Daten haben, der Zugriff auf die Daten gesch\u00fctzt ist und unsere Sicherheitsma\u00dfnahmen regelm\u00e4\u00dfig \u00fcberpr\u00fcft werden.<\/p><h2>5. Websites Dritter<\/h2><p>Diese Datenschutzerkl\u00e4rung gilt nicht f\u00fcr Drittseiten, die \u00fcber Links auf unserer Webseite verbunden sind. Wir k\u00f6nnen nicht garantieren, dass diese Dritten Ihre pers\u00f6nlichen Daten zuverl\u00e4ssig oder sicher behandeln. Wir empfehlen Ihnen, die Datenschutzerkl\u00e4rungen dieser Webseiten zu lesen, bevor Sie diese Webseiten nutzen.<\/p><h2>6. \u00c4nderungen dieser Datenschutzerkl\u00e4rung<\/h2><p>Wir behalten uns das Recht vor, \u00c4nderungen an dieser Datenschutzerkl\u00e4rung vorzunehmen. Es wird empfohlen, diese Datenschutzerkl\u00e4rung regelm\u00e4\u00dfig zu konsultieren, um \u00fcber \u00c4nderungen informiert zu sein. Dar\u00fcber hinaus werden wir Sie nach M\u00f6glichkeit aktiv informieren.<\/p><h2>7. Zugriff auf und \u00c4nderung Ihrer Daten<\/h2><p>Wenn Sie Fragen haben oder wissen m\u00f6chten, welche pers\u00f6nlichen Daten wir \u00fcber Sie gespeichert haben, kontaktieren Sie uns bitte. Sie k\u00f6nnen uns \u00fcber die unten stehenden Informationen kontaktieren. Sie haben folgende Rechte:<\/p><ul>\n                <li>Sie haben das Recht zu wissen, warum Ihre pers\u00f6nlichen Daten ben\u00f6tigt werden, was mit ihnen geschieht und wie lange sie aufbewahrt werden.<\/li>\n                <li>Recht auf Zugang: Sie haben das Recht, auf Ihre personenbezogenen Daten, die uns bekannt sind, zuzugreifen.<\/li>\n                <li>Recht auf Berichtigung: Sie haben das Recht, Ihre personenbezogenen Daten jederzeit zu erg\u00e4nzen, zu korrigieren, zu l\u00f6schen oder zu sperren.<\/li>\n                <li>Wenn Sie uns Ihre Zustimmung zur Verarbeitung Ihrer Daten geben, haben Sie das Recht, diese Zustimmung zu widerrufen und Ihre personenbezogenen Daten l\u00f6schen zu lassen.<\/li>\n                <li>Recht auf \u00dcbertragung Ihrer Daten: Sie haben das Recht, alle Ihre personenbezogenen Daten vom Controller anzufordern und sie in ihrer Gesamtheit an einen anderen Controller zu \u00fcbertragen.<\/li>\n                <li>Recht auf Einspruch: Sie k\u00f6nnen der Verarbeitung Ihrer Daten widersprechen. Wir halten uns daran, es sei denn, es gibt gerechtfertigte Gr\u00fcnde f\u00fcr die Verarbeitung.<\/li>\n            <\/ul><p>Bitte stellen Sie immer klar, wer Sie sind, damit wir sicher sein k\u00f6nnen, dass wir keine Daten der falschen Person \u00e4ndern oder l\u00f6schen.<\/p><h2>8. Einreichen einer Beschwerde<\/h2><p>Wenn Sie mit der Art und Weise, wie wir mit der Verarbeitung Ihrer personenbezogenen Daten umgehen (Beschwerde), nicht zufrieden sind, haben Sie das Recht, sich bei der Datenschutzbeh\u00f6rde zu beschweren.<\/p><h2>9. Kontaktdaten<\/h2><p>Campingplatz La Crique<br \/>\n        Plage de la Mare, 85 380 Saint-Cast-le-Guildo<br \/>\n        Frankreich<br \/>\n        Website: <a href=\"https:\/\/www.mirabel-crique.com\/de\">https:\/\/www.mirabel-crique.com\/de<\/a> <br \/>\n        Email: <span class=\"cmplz-obfuscate\">info@<span class=\"cmplz-fmail-domain\">ex.com<\/span>ou&#101;st-commu&#110;&#105;&#099;&#097;&#116;&#105;on&#046;&#099;&#111;&#109;<\/span> <br \/>\n        Telefonnummer: 0251203040<\/p><h2>10. Datenanfragen<\/h2><p>F\u00fcr die am h\u00e4ufigsten gestellten Anfragen bieten wir Ihnen au\u00dferdem die M\u00f6glichkeit, unser Datenanforderungsformular zu nutzen.<br \/>\t\t\t<div class=\"cmplz-datarequest cmplz-alert\">\n\t\t\t\t<span class=\"cmplz-close\">\u00d7<\/span>\n\t\t\t\t<span id=\"cmplz-message\"><\/span>\n\t\t\t<\/div>\n\t\t\t<form id=\"cmplz-datarequest-form\" action=\"\">\n\t\t\t\t<input type=\"hidden\" required value=\"eu\" name=\"cmplz_datarequest_region\" id=\"cmplz_datarequest_region\" >\n\n\t\t\t\t<label for=\"cmplz_datarequest_firstname\" class=\"cmplz-first-name\">Name\t\t\t\t\t<input type=\"search\" class=\"datarequest-firstname\" value=\"\" placeholder=\"your first name\" id=\"cmplz_datarequest_firstname\" name=\"cmplz_datarequest_firstname\" >\n\t\t\t\t<\/label>\n\t\t\t\t<div>\n\t\t\t\t\t<label for=\"cmplz_datarequest_name\">Name<\/label>\n\t\t\t\t\t<input type=\"text\" required value=\"\" placeholder=\"Ihr Name\" id=\"cmplz_datarequest_name\" name=\"cmplz_datarequest_name\">\n\t\t\t\t<\/div>\n\t\t\t\t<div>\n\t\t\t\t\t<label for=\"cmplz_datarequest_email\">E-Mail-Adresse<\/label>\n\t\t\t\t\t<input type=\"email\" required value=\"\" placeholder=\"email@email.com\" id=\"cmplz_datarequest_email\" name=\"cmplz_datarequest_email\">\n\t\t\t\t<\/div>\n\t\t\t\t\t\t\t\t\t\t<div class=\"cmplz_datarequest cmplz_datarequest_request_for_access\">\n\t\t\t\t\t\t\t<label for=\"cmplz_datarequest_request_for_access\">\n\t\t\t\t\t\t\t\t<input type=\"checkbox\" value=\"1\" name=\"cmplz_datarequest_request_for_access\" id=\"cmplz_datarequest_request_for_access\"\/>\n\t\t\t\t\t\t\t\tReichen Sie einen Antrag auf Zugriff auf die Daten ein, die wir \u00fcber Sie verarbeiten.\t\t\t\t\t\t\t<\/label>\n\t\t\t\t\t\t<\/div>\n\t\t\t\t\t\t\t\t\t\t<div class=\"cmplz_datarequest cmplz_datarequest_right_to_be_forgotten\">\n\t\t\t\t\t\t\t<label for=\"cmplz_datarequest_right_to_be_forgotten\">\n\t\t\t\t\t\t\t\t<input type=\"checkbox\" value=\"1\" name=\"cmplz_datarequest_right_to_be_forgotten\" id=\"cmplz_datarequest_right_to_be_forgotten\"\/>\n\t\t\t\t\t\t\t\tStellen Sie einen Antrag auf L\u00f6schung der Daten, wenn diese nicht mehr relevant sind.\t\t\t\t\t\t\t<\/label>\n\t\t\t\t\t\t<\/div>\n\t\t\t\t\t\t\t\t\t\t<div class=\"cmplz_datarequest cmplz_datarequest_right_to_data_portability\">\n\t\t\t\t\t\t\t<label for=\"cmplz_datarequest_right_to_data_portability\">\n\t\t\t\t\t\t\t\t<input type=\"checkbox\" value=\"1\" name=\"cmplz_datarequest_right_to_data_portability\" id=\"cmplz_datarequest_right_to_data_portability\"\/>\n\t\t\t\t\t\t\t\tReichen Sie eine Anfrage ein, um eine Exportdatei der Daten zu erhalten, die wir \u00fcber Sie verarbeiten.\t\t\t\t\t\t\t<\/label>\n\t\t\t\t\t\t<\/div>\n\t\t\t\t\t\t\t\t<input type=\"button\" id=\"cmplz-datarequest-submit\"  value=\"Senden\">\n\t\t\t<input type=\"hidden\" name=\"trp-form-language\" value=\"de\"\/><\/form>\n\n\t\t\t<style>\n\t\t\t\t\/* first-name is honeypot *\/\n\t\t\t\t.cmplz-first-name {\n\t\t\t\t\tposition: absolute !important;\n\t\t\t\t\tleft: -5000px !important;\n\t\t\t\t}\n\t\t\t<\/style>\n\t\t\t<\/p><\/div>","protected":false},"excerpt":{"rendered":"","protected":false},"author":1,"featured_media":0,"parent":0,"menu_order":0,"comment_status":"closed","ping_status":"closed","template":"","meta":{"_seopress_robots_primary_cat":"","_seopress_titles_title":"","_seopress_titles_desc":"","_seopress_robots_index":"","footnotes":""},"class_list":["post-10587","page","type-page","status-publish","hentry"],"_links":{"self":[{"href":"https:\/\/www.mirabel-crique.com\/de\/wp-json\/wp\/v2\/pages\/10587","targetHints":{"allow":["GET"]}}],"collection":[{"href":"https:\/\/www.mirabel-crique.com\/de\/wp-json\/wp\/v2\/pages"}],"about":[{"href":"https:\/\/www.mirabel-crique.com\/de\/wp-json\/wp\/v2\/types\/page"}],"author":[{"embeddable":true,"href":"https:\/\/www.mirabel-crique.com\/de\/wp-json\/wp\/v2\/users\/1"}],"replies":[{"embeddable":true,"href":"https:\/\/www.mirabel-crique.com\/de\/wp-json\/wp\/v2\/comments?post=10587"}],"version-history":[{"count":0,"href":"https:\/\/www.mirabel-crique.com\/de\/wp-json\/wp\/v2\/pages\/10587\/revisions"}],"wp:attachment":[{"href":"https:\/\/www.mirabel-crique.com\/de\/wp-json\/wp\/v2\/media?parent=10587"}],"curies":[{"name":"WordPress","href":"https:\/\/api.w.org\/{rel}","templated":true}]}}