{"id":267,"date":"2022-02-17T10:04:00","date_gmt":"2022-02-17T09:04:00","guid":{"rendered":"https:\/\/www.campinglarenaudiere.com\/?page_id=267"},"modified":"2025-11-10T11:52:35","modified_gmt":"2025-11-10T10:52:35","slug":"saint-jacut-de-la-mer","status":"publish","type":"page","link":"https:\/\/www.mirabel-crique.com\/de\/saint-jacut-de-la-mer\/","title":{"rendered":"Saint-Jacut-de-la-Mer"},"content":{"rendered":"<h1 class=\"wp-block-heading\">Saint-Jacut-de-la-Mer, ein charmantes Dorf auf der Halbinsel mit 11 Str\u00e4nden<\/h1>\n\n\n\n<div class=\"wp-block-media-text alignwide is-stacked-on-mobile is-image-fill-element animate left\"><figure class=\"wp-block-media-text__media\"><img loading=\"lazy\" decoding=\"async\" width=\"1024\" height=\"678\" src=\"https:\/\/www.mirabel-crique.com\/wp-content\/uploads\/2022\/10\/1-plage-crtb-PIRIOU-Jacqueline-1024x678.jpg\" alt=\"Strand von Saint Jacut in der N\u00e4he des Campingplatzes in der Bretagne\" class=\"wp-image-7580 size-full\" style=\"object-position:50% 50%\" srcset=\"https:\/\/www.mirabel-crique.com\/wp-content\/uploads\/2022\/10\/1-plage-crtb-PIRIOU-Jacqueline-1024x678.jpg 1024w, https:\/\/www.mirabel-crique.com\/wp-content\/uploads\/2022\/10\/1-plage-crtb-PIRIOU-Jacqueline-300x199.jpg 300w, https:\/\/www.mirabel-crique.com\/wp-content\/uploads\/2022\/10\/1-plage-crtb-PIRIOU-Jacqueline-768x509.jpg 768w, https:\/\/www.mirabel-crique.com\/wp-content\/uploads\/2022\/10\/1-plage-crtb-PIRIOU-Jacqueline.jpg 1200w\" sizes=\"auto, (max-width: 1024px) 100vw, 1024px\" \/><\/figure><div class=\"wp-block-media-text__content\">\n<h2 class=\"wp-block-heading\">Saint-Jacut-de-la-Mer - Die Halbinsel!<\/h2>\n\n\n\n<figure class=\"wp-block-image size-full\"><img loading=\"lazy\" decoding=\"async\" width=\"50\" height=\"8\" src=\"https:\/\/www.mirabel-crique.com\/wp-content\/uploads\/2022\/10\/barre-bleue.png\" alt=\"\" class=\"wp-image-7508\"\/><\/figure>\n\n\n\n<p>\u00d6stlich von <a href=\"https:\/\/www.mirabel-crique.com\/de\/saint-cast-le-guildo\/\" data-type=\"page\" data-id=\"69\">Saint-Cast<\/a>, Wenn Sie den Blick \u00fcber den Horizont schweifen lassen, sehen Sie die Landspitze von Saint-Jacut-de-la-Mer. Einst eine Insel, hat sich Saint-Jacut heute zu einem gem\u00fctlichen, authentischen und friedlichen kleinen Badeort entwickelt. <strong>11 Sandstr\u00e4nde<\/strong> durchziehen die Gemeinde, von wo aus Sie baden, spazieren gehen oder einfach auf Ihrem Handtuch die Sonne genie\u00dfen k\u00f6nnen. Wechseln Sie von einem Ufer zum anderen, um der Sonne und den Gezeiten zu folgen! Im Westen der Halbinsel werden Sie sicherlich den Fischern und Austernz\u00fcchtern von <strong>die Arguenon-Bucht<\/strong> mit seinen Austernparks und Bouchot-Muscheln. \u00d6stlich von Saint-Jacut befinden sich mehrere Str\u00e4nde. <strong>die Bucht von Lancieux<\/strong>, Der Strand ist ein idealer Ort zum Entspannen und f\u00fcr eine Vielzahl von Wassersportaktivit\u00e4ten.<\/p>\n\n\n\n<figure class=\"wp-block-image alignright size-full is-resized\"><img decoding=\"async\" src=\"https:\/\/www.campinglarenaudiere.com\/wp-content\/uploads\/2022\/01\/transat.png\" alt=\"\" class=\"wp-image-1719\" style=\"width:80px;height:85px\"\/><\/figure>\n<\/div><\/div>\n\n\n\n<div style=\"height:30px\" aria-hidden=\"true\" class=\"wp-block-spacer\"><\/div>\n\n\n\n<div class=\"wp-block-media-text alignwide has-media-on-the-right is-stacked-on-mobile front-page-section grey animate right\"><div class=\"wp-block-media-text__content\">\n<p><\/p>\n\n\n\n<h2 class=\"wp-block-heading\" id=\"de-saint-nazaire-a-guerande-la-bretagne-sud-dans-toute-sa-splendeur\">Ein authentisches Dorf an der Smaragdk\u00fcste<\/h2>\n\n\n\n<figure class=\"wp-block-image size-full\"><img decoding=\"async\" src=\"https:\/\/www.campinglarenaudiere.com\/wp-content\/uploads\/2022\/01\/barre-bleue.png\" alt=\"\" class=\"wp-image-2382\"\/><\/figure>\n\n\n\n<p>Wir empfehlen Ihnen au\u00dferdem, durch die kleinen Stra\u00dfen zu schlendern, aus denen der Ort besteht und die typisch bretonisch sind. Sie k\u00f6nnen zwischen den <strong>Steinh\u00e4user<\/strong> und lassen Sie sich auf der Terrasse nieder, um die Atmosph\u00e4re des Marktfleckens zu genie\u00dfen. Der Markt in Saint-Jacut findet jeden Freitag statt, mit dem unumg\u00e4nglichen <strong>Wurstfladen<\/strong>. Finden Sie auch Kreationen lokaler Kunsthandwerker wie die Taschen, die aus den gebrauchten Segeln der Segelschule von Saint-Jacut-de-la-Mer hergestellt wurden.<\/p>\n\n\n\n<p><\/p>\n<\/div><figure class=\"wp-block-media-text__media\"><img loading=\"lazy\" decoding=\"async\" width=\"1024\" height=\"680\" src=\"https:\/\/www.mirabel-crique.com\/wp-content\/uploads\/2022\/10\/2-Saint-Jacut-crtb-LE-GAL-Yannick-1024x680.jpg\" alt=\"Campingplatz in der N\u00e4he der sch\u00f6nsten Str\u00e4nde der Bretagne\" class=\"wp-image-7584 size-full\" srcset=\"https:\/\/www.mirabel-crique.com\/wp-content\/uploads\/2022\/10\/2-Saint-Jacut-crtb-LE-GAL-Yannick-1024x680.jpg 1024w, https:\/\/www.mirabel-crique.com\/wp-content\/uploads\/2022\/10\/2-Saint-Jacut-crtb-LE-GAL-Yannick-300x199.jpg 300w, https:\/\/www.mirabel-crique.com\/wp-content\/uploads\/2022\/10\/2-Saint-Jacut-crtb-LE-GAL-Yannick-768x510.jpg 768w, https:\/\/www.mirabel-crique.com\/wp-content\/uploads\/2022\/10\/2-Saint-Jacut-crtb-LE-GAL-Yannick.jpg 1200w\" sizes=\"auto, (max-width: 1024px) 100vw, 1024px\" \/><\/figure><\/div>\n\n\n\n<div class=\"wp-block-media-text alignwide is-stacked-on-mobile animate left\"><figure class=\"wp-block-media-text__media\"><img loading=\"lazy\" decoding=\"async\" width=\"1024\" height=\"683\" src=\"https:\/\/www.mirabel-crique.com\/wp-content\/uploads\/2022\/11\/3-ebihens-Saint-Jacut-1024x683.jpg\" alt=\"saint jacut de la mer\" class=\"wp-image-8081 size-full\" srcset=\"https:\/\/www.mirabel-crique.com\/wp-content\/uploads\/2022\/11\/3-ebihens-Saint-Jacut-1024x683.jpg 1024w, https:\/\/www.mirabel-crique.com\/wp-content\/uploads\/2022\/11\/3-ebihens-Saint-Jacut-300x200.jpg 300w, https:\/\/www.mirabel-crique.com\/wp-content\/uploads\/2022\/11\/3-ebihens-Saint-Jacut-768x512.jpg 768w, https:\/\/www.mirabel-crique.com\/wp-content\/uploads\/2022\/11\/3-ebihens-Saint-Jacut.jpg 1200w\" sizes=\"auto, (max-width: 1024px) 100vw, 1024px\" \/><\/figure><div class=\"wp-block-media-text__content\">\n<h2 class=\"wp-block-heading\" id=\"nantes-entre-petits-plaisirs-et-balades-historiques\"><strong>Die Inselgruppe der Ebihen<\/strong><\/h2>\n\n\n\n<figure class=\"wp-block-image size-full is-style-default\"><img decoding=\"async\" src=\"https:\/\/www.campinglarenaudiere.com\/wp-content\/uploads\/2022\/01\/barre-bleue.png\" alt=\"\" class=\"wp-image-2382\"\/><\/figure>\n\n\n\n<p>Kleines Juwel der Halbinsel, gelangen Sie bei Ebbe zum Archipel der Ebihens, diesem kleinen <strong>Vogelschutzgebiet<\/strong> die Tausende von Seev\u00f6geln beherbergen. Von Pointe du Chevet aus k\u00f6nnen Sie den Strand \u00fcberqueren, die F\u00fc\u00dfe ins Wasser halten und dieses kleine Paradies am Ende der Welt entdecken. Hier ist der <strong>Panorama <\/strong>ist au\u00dfergew\u00f6hnlich und ver\u00e4ndert sich mit jeder Stunde und jeder Landschaft. Nehmen Sie den Weg durch den Archipel: Sie kommen an kleinen idyllischen Buchten vorbei, einem <strong>Wildvegetation <\/strong>und die einzige Spur, die der Mensch auf dieser Insel hinterlassen hat: der Vauban-Turm.<\/p>\n\n\n\n<p>Achten Sie darauf, dass Sie nicht vom steigenden Wasserstand \u00fcberrascht werden: Denken Sie daran, die <a rel=\"noreferrer noopener\" href=\"http:\/\/maree.info\/54\" target=\"_blank\">Gezeitenzeiten<\/a> vor dem Spaziergang.<\/p>\n\n\n\n<p><a href=\"https:\/\/www.dinan-capfrehel.com\/experiences\/nature-rando\/nos-3-circuist-de-randonnee-a-saint-jacut-de-la-mer\/\" target=\"_blank\" rel=\"noreferrer noopener\">3 Wanderrouten zum Testen, um die Sch\u00f6nheit von Saint-Jacut-de-la-Mer zu entdecken<\/a><\/p>\n<\/div><\/div>\n\n\n\n<p class=\"has-text-align-center texte-rond mt-5 has-large-font-size\">Was es auf dem Campingplatz zu entdecken gibt<\/p>\n\n\n\n<div class=\"wp-block-columns are-vertically-aligned-center h-20 front-page-section grey is-layout-flex wp-container-core-columns-is-layout-28f84493 wp-block-columns-is-layout-flex\">\n<div class=\"wp-block-column is-layout-flow wp-block-column-is-layout-flow\"><\/div>\n\n\n\n<div class=\"wp-block-column is-layout-flow wp-block-column-is-layout-flow\">\n<div class=\"wp-block-create-block-sevgutenberg-navigation\"><aside class=\"encart-sev-navigation small carre\"><a href=\"https:\/\/www.mirabel-crique.com\/de\/campingplatz\/\" class=\"d-flex flex-column align-items-center\"><div class=\"encart-title\"><span>Campingpl\u00e4tze<\/span><\/div><div class=\"vague\"><\/div><img decoding=\"async\" src=\"https:\/\/www.mirabel-crique.com\/wp-content\/uploads\/2022\/10\/emplacement-tente-fort-lalatte.jpg\" alt=\"Zeltplatz mit Meerblick\"\/><div class=\"ligne\"><\/div><div class=\"hover\"><\/div><\/a><\/aside><\/div>\n<\/div>\n\n\n\n<div class=\"wp-block-column is-vertically-aligned-center is-layout-flow wp-block-column-is-layout-flow\">\n<div class=\"wp-block-create-block-sevgutenberg-navigation\"><aside class=\"encart-sev-navigation small carre\"><a href=\"https:\/\/www.mirabel-crique.com\/de\/restaurant-bar-snack\/\" class=\"d-flex flex-column align-items-center\"><div class=\"encart-title\"><span>Snackbar<\/span><\/div><div class=\"vague\"><\/div><img decoding=\"async\" src=\"https:\/\/www.mirabel-crique.com\/wp-content\/uploads\/2022\/10\/bar-la-crique-comptoir.jpg\" alt=\"Theke der Snackbar des Campingplatzes\"\/><div class=\"ligne\"><\/div><div class=\"hover\"><\/div><\/a><\/aside><\/div>\n<\/div>\n\n\n\n<div class=\"wp-block-column is-vertically-aligned-center is-layout-flow wp-block-column-is-layout-flow\">\n<div class=\"wp-block-create-block-sevgutenberg-navigation\"><aside class=\"encart-sev-navigation small carre\"><a href=\"https:\/\/www.mirabel-crique.com\/de\/aktivitaten-sport-freizeit\/\" class=\"d-flex flex-column align-items-center\"><div class=\"encart-title\"><span>Sport und Freizeit<\/span><\/div><div class=\"vague\"><\/div><img decoding=\"async\" src=\"https:\/\/www.mirabel-crique.com\/wp-content\/uploads\/2022\/10\/sport-ballon-crique.jpg\" alt=\"Sport auf dem Campingplatz\"\/><div class=\"ligne\"><\/div><div class=\"hover\"><\/div><\/a><\/aside><\/div>\n<\/div>\n\n\n\n<div class=\"wp-block-column is-layout-flow wp-block-column-is-layout-flow\"><\/div>\n<\/div>","protected":false},"excerpt":{"rendered":"<p>Saint-Jacut-de-la-Mer, ein charmantes Dorf auf der Halbinsel mit 11 Str\u00e4nden, das es auf dem Campingplatz zu entdecken gilt<\/p>","protected":false},"author":1,"featured_media":0,"parent":0,"menu_order":0,"comment_status":"closed","ping_status":"closed","template":"","meta":{"_seopress_robots_primary_cat":"","_seopress_titles_title":"Tourisme \u00e0 visiter C\u00f4te d\u2019Emeraude en Bretagne","_seopress_titles_desc":"Pendant votre s\u00e9jour au camping Les Mielles \u00e0 Saint Cast le Guildo, quelques exemples de destinations touristiques \u00e0 visiter en C\u00f4tes d'Armor","_seopress_robots_index":"","footnotes":""},"class_list":["post-267","page","type-page","status-publish","hentry"],"_links":{"self":[{"href":"https:\/\/www.mirabel-crique.com\/de\/wp-json\/wp\/v2\/pages\/267","targetHints":{"allow":["GET"]}}],"collection":[{"href":"https:\/\/www.mirabel-crique.com\/de\/wp-json\/wp\/v2\/pages"}],"about":[{"href":"https:\/\/www.mirabel-crique.com\/de\/wp-json\/wp\/v2\/types\/page"}],"author":[{"embeddable":true,"href":"https:\/\/www.mirabel-crique.com\/de\/wp-json\/wp\/v2\/users\/1"}],"replies":[{"embeddable":true,"href":"https:\/\/www.mirabel-crique.com\/de\/wp-json\/wp\/v2\/comments?post=267"}],"version-history":[{"count":11,"href":"https:\/\/www.mirabel-crique.com\/de\/wp-json\/wp\/v2\/pages\/267\/revisions"}],"predecessor-version":[{"id":10684,"href":"https:\/\/www.mirabel-crique.com\/de\/wp-json\/wp\/v2\/pages\/267\/revisions\/10684"}],"wp:attachment":[{"href":"https:\/\/www.mirabel-crique.com\/de\/wp-json\/wp\/v2\/media?parent=267"}],"curies":[{"name":"WordPress","href":"https:\/\/api.w.org\/{rel}","templated":true}]}}