{"id":48,"date":"2021-12-10T14:16:36","date_gmt":"2021-12-10T13:16:36","guid":{"rendered":"https:\/\/www.campinglarenaudiere.com\/?page_id=48"},"modified":"2026-04-15T16:58:33","modified_gmt":"2026-04-15T14:58:33","slug":"campingdienste","status":"publish","type":"page","link":"https:\/\/www.mirabel-crique.com\/de\/services-camping\/","title":{"rendered":"Dienste"},"content":{"rendered":"<h1 class=\"wp-block-heading\">Die Dienstleistungen des Campingplatzes La Crique in Saint-Cast-le-Guildo<\/h1>\n\n\n\n<p class=\"has-text-align-center\">Ob mit der Familie oder mit Freunden, verbringen Sie einen heiteren Urlaub auf unserem 3-Sterne-Campingplatz. Der Campingplatz stellt verschiedene Dienstleistungen zur Verf\u00fcgung, um Ihren Aufenthalt zu erleichtern.<\/p>\n\n\n\n<figure class=\"wp-block-image aligncenter size-full\"><img decoding=\"async\" src=\"https:\/\/www.campinglarenaudiere.com\/wp-content\/uploads\/2022\/01\/barre-bleue.png\" alt=\"Stange\" class=\"wp-image-2382\"\/><\/figure>\n\n\n\n<div class=\"wp-block-columns is-layout-flex wp-container-core-columns-is-layout-28f84493 wp-block-columns-is-layout-flex\">\n<div class=\"wp-block-column is-layout-flow wp-block-column-is-layout-flow\" style=\"flex-basis:40%\">\n<div class=\"wp-block-group p-5 is-layout-flow wp-block-group-is-layout-flow\">\n<h2 class=\"wp-block-heading has-text-align-left\">Liste der Dienste<br><\/h2>\n\n\n\n<figure class=\"wp-block-image size-full\"><img decoding=\"async\" src=\"https:\/\/www.campinglarenaudiere.com\/wp-content\/uploads\/2022\/01\/barre-bleue.png\" alt=\"Stange\" class=\"wp-image-2382\"\/><\/figure>\n\n\n\n<p><i class=\"fa fa-wifi\"><\/i> &nbsp;WLAN-Hotspot am Empfang und Wanderer-Ecke<\/p>\n\n\n\n<p><i class=\"fa fa-info-circle\"><\/i> &nbsp; Touristische Informationen<\/p>\n\n\n\n<p><i class=\"fa fa-shopping-cart\"><\/i>&nbsp; Lebensmittelgesch\u00e4ft<\/p>\n\n\n\n<p><i class=\"fa fa-glass-martini-alt\"><\/i>&nbsp; Bar - Restaurant und Verkauf zum Mitnehmen<\/p>\n\n\n\n<p><i class=\"fa fa-tshirt\"><\/i> &nbsp;Waschraum mit Waschmaschinen und Trocknern*.<\/p>\n\n\n\n<p><i class=\"fa fa-baby-carriage\"><\/i> &nbsp; Verleih von Babyausstattung*. <br><em>(Kinderbett, Hochstuhl, Babybadewanne)<\/em><\/p>\n\n\n\n<p><i class=\"fa fa-bed\"><\/i> &nbsp;Vermietung von Bettw\u00e4sche*.<\/p>\n\n\n\n<p><i class=\"fa fa-caravan\"><\/i>&nbsp;Servicebereich f\u00fcr Wohnmobile (Kassettenentleerung)<\/p>\n\n\n\n<p><i class=\"fa fa-bacon\"><\/i> Gemeinschaftliche Grillfeste<\/p>\n\n\n\n<p><i class=\"fa fa-ring\"><\/i> &nbsp;Verleih von Shuffleboard-Spielen<\/p>\n<\/div>\n\n\n\n<p><\/p>\n<\/div>\n\n\n\n<div class=\"wp-block-column is-vertically-aligned-center is-layout-flow wp-block-column-is-layout-flow\" style=\"flex-basis:60%\">\n<div style=\"height:39px\" aria-hidden=\"true\" class=\"wp-block-spacer\"><\/div>\n\n\n\n<h2 class=\"wp-block-heading\">Die Wanderecke f\u00fcr Ihren Komfort auf dem Campingplatz<\/h2>\n\n\n\n<figure class=\"wp-block-image size-full\"><img decoding=\"async\" src=\"https:\/\/www.campinglarenaudiere.com\/wp-content\/uploads\/2022\/01\/barre-bleue.png\" alt=\"Stange\" class=\"wp-image-2382\"\/><\/figure>\n\n\n\n<p>Unser <strong>Campingplatz La Crique in Saint-Cast-le-Guildo<\/strong> hat das Gl\u00fcck, direkt neben dem GR34 zu liegen. Zahlreiche<strong>Wanderer kommen, um dort zu \u00fcbernachten <\/strong>auf einem nackten Stellplatz mit ihrem Zelt. Um den Urlaub f\u00fcr alle zu erleichtern, haben wir ein \u00ab\u00a0<strong>Wanderbereich<\/strong>\u00abEs ist komplett kostenlos. Darin finden Sie das N\u00f6tigste f\u00fcr ein besseres Camping-Erlebnis und mehr Komfort: Gartentisch und Stuhl, Mikrowelle, Wasserkocher, Wasseranschluss und K\u00fchlschrank. Sie k\u00f6nnen auch einen kostenlosen WLAN-Zugang nutzen.<\/p>\n\n\n\n<figure class=\"wp-block-image size-full\"><img loading=\"lazy\" decoding=\"async\" width=\"600\" height=\"400\" src=\"https:\/\/www.mirabel-crique.com\/wp-content\/uploads\/2025\/05\/coin-randonneur-camping.jpg\" alt=\"\" class=\"wp-image-10567\" srcset=\"https:\/\/www.mirabel-crique.com\/wp-content\/uploads\/2025\/05\/coin-randonneur-camping.jpg 600w, https:\/\/www.mirabel-crique.com\/wp-content\/uploads\/2025\/05\/coin-randonneur-camping-300x200.jpg 300w\" sizes=\"auto, (max-width: 600px) 100vw, 600px\" \/><\/figure>\n<\/div>\n<\/div>\n\n\n\n<div class=\"wp-block-media-text has-media-on-the-right is-stacked-on-mobile\"><div class=\"wp-block-media-text__content\">\n<h2 class=\"wp-block-heading\">Geselligkeit vor allem auf dem Campingplatz La Crique in Saint-Cast<\/h2>\n\n\n\n<figure class=\"wp-block-image size-full\"><img decoding=\"async\" src=\"https:\/\/www.campinglarenaudiere.com\/wp-content\/uploads\/2022\/01\/barre-bleue.png\" alt=\"Stange\" class=\"wp-image-2382\"\/><\/figure>\n\n\n\n<p>F\u00fcr Ihr <strong>Fr\u00fchst\u00fcck,<\/strong> Die Campingrezeption hat an alles gedacht. <strong>Brotbestellung<\/strong> und ein Punkt Kaffee, um den Tag bestm\u00f6glich zu beginnen<\/p>\n\n\n\n<p>Im Sommer bestimmen Grillfeste den Rhythmus der Saison! Und manchmal bestimmen sie sogar den Rhythmus der Vor- und Nachsaison bis Ende September. Der Campingplatz stellt Ihnen kostenlos <strong>Gemeinschaftsgrills<\/strong> mit Kohle f\u00fcr Ihr Grillgut und geschmolzenen K\u00e4se! Da sie in der Mitte des Campingplatzes aufgestellt sind, k\u00f6nnen Sie sie nach Belieben nutzen, w\u00e4hrend Ihre Freunde auf Ihrem Stellplatz einen Aperitif zu sich nehmen und gleichzeitig ein Auge auf Ihre Kinder auf dem nahe gelegenen Spielplatz werfen. Auf La Crique wurden die Einrichtungen so konzipiert, dass Sie Ihren Urlaub entspannt und unkompliziert genie\u00dfen k\u00f6nnen!<\/p>\n<\/div><figure class=\"wp-block-media-text__media\"><img loading=\"lazy\" decoding=\"async\" width=\"1024\" height=\"683\" src=\"https:\/\/www.mirabel-crique.com\/wp-content\/uploads\/2022\/10\/barbecue-collectifs-camping-1024x683.jpg\" alt=\"Grillplatz\" class=\"wp-image-7848 size-full\" srcset=\"https:\/\/www.mirabel-crique.com\/wp-content\/uploads\/2022\/10\/barbecue-collectifs-camping-1024x683.jpg 1024w, https:\/\/www.mirabel-crique.com\/wp-content\/uploads\/2022\/10\/barbecue-collectifs-camping-300x200.jpg 300w, https:\/\/www.mirabel-crique.com\/wp-content\/uploads\/2022\/10\/barbecue-collectifs-camping-768x512.jpg 768w, https:\/\/www.mirabel-crique.com\/wp-content\/uploads\/2022\/10\/barbecue-collectifs-camping.jpg 1200w\" sizes=\"auto, (max-width: 1024px) 100vw, 1024px\" \/><\/figure><\/div>\n\n\n\n<p><\/p>\n\n\n\n<h2 class=\"wp-block-heading\">Dienstleistungen in der N\u00e4he<\/h2>\n\n\n\n<p>Nur wenige Autominuten vom Campingplatz entfernt befindet sich das Stadtzentrum von Saint-Cast-le-Guildo. Dort k\u00f6nnen Sie Ihre Eink\u00e4ufe erledigen, Ihren <strong>Brot<\/strong>, Ihre <strong>Fr\u00fcchte<\/strong> und <strong>Gem\u00fcse<\/strong>, Sie k\u00f6nnen sich an den <strong>Tabak-Presse<\/strong>, Sie k\u00f6nnen auch eine Apotheke und alle anderen Dienstleistungen in Ihrer N\u00e4he finden, die Sie ben\u00f6tigen.<\/p>\n\n\n\n<p>Z\u00f6gern Sie nicht, an der Rezeption nach einem Stadtplan des Stadtzentrums zu fragen.<\/p>\n\n\n\n<p class=\"has-text-align-center texte-rond mt-5 has-large-font-size\">Was es auf dem Campingplatz zu entdecken gibt<\/p>\n\n\n\n<div class=\"wp-block-columns h-20 front-page-section grey is-layout-flex wp-container-core-columns-is-layout-28f84493 wp-block-columns-is-layout-flex\">\n<div class=\"wp-block-column is-layout-flow wp-block-column-is-layout-flow\"><\/div>\n\n\n\n<div class=\"wp-block-column is-layout-flow wp-block-column-is-layout-flow\">\n<div class=\"wp-block-create-block-sevgutenberg-navigation\"><aside class=\"encart-sev-navigation small carre\"><a href=\"https:\/\/www.mirabel-crique.com\/de\/aktivitaten-sport-freizeit\/\" class=\"d-flex flex-column align-items-center\"><div class=\"encart-title\"><span>Sport und Freizeit<\/span><\/div><div class=\"vague\"><\/div><img decoding=\"async\" src=\"https:\/\/www.mirabel-crique.com\/wp-content\/uploads\/2022\/10\/2-home-ball-camping-jeu.jpg\" alt=\"\"\/><div class=\"ligne\"><\/div><div class=\"hover\"><\/div><\/a><\/aside><\/div>\n<\/div>\n\n\n\n<div class=\"wp-block-column is-layout-flow wp-block-column-is-layout-flow\">\n<div class=\"wp-block-create-block-sevgutenberg-navigation\"><aside class=\"encart-sev-navigation small carre\"><a href=\"https:\/\/www.mirabel-crique.com\/de\/tarife-fur-die-vermietung-von-mobilheimen\/\" class=\"d-flex flex-column align-items-center\"><div class=\"encart-title\"><span>Die Mobilheime<\/span><\/div><div class=\"vague\"><\/div><img decoding=\"async\" src=\"https:\/\/www.mirabel-crique.com\/wp-content\/uploads\/2022\/10\/1-location-mobil-home-sejour-1.jpg\" alt=\"\"\/><div class=\"ligne\"><\/div><div class=\"hover\"><\/div><\/a><\/aside><\/div>\n<\/div>\n\n\n\n<div class=\"wp-block-column is-layout-flow wp-block-column-is-layout-flow\">\n<div class=\"wp-block-create-block-sevgutenberg-navigation\"><aside class=\"encart-sev-navigation small carre\"><a href=\"https:\/\/www.mirabel-crique.com\/de\/saint-jacut-de-la-mer\/\" class=\"d-flex flex-column align-items-center\"><div class=\"encart-title\"><span>Saint Jacut de la Mer <\/span><\/div><div class=\"vague\"><\/div><img decoding=\"async\" src=\"https:\/\/www.mirabel-crique.com\/wp-content\/uploads\/2022\/10\/2-Saint-Jacut-crtb-LE-GAL-Yannick.jpg\" alt=\"\"\/><div class=\"ligne\"><\/div><div class=\"hover\"><\/div><\/a><\/aside><\/div>\n<\/div>\n\n\n\n<div class=\"wp-block-column is-layout-flow wp-block-column-is-layout-flow\"><\/div>\n<\/div>\n\n\n\n<p><\/p>","protected":false},"excerpt":{"rendered":"<p>Les services du Camping La Crique \u00e0 Saint-Cast-le-Guildo En famille, entre amis, venez passer des vacances sereines dans notre camping [&hellip;]<\/p>\n","protected":false},"author":1,"featured_media":0,"parent":0,"menu_order":0,"comment_status":"closed","ping_status":"closed","template":"","meta":{"_seopress_robots_primary_cat":"","_seopress_titles_title":"Camping avec service sur place \u00e0 Saint Cast le Guildo","_seopress_titles_desc":"Le camping La Crique \u00e0 Saint Cast le Guildo vous propose de nombreux services pour des vacances r\u00e9ussies : pr\u00eat de livres et jeux, point wifi gratuit...","_seopress_robots_index":"","footnotes":""},"class_list":["post-48","page","type-page","status-publish","hentry"],"_links":{"self":[{"href":"https:\/\/www.mirabel-crique.com\/de\/wp-json\/wp\/v2\/pages\/48","targetHints":{"allow":["GET"]}}],"collection":[{"href":"https:\/\/www.mirabel-crique.com\/de\/wp-json\/wp\/v2\/pages"}],"about":[{"href":"https:\/\/www.mirabel-crique.com\/de\/wp-json\/wp\/v2\/types\/page"}],"author":[{"embeddable":true,"href":"https:\/\/www.mirabel-crique.com\/de\/wp-json\/wp\/v2\/users\/1"}],"replies":[{"embeddable":true,"href":"https:\/\/www.mirabel-crique.com\/de\/wp-json\/wp\/v2\/comments?post=48"}],"version-history":[{"count":23,"href":"https:\/\/www.mirabel-crique.com\/de\/wp-json\/wp\/v2\/pages\/48\/revisions"}],"predecessor-version":[{"id":10831,"href":"https:\/\/www.mirabel-crique.com\/de\/wp-json\/wp\/v2\/pages\/48\/revisions\/10831"}],"wp:attachment":[{"href":"https:\/\/www.mirabel-crique.com\/de\/wp-json\/wp\/v2\/media?parent=48"}],"curies":[{"name":"WordPress","href":"https:\/\/api.w.org\/{rel}","templated":true}]}}