{"id":52,"date":"2021-12-10T14:19:51","date_gmt":"2021-12-10T13:19:51","guid":{"rendered":"https:\/\/www.campinglarenaudiere.com\/?page_id=52"},"modified":"2022-10-24T10:33:31","modified_gmt":"2022-10-24T08:33:31","slug":"fotos-camping-crique","status":"publish","type":"page","link":"https:\/\/www.mirabel-crique.com\/de\/photos-camping-crique\/","title":{"rendered":"Fotogalerie"},"content":{"rendered":"<h1 class=\"wp-block-heading\">Fotogalerie des Campingplatzes La Crique in Saint-Cast-le-Guildo<\/h1>\n\n\n\t\t\t<div id=\"sevgallery-802072610\" class=\"sev-diaporama sev-diaporama-portfolio\">\r\n\t\t\t\t<div class=\"row\">\r\n\r\n\t\t\t\t\t\r\n\t\t\t\t\t\t\r\n\t\t\t\t\t\t<div class=\"sev-diaporama-portfolio-item    col-12 col-md\">\r\n\t\t\t\t\t\t\t<a href=\"https:\/\/www.mirabel-crique.com\/wp-content\/uploads\/2022\/10\/bar-restaurant-crique-terrasse2-1-1024x683.jpg\" data-lightbox=\"sevgallery-802072610\" style=\"background-image: url(https:\/\/www.mirabel-crique.com\/wp-content\/uploads\/2022\/10\/bar-restaurant-crique-terrasse2-1-1024x683.jpg)\">\r\n\t\t\t\t\t\t\t\t<img decoding=\"async\" src=\"https:\/\/www.mirabel-crique.com\/wp-content\/uploads\/2022\/10\/bar-restaurant-crique-terrasse2-1-1024x683.jpg\" alt=\"bar restaurant des campingplatzes in der bretagne\" loading=\"lazy\">\r\n\t\t\t\t\t\t\t\t\t\t\t\t\t\t\t<\/a>\r\n\t\t\t\t\t\t<\/div>\r\n\r\n\t\t\t\t\t\t\r\n\t\t\t\t\t\t\t\t\t\t\t\t\t\t\t\t\t\r\n\t\t\t\t\t\t\r\n\t\t\t\t\t\t<div class=\"sev-diaporama-portfolio-item    col-12 col-md\">\r\n\t\t\t\t\t\t\t<a href=\"https:\/\/www.mirabel-crique.com\/wp-content\/uploads\/2022\/10\/camping-arbore-saint-cast-683x1024.jpg\" data-lightbox=\"sevgallery-802072610\" style=\"background-image: url(https:\/\/www.mirabel-crique.com\/wp-content\/uploads\/2022\/10\/camping-arbore-saint-cast-683x1024.jpg)\">\r\n\t\t\t\t\t\t\t\t<img decoding=\"async\" src=\"https:\/\/www.mirabel-crique.com\/wp-content\/uploads\/2022\/10\/camping-arbore-saint-cast-683x1024.jpg\" alt=\"vermietung stellplatz direkter zugang zum strand\" loading=\"lazy\">\r\n\t\t\t\t\t\t\t\t\t\t\t\t\t\t\t<\/a>\r\n\t\t\t\t\t\t<\/div>\r\n\r\n\t\t\t\t\t\t\r\n\t\t\t\t\t\t\t\t\t\t\t\t\t\t\t\t\t\r\n\t\t\t\t\t\t\r\n\t\t\t\t\t\t<div class=\"sev-diaporama-portfolio-item    col-12 col-md  col-grow\">\r\n\t\t\t\t\t\t\t<a href=\"https:\/\/www.mirabel-crique.com\/wp-content\/uploads\/2022\/10\/accueil-camping-crique-1024x683.jpg\" data-lightbox=\"sevgallery-802072610\" style=\"background-image: url(https:\/\/www.mirabel-crique.com\/wp-content\/uploads\/2022\/10\/accueil-camping-crique-1024x683.jpg)\">\r\n\t\t\t\t\t\t\t\t<img decoding=\"async\" src=\"https:\/\/www.mirabel-crique.com\/wp-content\/uploads\/2022\/10\/accueil-camping-crique-1024x683.jpg\" alt=\"Campingplatzempfang\" loading=\"lazy\">\r\n\t\t\t\t\t\t\t\t\t\t\t\t\t\t\t<\/a>\r\n\t\t\t\t\t\t<\/div>\r\n\r\n\t\t\t\t\t\t\r\n\t\t\t\t\t\t\t\t\t\t\t\t\t\t\t\t\t\r\n\t\t\t\t\t\t\r\n\t\t\t\t\t\t<div class=\"sev-diaporama-portfolio-item    col-12 col-md  col-grow\">\r\n\t\t\t\t\t\t\t<a href=\"https:\/\/www.mirabel-crique.com\/wp-content\/uploads\/2022\/10\/emplacement-tente-fort-lalatte-683x1024.jpg\" data-lightbox=\"sevgallery-802072610\" style=\"background-image: url(https:\/\/www.mirabel-crique.com\/wp-content\/uploads\/2022\/10\/emplacement-tente-fort-lalatte-683x1024.jpg)\">\r\n\t\t\t\t\t\t\t\t<img decoding=\"async\" src=\"https:\/\/www.mirabel-crique.com\/wp-content\/uploads\/2022\/10\/emplacement-tente-fort-lalatte-683x1024.jpg\" alt=\"Zeltplatz mit Meerblick\" loading=\"lazy\">\r\n\t\t\t\t\t\t\t\t\t\t\t\t\t\t\t<\/a>\r\n\t\t\t\t\t\t<\/div>\r\n\r\n\t\t\t\t\t\t\t\t\t\t\t\t\t<div class=\"w-100\"><\/div>\r\n\t\t\t\t\t\t\t\t\t\t\t\t\t\r\n\t\t\t\t\t\t\t\t\t\t\t\t\t\t\t\t\t\r\n\t\t\t\t\t\t\r\n\t\t\t\t\t\t<div class=\"sev-diaporama-portfolio-item    col-12 col-md  col-grow\">\r\n\t\t\t\t\t\t\t<a href=\"https:\/\/www.mirabel-crique.com\/wp-content\/uploads\/2022\/10\/allee-camping-plage-mare-1024x769.jpg\" data-lightbox=\"sevgallery-802072610\" style=\"background-image: url(https:\/\/www.mirabel-crique.com\/wp-content\/uploads\/2022\/10\/allee-camping-plage-mare-1024x769.jpg)\">\r\n\t\t\t\t\t\t\t\t<img decoding=\"async\" src=\"https:\/\/www.mirabel-crique.com\/wp-content\/uploads\/2022\/10\/allee-camping-plage-mare-1024x769.jpg\" alt=\"Vermietung Mobilheim Camping Bretagne\" loading=\"lazy\">\r\n\t\t\t\t\t\t\t\t\t\t\t\t\t\t\t<\/a>\r\n\t\t\t\t\t\t<\/div>\r\n\r\n\t\t\t\t\t\t\r\n\t\t\t\t\t\t\t\t\t\t\t\t\t\t\t\t\t\r\n\t\t\t\t\t\t\r\n\t\t\t\t\t\t<div class=\"sev-diaporama-portfolio-item    col-12 col-md  col-shrink\">\r\n\t\t\t\t\t\t\t<a href=\"https:\/\/www.mirabel-crique.com\/wp-content\/uploads\/2022\/10\/bar-restaurant-burger-1024x929.jpg\" data-lightbox=\"sevgallery-802072610\" style=\"background-image: url(https:\/\/www.mirabel-crique.com\/wp-content\/uploads\/2022\/10\/bar-restaurant-burger-1024x929.jpg)\">\r\n\t\t\t\t\t\t\t\t<img decoding=\"async\" src=\"https:\/\/www.mirabel-crique.com\/wp-content\/uploads\/2022\/10\/bar-restaurant-burger-1024x929.jpg\" alt=\"camping restaurant in der Bretagne\" loading=\"lazy\">\r\n\t\t\t\t\t\t\t\t\t\t\t\t\t\t\t<\/a>\r\n\t\t\t\t\t\t<\/div>\r\n\r\n\t\t\t\t\t\t\r\n\t\t\t\t\t\t\t\t\t\t\t\t\t\t\t\t\t\r\n\t\t\t\t\t\t\r\n\t\t\t\t\t\t<div class=\"sev-diaporama-portfolio-item    col-12 col-md  col-shrink\">\r\n\t\t\t\t\t\t\t<a href=\"https:\/\/www.mirabel-crique.com\/wp-content\/uploads\/2022\/10\/camping-tente-saint-cast-mer-1024x769.jpg\" data-lightbox=\"sevgallery-802072610\" style=\"background-image: url(https:\/\/www.mirabel-crique.com\/wp-content\/uploads\/2022\/10\/camping-tente-saint-cast-mer-1024x769.jpg)\">\r\n\t\t\t\t\t\t\t\t<img decoding=\"async\" src=\"https:\/\/www.mirabel-crique.com\/wp-content\/uploads\/2022\/10\/camping-tente-saint-cast-mer-1024x769.jpg\" alt=\"Lage direkter Zugang zum Strand\" loading=\"lazy\">\r\n\t\t\t\t\t\t\t\t\t\t\t\t\t\t\t<\/a>\r\n\t\t\t\t\t\t<\/div>\r\n\r\n\t\t\t\t\t\t\r\n\t\t\t\t\t\t\t\t\t\t\t\t\t\t\t\t\t\r\n\t\t\t\t\t\t\r\n\t\t\t\t\t\t<div class=\"sev-diaporama-portfolio-item    col-12 col-md  col-grow\">\r\n\t\t\t\t\t\t\t<a href=\"https:\/\/www.mirabel-crique.com\/wp-content\/uploads\/2022\/10\/caravane-camping-nature-crique-1024x683.jpg\" data-lightbox=\"sevgallery-802072610\" style=\"background-image: url(https:\/\/www.mirabel-crique.com\/wp-content\/uploads\/2022\/10\/caravane-camping-nature-crique-1024x683.jpg)\">\r\n\t\t\t\t\t\t\t\t<img decoding=\"async\" src=\"https:\/\/www.mirabel-crique.com\/wp-content\/uploads\/2022\/10\/caravane-camping-nature-crique-1024x683.jpg\" alt=\"vermietung stellplatz camping\" loading=\"lazy\">\r\n\t\t\t\t\t\t\t\t\t\t\t\t\t\t\t<\/a>\r\n\t\t\t\t\t\t<\/div>\r\n\r\n\t\t\t\t\t\t\t\t\t\t\t\t\t<div class=\"w-100\"><\/div>\r\n\t\t\t\t\t\t\t\t\t\t\t\t\t\r\n\t\t\t\t\t\t\t\t\t\t\t\t\t\t\t\t\t\r\n\t\t\t\t\t\t\r\n\t\t\t\t\t\t<div class=\"sev-diaporama-portfolio-item    col-12 col-md  col-grow\">\r\n\t\t\t\t\t\t\t<a href=\"https:\/\/www.mirabel-crique.com\/wp-content\/uploads\/2022\/10\/emplacement-caravane-crique-1-1024x769.jpg\" data-lightbox=\"sevgallery-802072610\" style=\"background-image: url(https:\/\/www.mirabel-crique.com\/wp-content\/uploads\/2022\/10\/emplacement-caravane-crique-1-1024x769.jpg)\">\r\n\t\t\t\t\t\t\t\t<img decoding=\"async\" src=\"https:\/\/www.mirabel-crique.com\/wp-content\/uploads\/2022\/10\/emplacement-caravane-crique-1-1024x769.jpg\" alt=\"Wohnwagenplatz mit Meerblick\" loading=\"lazy\">\r\n\t\t\t\t\t\t\t\t\t\t\t\t\t\t\t<\/a>\r\n\t\t\t\t\t\t<\/div>\r\n\r\n\t\t\t\t\t\t\r\n\t\t\t\t\t\t\t\t\t\t\t\t\t\t\t\t\t\r\n\t\t\t\t\t\t\r\n\t\t\t\t\t\t<div class=\"sev-diaporama-portfolio-item    col-12 col-md\">\r\n\t\t\t\t\t\t\t<a href=\"https:\/\/www.mirabel-crique.com\/wp-content\/uploads\/2022\/10\/galette-bretonne-specialite2-1024x820.jpg\" data-lightbox=\"sevgallery-802072610\" style=\"background-image: url(https:\/\/www.mirabel-crique.com\/wp-content\/uploads\/2022\/10\/galette-bretonne-specialite2-1024x820.jpg)\">\r\n\t\t\t\t\t\t\t\t<img decoding=\"async\" src=\"https:\/\/www.mirabel-crique.com\/wp-content\/uploads\/2022\/10\/galette-bretonne-specialite2-1024x820.jpg\" alt=\"bretonische Galette auf dem Campingplatz\" loading=\"lazy\">\r\n\t\t\t\t\t\t\t\t\t\t\t\t\t\t\t<\/a>\r\n\t\t\t\t\t\t<\/div>\r\n\r\n\t\t\t\t\t\t\r\n\t\t\t\t\t\t\t\t\t\t\t\t\t\t\t\t\t\r\n\t\t\t\t\t\t\r\n\t\t\t\t\t\t<div class=\"sev-diaporama-portfolio-item    col-12 col-md  col-shrink\">\r\n\t\t\t\t\t\t\t<a href=\"https:\/\/www.mirabel-crique.com\/wp-content\/uploads\/2022\/10\/kouign-aman-breton-768x1024.jpg\" data-lightbox=\"sevgallery-802072610\" style=\"background-image: url(https:\/\/www.mirabel-crique.com\/wp-content\/uploads\/2022\/10\/kouign-aman-breton-768x1024.jpg)\">\r\n\t\t\t\t\t\t\t\t<img decoding=\"async\" src=\"https:\/\/www.mirabel-crique.com\/wp-content\/uploads\/2022\/10\/kouign-aman-breton-768x1024.jpg\" alt=\"camping im Herzen der Natur in der Bretagne\" loading=\"lazy\">\r\n\t\t\t\t\t\t\t\t\t\t\t\t\t\t\t<\/a>\r\n\t\t\t\t\t\t<\/div>\r\n\r\n\t\t\t\t\t\t\r\n\t\t\t\t\t\t\t\t\t\t\t\t\t\t\t\t\t\r\n\t\t\t\t\t\t\r\n\t\t\t\t\t\t<div class=\"sev-diaporama-portfolio-item    col-12 col-md  col-grow\">\r\n\t\t\t\t\t\t\t<a href=\"https:\/\/www.mirabel-crique.com\/wp-content\/uploads\/2022\/10\/la-crique-camping-nature-1024x768.jpg\" data-lightbox=\"sevgallery-802072610\" style=\"background-image: url(https:\/\/www.mirabel-crique.com\/wp-content\/uploads\/2022\/10\/la-crique-camping-nature-1024x768.jpg)\">\r\n\t\t\t\t\t\t\t\t<img decoding=\"async\" src=\"https:\/\/www.mirabel-crique.com\/wp-content\/uploads\/2022\/10\/la-crique-camping-nature-1024x768.jpg\" alt=\"vermietung direkter Zugang zum Strand Bretagne\" loading=\"lazy\">\r\n\t\t\t\t\t\t\t\t\t\t\t\t\t\t\t<\/a>\r\n\t\t\t\t\t\t<\/div>\r\n\r\n\t\t\t\t\t\t\t\t\t\t\t\t\t<div class=\"w-100\"><\/div>\r\n\t\t\t\t\t\t\t\t\t\t\t\t\t\r\n\t\t\t\t\t\t\t\t\t\t\t\t\t\t\t\t\t\r\n\t\t\t\t\t\t\r\n\t\t\t\t\t\t<div class=\"sev-diaporama-portfolio-item    col-12 col-md  col-shrink\">\r\n\t\t\t\t\t\t\t<a href=\"https:\/\/www.mirabel-crique.com\/wp-content\/uploads\/2022\/10\/la-crique-plage-1-1024x683.jpg\" data-lightbox=\"sevgallery-802072610\" style=\"background-image: url(https:\/\/www.mirabel-crique.com\/wp-content\/uploads\/2022\/10\/la-crique-plage-1-1024x683.jpg)\">\r\n\t\t\t\t\t\t\t\t<img decoding=\"async\" src=\"https:\/\/www.mirabel-crique.com\/wp-content\/uploads\/2022\/10\/la-crique-plage-1-1024x683.jpg\" alt=\"Campingplatz mit direktem Zugang zum Strand\" loading=\"lazy\">\r\n\t\t\t\t\t\t\t\t\t\t\t\t\t\t\t<\/a>\r\n\t\t\t\t\t\t<\/div>\r\n\r\n\t\t\t\t\t\t\r\n\t\t\t\t\t\t\t\t\t\t\t\t\t\t\t\t\t\r\n\t\t\t\t\t\t\r\n\t\t\t\t\t\t<div class=\"sev-diaporama-portfolio-item    col-12 col-md  col-shrink\">\r\n\t\t\t\t\t\t\t<a href=\"https:\/\/www.mirabel-crique.com\/wp-content\/uploads\/2022\/10\/location-vacances-saint-cast-769x1024.jpg\" data-lightbox=\"sevgallery-802072610\" style=\"background-image: url(https:\/\/www.mirabel-crique.com\/wp-content\/uploads\/2022\/10\/location-vacances-saint-cast-769x1024.jpg)\">\r\n\t\t\t\t\t\t\t\t<img decoding=\"async\" src=\"https:\/\/www.mirabel-crique.com\/wp-content\/uploads\/2022\/10\/location-vacances-saint-cast-769x1024.jpg\" alt=\"vermietung mobil home direkter zugang zum strand\" loading=\"lazy\">\r\n\t\t\t\t\t\t\t\t\t\t\t\t\t\t\t<\/a>\r\n\t\t\t\t\t\t<\/div>\r\n\r\n\t\t\t\t\t\t\r\n\t\t\t\t\t\t\t\t\t\t\t\t\t\t\t\t\t\r\n\t\t\t\t\t\t\r\n\t\t\t\t\t\t<div class=\"sev-diaporama-portfolio-item    col-12 col-md  col-shrink\">\r\n\t\t\t\t\t\t\t<a href=\"https:\/\/www.mirabel-crique.com\/wp-content\/uploads\/2022\/10\/mobil-home-saint-cast-plage-Mare-1024x769.jpg\" data-lightbox=\"sevgallery-802072610\" style=\"background-image: url(https:\/\/www.mirabel-crique.com\/wp-content\/uploads\/2022\/10\/mobil-home-saint-cast-plage-Mare-1024x769.jpg)\">\r\n\t\t\t\t\t\t\t\t<img decoding=\"async\" src=\"https:\/\/www.mirabel-crique.com\/wp-content\/uploads\/2022\/10\/mobil-home-saint-cast-plage-Mare-1024x769.jpg\" alt=\"vermietung mobilheim mit meerblick\" loading=\"lazy\">\r\n\t\t\t\t\t\t\t\t\t\t\t\t\t\t\t<\/a>\r\n\t\t\t\t\t\t<\/div>\r\n\r\n\t\t\t\t\t\t\r\n\t\t\t\t\t\t\t\t\t\t\t\t\t\t\t\t\t\r\n\t\t\t\t\t\t\r\n\t\t\t\t\t\t<div class=\"sev-diaporama-portfolio-item    col-12 col-md  col-grow\">\r\n\t\t\t\t\t\t\t<a href=\"https:\/\/www.mirabel-crique.com\/wp-content\/uploads\/2022\/10\/plage-de-la-mare-1024x769.jpg\" data-lightbox=\"sevgallery-802072610\" style=\"background-image: url(https:\/\/www.mirabel-crique.com\/wp-content\/uploads\/2022\/10\/plage-de-la-mare-1024x769.jpg)\">\r\n\t\t\t\t\t\t\t\t<img decoding=\"async\" src=\"https:\/\/www.mirabel-crique.com\/wp-content\/uploads\/2022\/10\/plage-de-la-mare-1024x769.jpg\" alt=\"Wanderweg in der N\u00e4he des Campingplatzes\" loading=\"lazy\">\r\n\t\t\t\t\t\t\t\t\t\t\t\t\t\t\t<\/a>\r\n\t\t\t\t\t\t<\/div>\r\n\r\n\t\t\t\t\t\t\t\t\t\t\t\t\t<div class=\"w-100\"><\/div>\r\n\t\t\t\t\t\t\t\t\t\t\t\t\t\r\n\t\t\t\t\t\t\t\t\t\t\t\t\t\t\t\t\t\r\n\t\t\t\t\t\t\r\n\t\t\t\t\t\t<div class=\"sev-diaporama-portfolio-item    col-12 col-md  col-grow\">\r\n\t\t\t\t\t\t\t<a href=\"https:\/\/www.mirabel-crique.com\/wp-content\/uploads\/2022\/10\/point-vue-fort-lalatte-769x1024.jpg\" data-lightbox=\"sevgallery-802072610\" style=\"background-image: url(https:\/\/www.mirabel-crique.com\/wp-content\/uploads\/2022\/10\/point-vue-fort-lalatte-769x1024.jpg)\">\r\n\t\t\t\t\t\t\t\t<img decoding=\"async\" src=\"https:\/\/www.mirabel-crique.com\/wp-content\/uploads\/2022\/10\/point-vue-fort-lalatte-769x1024.jpg\" alt=\"Wanderweg in der N\u00e4he des Campingplatzes\" loading=\"lazy\">\r\n\t\t\t\t\t\t\t\t\t\t\t\t\t\t\t<\/a>\r\n\t\t\t\t\t\t<\/div>\r\n\r\n\t\t\t\t\t\t\r\n\t\t\t\t\t\t\t\t\t\t\t\t\t\t\t\t\t\r\n\t\t\t\t\t\t\r\n\t\t\t\t\t\t<div class=\"sev-diaporama-portfolio-item    col-12 col-md\">\r\n\t\t\t\t\t\t\t<a href=\"https:\/\/www.mirabel-crique.com\/wp-content\/uploads\/2022\/10\/randonnee-gr34-1-1024x683.jpg\" data-lightbox=\"sevgallery-802072610\" style=\"background-image: url(https:\/\/www.mirabel-crique.com\/wp-content\/uploads\/2022\/10\/randonnee-gr34-1-1024x683.jpg)\">\r\n\t\t\t\t\t\t\t\t<img decoding=\"async\" src=\"https:\/\/www.mirabel-crique.com\/wp-content\/uploads\/2022\/10\/randonnee-gr34-1-1024x683.jpg\" alt=\"wandern in der N\u00e4he des Campingplatzes\" loading=\"lazy\">\r\n\t\t\t\t\t\t\t\t\t\t\t\t\t\t\t<\/a>\r\n\t\t\t\t\t\t<\/div>\r\n\r\n\t\t\t\t\t\t\r\n\t\t\t\t\t\t\t\t\t\t\t\t\t\t\t\t\t\r\n\t\t\t\t\t\t\r\n\t\t\t\t\t\t<div class=\"sev-diaporama-portfolio-item    col-12 col-md  col-grow\">\r\n\t\t\t\t\t\t\t<a href=\"https:\/\/www.mirabel-crique.com\/wp-content\/uploads\/2022\/10\/restaurant-terrasse-crique-1024x683.jpg\" data-lightbox=\"sevgallery-802072610\" style=\"background-image: url(https:\/\/www.mirabel-crique.com\/wp-content\/uploads\/2022\/10\/restaurant-terrasse-crique-1024x683.jpg)\">\r\n\t\t\t\t\t\t\t\t<img decoding=\"async\" src=\"https:\/\/www.mirabel-crique.com\/wp-content\/uploads\/2022\/10\/restaurant-terrasse-crique-1024x683.jpg\" alt=\"camping restaurant in der Bretagne\" loading=\"lazy\">\r\n\t\t\t\t\t\t\t\t\t\t\t\t\t\t\t<\/a>\r\n\t\t\t\t\t\t<\/div>\r\n\r\n\t\t\t\t\t\t\r\n\t\t\t\t\t\t\t\t\t\t\t\t\t\t\t\t\t\r\n\t\t\t\t\t\t\r\n\t\t\t\t\t\t<div class=\"sev-diaporama-portfolio-item    col-12 col-md\">\r\n\t\t\t\t\t\t\t<a href=\"https:\/\/www.mirabel-crique.com\/wp-content\/uploads\/2022\/10\/sentier-randonnee-marche-768x1024.jpg\" data-lightbox=\"sevgallery-802072610\" style=\"background-image: url(https:\/\/www.mirabel-crique.com\/wp-content\/uploads\/2022\/10\/sentier-randonnee-marche-768x1024.jpg)\">\r\n\t\t\t\t\t\t\t\t<img decoding=\"async\" src=\"https:\/\/www.mirabel-crique.com\/wp-content\/uploads\/2022\/10\/sentier-randonnee-marche-768x1024.jpg\" alt=\"Wanderweg in der N\u00e4he des Campingplatzes\" loading=\"lazy\">\r\n\t\t\t\t\t\t\t\t\t\t\t\t\t\t\t<\/a>\r\n\t\t\t\t\t\t<\/div>\r\n\r\n\t\t\t\t\t\t\t\t\t\t\t\t\t<div class=\"w-100\"><\/div>\r\n\t\t\t\t\t\t\t\t\t\t\t\t\t\r\n\t\t\t\t\t\t\t\t\t\t\t\t\t\t\t\t\t\r\n\t\t\t\t\t\t\r\n\t\t\t\t\t\t<div class=\"sev-diaporama-portfolio-item    col-12 col-md  col-shrink\">\r\n\t\t\t\t\t\t\t<a href=\"https:\/\/www.mirabel-crique.com\/wp-content\/uploads\/2022\/10\/service-bar-restaurant-crique-1-1024x683.jpg\" data-lightbox=\"sevgallery-802072610\" style=\"background-image: url(https:\/\/www.mirabel-crique.com\/wp-content\/uploads\/2022\/10\/service-bar-restaurant-crique-1-1024x683.jpg)\">\r\n\t\t\t\t\t\t\t\t<img decoding=\"async\" src=\"https:\/\/www.mirabel-crique.com\/wp-content\/uploads\/2022\/10\/service-bar-restaurant-crique-1-1024x683.jpg\" alt=\"Snackbar des Campingplatzes\" loading=\"lazy\">\r\n\t\t\t\t\t\t\t\t\t\t\t\t\t\t\t<\/a>\r\n\t\t\t\t\t\t<\/div>\r\n\r\n\t\t\t\t\t\t\r\n\t\t\t\t\t\t\t\t\t\t\t\t\t\t\t\t\t\r\n\t\t\t\t\t\t\r\n\t\t\t\t\t\t<div class=\"sev-diaporama-portfolio-item    col-12 col-md\">\r\n\t\t\t\t\t\t\t<a href=\"https:\/\/www.mirabel-crique.com\/wp-content\/uploads\/2022\/10\/aire-jeux-crique-1024x683.jpg\" data-lightbox=\"sevgallery-802072610\" style=\"background-image: url(https:\/\/www.mirabel-crique.com\/wp-content\/uploads\/2022\/10\/aire-jeux-crique-1024x683.jpg)\">\r\n\t\t\t\t\t\t\t\t<img decoding=\"async\" src=\"https:\/\/www.mirabel-crique.com\/wp-content\/uploads\/2022\/10\/aire-jeux-crique-1024x683.jpg\" alt=\"Spielplatz\" loading=\"lazy\">\r\n\t\t\t\t\t\t\t\t\t\t\t\t\t\t\t<\/a>\r\n\t\t\t\t\t\t<\/div>\r\n\r\n\t\t\t\t\t\t\r\n\t\t\t\t\t\t\t\t\t\t\t\t\t\t\t\t\t\r\n\t\t\t\t\t\t\r\n\t\t\t\t\t\t<div class=\"sev-diaporama-portfolio-item  limitsm  col-12 col-md  col-grow last-visible\">\r\n\t\t\t\t\t\t\t<a href=\"https:\/\/www.mirabel-crique.com\/wp-content\/uploads\/2022\/10\/snac-bar-crique-accueil-576x1024.jpg\" data-lightbox=\"sevgallery-802072610\" style=\"background-image: url(https:\/\/www.mirabel-crique.com\/wp-content\/uploads\/2022\/10\/snac-bar-crique-accueil-576x1024.jpg)\">\r\n\t\t\t\t\t\t\t\t<img decoding=\"async\" src=\"https:\/\/www.mirabel-crique.com\/wp-content\/uploads\/2022\/10\/snac-bar-crique-accueil-576x1024.jpg\" alt=\"Campingplatz mit Snackbar in der Bretagne\" loading=\"lazy\">\r\n\t\t\t\t\t\t\t\t\t\t\t\t\t\t\t\t\t<img decoding=\"async\" src=\"https:\/\/www.mirabel-crique.com\/wp-content\/themes\/lacrique\/assets\/img\/voir-photos.png\" alt=\"\" \/>\r\n\t\t\t\t\t\t\t\t\t<span>Alle Fotos anzeigen<\/span>\r\n\t\t\t\t\t\t\t\t\t\t\t\t\t\t\t<\/a>\r\n\t\t\t\t\t\t<\/div>\r\n\r\n\t\t\t\t\t\t\r\n\t\t\t\t\t\t\t\t\t\t\t\t\t\t\t\t\t\t\t\t\t<\/div>\r\n\t\t\t<\/div>\r\n\r\n\t\t\t<script>\r\n\t\t\tjQuery(function($) {\r\n\r\n\t\t\t\tvar marginPortfolio = function() {\r\n\r\n\t\t\t\t\tvar $diapo          = $('#sevgallery-802072610');\r\n\t\t\t\t\tvar container_width = $diapo.parent().outerWidth();\r\n\t\t\t\t\tvar side            = ( $(window).innerWidth() - container_width ) \/ 2;\r\n\r\n\t\t\t\t\t$diapo.css( {\r\n\t\t\t\t\t\t'margin-left': '-' + side + 'px',\r\n\t\t\t\t\t\t'margin-right': '-' + side + 'px',\r\n\t\t\t\t\t} );\r\n\t\t\t\t};\r\n\r\n\t\t\t\t$( window ).resize( function() {\r\n\t\t\t\t\tmarginPortfolio();\r\n\t\t\t\t} );\r\n\t\t\t\tmarginPortfolio();\r\n\t\t\t});\r\n\t\t\t<\/script>","protected":false},"excerpt":{"rendered":"<p>Fotogalerie des Campingplatzes La Crique in Saint-Cast-le-Guildo<\/p>","protected":false},"author":1,"featured_media":0,"parent":0,"menu_order":0,"comment_status":"closed","ping_status":"closed","template":"","meta":{"_seopress_robots_primary_cat":"","_seopress_titles_title":"Photos du camping La Crique \u00e0 Saint Cast le Guildo","_seopress_titles_desc":"Retrouvez ici la galerie de photos du camping La Crique \u00e0 Saint Cast le Guildo ! Ambiance de vacances et de d\u00e9tente pour toute la famille.","_seopress_robots_index":"","footnotes":""},"class_list":["post-52","page","type-page","status-publish","hentry"],"_links":{"self":[{"href":"https:\/\/www.mirabel-crique.com\/de\/wp-json\/wp\/v2\/pages\/52","targetHints":{"allow":["GET"]}}],"collection":[{"href":"https:\/\/www.mirabel-crique.com\/de\/wp-json\/wp\/v2\/pages"}],"about":[{"href":"https:\/\/www.mirabel-crique.com\/de\/wp-json\/wp\/v2\/types\/page"}],"author":[{"embeddable":true,"href":"https:\/\/www.mirabel-crique.com\/de\/wp-json\/wp\/v2\/users\/1"}],"replies":[{"embeddable":true,"href":"https:\/\/www.mirabel-crique.com\/de\/wp-json\/wp\/v2\/comments?post=52"}],"version-history":[{"count":3,"href":"https:\/\/www.mirabel-crique.com\/de\/wp-json\/wp\/v2\/pages\/52\/revisions"}],"predecessor-version":[{"id":7487,"href":"https:\/\/www.mirabel-crique.com\/de\/wp-json\/wp\/v2\/pages\/52\/revisions\/7487"}],"wp:attachment":[{"href":"https:\/\/www.mirabel-crique.com\/de\/wp-json\/wp\/v2\/media?parent=52"}],"curies":[{"name":"WordPress","href":"https:\/\/api.w.org\/{rel}","templated":true}]}}