{"id":69,"date":"2021-12-10T14:25:41","date_gmt":"2021-12-10T13:25:41","guid":{"rendered":"https:\/\/www.campinglarenaudiere.com\/?page_id=69"},"modified":"2026-04-16T14:37:41","modified_gmt":"2026-04-16T12:37:41","slug":"saint-cast-le-guildo","status":"publish","type":"page","link":"https:\/\/www.mirabel-crique.com\/de\/saint-cast-le-guildo\/","title":{"rendered":"Saint-Cast-le-Guildo"},"content":{"rendered":"<h1 class=\"wp-block-heading\">Leben Sie im Rhythmus des Badeortes Saint-Cast-le-Guildo<\/h1>\n\n\n\n<p class=\"has-text-align-center\">Ungef\u00e4hr 1h30 von Rennes entfernt ist Saint-Cast-le-Guildo ein charmanter Badeort<strong> an der Smaragdk\u00fcste<\/strong> , dessen Name auf die Sch\u00f6nheit und Farbe des Meeres zur\u00fcckgeht. Entdecken Sie diese Gemeinde <strong>des C\u00f4tes d\u2019Armor <\/strong>an der K\u00fcste und lassen Sie sich vom Rhythmus der Gezeiten wiegen.<\/p>\n\n\n\n<figure class=\"wp-block-image aligncenter size-full\"><img loading=\"lazy\" decoding=\"async\" width=\"50\" height=\"8\" src=\"https:\/\/www.mirabel-crique.com\/wp-content\/uploads\/2022\/11\/barre-bleue.png\" alt=\"\" class=\"wp-image-8062\"\/><\/figure>\n\n\n\n<div class=\"wp-block-media-text alignwide has-media-on-the-right is-stacked-on-mobile is-vertically-aligned-center is-image-fill-element is-style-default animate right\"><div class=\"wp-block-media-text__content\">\n<h2 class=\"wp-block-heading\">Saint-Cast, Badeort auf der Halbinsel<\/h2>\n\n\n\n<figure class=\"wp-block-image size-full\"><img loading=\"lazy\" decoding=\"async\" width=\"50\" height=\"8\" src=\"https:\/\/www.mirabel-crique.com\/wp-content\/uploads\/2022\/10\/barre-bleue.png\" alt=\"\" class=\"wp-image-7508\"\/><\/figure>\n\n\n\n<p>Die Stadt wurde zu einem <strong>Badeort<\/strong> als der Maler Alfred Marinier 1870 beschloss, hier das H\u00f4tel de la Plage zu errichten. Lassen Sie sich wie er von der Sch\u00f6nheit dieses Ortes verzaubern, der eine Mischung aus farbenfrohen und kontrastreichen Landschaften ist. Genie\u00dfen Sie den Grande Plage mit seinen Umkleidekabinen oder w\u00e4hlen Sie eine der zahlreichen Buchten in der Umgebung. Saint-Cast-le-Guildo, das ist auch <strong>7 Str\u00e4nde mit feinem Sand<\/strong> inmitten der Klippen. Heute ist es ein lebendiger Ort, an dem Sie im Sommer einen belebten Platz, zahlreiche Gesch\u00e4fte und <a href=\"https:\/\/www.mirabel-crique.com\/de\/gute-adressen-links\/\" data-type=\"page\" data-id=\"73\">Aktivit\u00e4ten f\u00fcr die ganze Familie<\/a>.<\/p>\n\n\n\n<figure class=\"wp-block-image aligncenter size-full is-resized\"><img decoding=\"async\" src=\"https:\/\/www.campinglarenaudiere.com\/wp-content\/uploads\/2022\/01\/Vagues.png\" alt=\"Wellen am Meer\" class=\"wp-image-1794\" style=\"width:245px;height:42px\"\/><\/figure>\n<\/div><figure class=\"wp-block-media-text__media\"><img loading=\"lazy\" decoding=\"async\" width=\"769\" height=\"1024\" src=\"https:\/\/www.mirabel-crique.com\/wp-content\/uploads\/2022\/10\/1-villa-belle-epoque-st-cast-2-769x1024.jpg\" alt=\"Villa im Herzen des Badeortes Saint Cast le Guildo\" class=\"wp-image-7565 size-full\" style=\"object-position:43% 30%\" srcset=\"https:\/\/www.mirabel-crique.com\/wp-content\/uploads\/2022\/10\/1-villa-belle-epoque-st-cast-2-769x1024.jpg 769w, https:\/\/www.mirabel-crique.com\/wp-content\/uploads\/2022\/10\/1-villa-belle-epoque-st-cast-2-225x300.jpg 225w, https:\/\/www.mirabel-crique.com\/wp-content\/uploads\/2022\/10\/1-villa-belle-epoque-st-cast-2-768x1023.jpg 768w, https:\/\/www.mirabel-crique.com\/wp-content\/uploads\/2022\/10\/1-villa-belle-epoque-st-cast-2.jpg 901w\" sizes=\"auto, (max-width: 769px) 100vw, 769px\" \/><\/figure><\/div>\n\n\n\n<div style=\"height:16px\" aria-hidden=\"true\" class=\"wp-block-spacer\"><\/div>\n\n\n\n<div class=\"wp-block-media-text alignwide is-stacked-on-mobile is-vertically-aligned-center animate left front-page-section grey\"><figure class=\"wp-block-media-text__media\"><img loading=\"lazy\" decoding=\"async\" width=\"1024\" height=\"682\" src=\"https:\/\/www.mirabel-crique.com\/wp-content\/uploads\/2022\/10\/2-legumes-marche-local-pixabay-1024x682.jpg\" alt=\"\" class=\"wp-image-7569 size-full\" srcset=\"https:\/\/www.mirabel-crique.com\/wp-content\/uploads\/2022\/10\/2-legumes-marche-local-pixabay-1024x682.jpg 1024w, https:\/\/www.mirabel-crique.com\/wp-content\/uploads\/2022\/10\/2-legumes-marche-local-pixabay-300x200.jpg 300w, https:\/\/www.mirabel-crique.com\/wp-content\/uploads\/2022\/10\/2-legumes-marche-local-pixabay-768x511.jpg 768w, https:\/\/www.mirabel-crique.com\/wp-content\/uploads\/2022\/10\/2-legumes-marche-local-pixabay.jpg 1200w\" sizes=\"auto, (max-width: 1024px) 100vw, 1024px\" \/><\/figure><div class=\"wp-block-media-text__content\">\n<figure class=\"wp-block-image alignright size-full is-resized\"><img decoding=\"async\" src=\"https:\/\/www.campinglarenaudiere.com\/wp-content\/uploads\/2022\/01\/etoile.png\" alt=\"Seestern\" class=\"wp-image-2111\" style=\"width:80px;height:82px\"\/><\/figure>\n\n\n\n<h2 class=\"wp-block-heading\">Die Sommeranimationen<\/h2>\n\n\n\n<figure class=\"wp-block-image size-full\"><img decoding=\"async\" src=\"https:\/\/www.campinglarenaudiere.com\/wp-content\/uploads\/2022\/01\/barre-bleue.png\" alt=\"\" class=\"wp-image-2382\"\/><\/figure>\n\n\n\n<p>Den ganzen Sommer lang, <strong>mehrere Orte beleben sich<\/strong> in der Stadt Saint-Cast-le-Guildo. Wie w\u00e4re es unter den zahlreichen Animationen damit, eine <strong>bretonischer Tanz<\/strong> im Square Pellion, h\u00f6ren Sie einen <strong>Konzert<\/strong>, Sie k\u00f6nnen auch eine <strong>Freiluftkino <\/strong>an der Grande Plage oder die Kinder zu einer lustigen Vorstellung mitnehmen? Am sp\u00e4ten Nachmittag oder fr\u00fchen Abend werfen Sie einen Blick in das Programm \u00abEin Sommer in Saint-Cast\u00bb.<br>F\u00fcr Feinschmecker: Kaufen Sie auf dem Markt ein.<\/p>\n\n\n\n<div class=\"wp-block-group card border-card p-4 is-layout-flow wp-block-group-is-layout-flow\">\n<p><strong>DIE M\u00c4RKTE<\/strong><\/p>\n\n\n\n<p>Montag: Marktplatz von Les Mielles<br>Dienstag: Markt in Le Guildo, Place de l'Eglise<br>Donnerstag: Nachtmarkt, in der N\u00e4he des Grande Plage<br>Freitag: March\u00e9 de l'Isle, Place Anatole le Braz<\/p>\n<\/div>\n<\/div><\/div>\n\n\n\n<p><\/p>\n\n\n\n<div class=\"wp-block-media-text alignwide has-media-on-the-right is-stacked-on-mobile animate right\"><div class=\"wp-block-media-text__content\">\n<h2 class=\"wp-block-heading\">Die Pointe de l'Isle und der Semaphor nur wenige Schritte entfernt<\/h2>\n\n\n\n<figure class=\"wp-block-image size-full\"><img decoding=\"async\" src=\"https:\/\/www.campinglarenaudiere.com\/wp-content\/uploads\/2022\/01\/barre-bleue.png\" alt=\"\" class=\"wp-image-2382\"\/><\/figure>\n\n\n\n<p>Vom Campingplatz La Crique aus erreichen Sie den Semaphor von Saint-Cast in 20 Minuten zu Fu\u00df. Er \u00fcberragt die Pointe de l'Isle mit einem Winkel von <strong>Panoramablick auf die K\u00fcste<\/strong> : Auf der rechten Seite die Bucht und der Hafen. Auf der linken Seite: Cap Fr\u00e9hel und Fort La Latte. Der Semaphor von Saint-Cast-le-Guildo ist ein milit\u00e4risches Geb\u00e4ude zur See, das an der \u00dcberwachung der K\u00fcsten und des Seeverkehrs beteiligt ist. Er ist f\u00fcr die \u00d6ffentlichkeit nicht zug\u00e4nglich, aber dennoch ein idealer Ort, um einen Blick auf das Meer zu werfen.<strong> gro\u00dfe Meeresluft<\/strong> und einige sehr sch\u00f6ne Landschaften genie\u00dfen.<br>Gute Wanderer k\u00f6nnen das Stadtzentrum auch \u00fcber \u00ab.\u00ab&nbsp;<strong>die Promenade der aufgehenden Sonne<\/strong>&nbsp;\u00bb, die den Hafen mit dem Stadtzentrum verbindet.<\/p>\n\n\n\n<p><\/p>\n<\/div><figure class=\"wp-block-media-text__media\"><img loading=\"lazy\" decoding=\"async\" width=\"1024\" height=\"683\" src=\"https:\/\/www.mirabel-crique.com\/wp-content\/uploads\/2022\/10\/3-plage-st-cast-1024x683.jpg\" alt=\"\" class=\"wp-image-7573 size-full\" srcset=\"https:\/\/www.mirabel-crique.com\/wp-content\/uploads\/2022\/10\/3-plage-st-cast-1024x683.jpg 1024w, https:\/\/www.mirabel-crique.com\/wp-content\/uploads\/2022\/10\/3-plage-st-cast-300x200.jpg 300w, https:\/\/www.mirabel-crique.com\/wp-content\/uploads\/2022\/10\/3-plage-st-cast-768x512.jpg 768w, https:\/\/www.mirabel-crique.com\/wp-content\/uploads\/2022\/10\/3-plage-st-cast.jpg 1200w\" sizes=\"auto, (max-width: 1024px) 100vw, 1024px\" \/><\/figure><\/div>\n\n\n\n<p class=\"has-text-align-center texte-rond mt-5 has-large-font-size\">Was es auf dem Campingplatz zu entdecken gibt<\/p>\n\n\n\n<div class=\"wp-block-columns are-vertically-aligned-center h-20 front-page-section grey is-layout-flex wp-container-core-columns-is-layout-28f84493 wp-block-columns-is-layout-flex\">\n<div class=\"wp-block-column is-layout-flow wp-block-column-is-layout-flow\"><\/div>\n\n\n\n<div class=\"wp-block-column is-layout-flow wp-block-column-is-layout-flow\">\n<div class=\"wp-block-create-block-sevgutenberg-navigation\"><aside class=\"encart-sev-navigation small carre\"><a href=\"https:\/\/www.mirabel-crique.com\/de\/tarife-fur-die-vermietung-von-mobilheimen\/\" class=\"d-flex flex-column align-items-center\"><div class=\"encart-title\"><span>Mobilheime<\/span><\/div><div class=\"vague\"><\/div><img decoding=\"async\" src=\"https:\/\/www.mirabel-crique.com\/wp-content\/uploads\/2022\/10\/3-vente-mobil-home-rapidhome-lodge77-2.jpg\" alt=\"\"\/><div class=\"ligne\"><\/div><div class=\"hover\"><\/div><\/a><\/aside><\/div>\n<\/div>\n\n\n\n<div class=\"wp-block-column is-vertically-aligned-center is-layout-flow wp-block-column-is-layout-flow\">\n<div class=\"wp-block-create-block-sevgutenberg-navigation\"><aside class=\"encart-sev-navigation small carre\"><a href=\"https:\/\/www.mirabel-crique.com\/de\/kontakt-camping-crique\/\" class=\"d-flex flex-column align-items-center\"><div class=\"encart-title\"><span>Kontakt<\/span><\/div><div class=\"vague\"><\/div><img decoding=\"async\" src=\"https:\/\/www.mirabel-crique.com\/wp-content\/uploads\/2022\/10\/header-principal-HP-crique.jpg\" alt=\"camping familail in Saint Cast le Guildo\"\/><div class=\"ligne\"><\/div><div class=\"hover\"><\/div><\/a><\/aside><\/div>\n<\/div>\n\n\n\n<div class=\"wp-block-column is-vertically-aligned-center is-layout-flow wp-block-column-is-layout-flow\">\n<div class=\"wp-block-create-block-sevgutenberg-navigation\"><aside class=\"encart-sev-navigation small carre\"><a href=\"https:\/\/www.mirabel-crique.com\/de\/aktivitaten-sport-freizeit\/\" class=\"d-flex flex-column align-items-center\"><div class=\"encart-title\"><span>Sport und Freizeit<\/span><\/div><div class=\"vague\"><\/div><img decoding=\"async\" src=\"https:\/\/www.mirabel-crique.com\/wp-content\/uploads\/2022\/10\/2-home-ball-camping-jeu.jpg\" alt=\"\"\/><div class=\"ligne\"><\/div><div class=\"hover\"><\/div><\/a><\/aside><\/div>\n<\/div>\n\n\n\n<div class=\"wp-block-column is-layout-flow wp-block-column-is-layout-flow\"><\/div>\n<\/div>","protected":false},"excerpt":{"rendered":"<p>Vivez au rythme de la station baln\u00e9aire de Saint-Cast-le-Guildo A environ 1h30 de Rennes, Saint-Cast-le-Guildo est une charmante station baln\u00e9aire [&hellip;]<\/p>\n","protected":false},"author":1,"featured_media":0,"parent":0,"menu_order":0,"comment_status":"closed","ping_status":"closed","template":"","meta":{"_seopress_robots_primary_cat":"","_seopress_titles_title":"Camping \u00e0 Saint-Cast-le-Guildo dans les Cotes d\u2019Armor","_seopress_titles_desc":"Plages et criques de sable fin \u00e0 Saint Cast le Guildo pr\u00e8s du camping La Crique (C\u00f4tes d'Armor 22)","_seopress_robots_index":"","footnotes":""},"class_list":["post-69","page","type-page","status-publish","hentry"],"_links":{"self":[{"href":"https:\/\/www.mirabel-crique.com\/de\/wp-json\/wp\/v2\/pages\/69","targetHints":{"allow":["GET"]}}],"collection":[{"href":"https:\/\/www.mirabel-crique.com\/de\/wp-json\/wp\/v2\/pages"}],"about":[{"href":"https:\/\/www.mirabel-crique.com\/de\/wp-json\/wp\/v2\/types\/page"}],"author":[{"embeddable":true,"href":"https:\/\/www.mirabel-crique.com\/de\/wp-json\/wp\/v2\/users\/1"}],"replies":[{"embeddable":true,"href":"https:\/\/www.mirabel-crique.com\/de\/wp-json\/wp\/v2\/comments?post=69"}],"version-history":[{"count":7,"href":"https:\/\/www.mirabel-crique.com\/de\/wp-json\/wp\/v2\/pages\/69\/revisions"}],"predecessor-version":[{"id":10839,"href":"https:\/\/www.mirabel-crique.com\/de\/wp-json\/wp\/v2\/pages\/69\/revisions\/10839"}],"wp:attachment":[{"href":"https:\/\/www.mirabel-crique.com\/de\/wp-json\/wp\/v2\/media?parent=69"}],"curies":[{"name":"WordPress","href":"https:\/\/api.w.org\/{rel}","templated":true}]}}