{"id":75,"date":"2021-12-10T14:27:37","date_gmt":"2021-12-10T13:27:37","guid":{"rendered":"https:\/\/www.campinglarenaudiere.com\/?page_id=75"},"modified":"2026-04-15T15:45:50","modified_gmt":"2026-04-15T13:45:50","slug":"kontakt-camping-crique","status":"publish","type":"page","link":"https:\/\/www.mirabel-crique.com\/de\/contact-camping-crique\/","title":{"rendered":"Kontakt"},"content":{"rendered":"<h1 class=\"wp-block-heading\" id=\"contacter-le-camping-la-renaudiere\">Den Campingplatz kontaktieren<\/h1>\n\n\n\n<div class=\"wp-block-columns is-layout-flex wp-container-core-columns-is-layout-28f84493 wp-block-columns-is-layout-flex\">\n<div class=\"wp-block-column is-vertically-aligned-center pl-md-5 is-layout-flow wp-block-column-is-layout-flow\">\n<h2 class=\"wp-block-heading\" id=\"ouverture-du-camping-du-printemps-a-l-automne\">Der Campingplatz La Crique empf\u00e4ngt Sie in Saint-Cast-le-Guildo<\/h2>\n\n\n\n<figure class=\"wp-block-image size-full\"><img decoding=\"async\" src=\"https:\/\/www.campinglarenaudiere.com\/wp-content\/uploads\/2022\/01\/barre-bleue.png\" alt=\"\" class=\"wp-image-2382\"\/><\/figure>\n\n\n\n<p>Der Campingplatz ist f\u00fcr Besitzer von Mobilheimen vom 15. M\u00e4rz bis zum 15. November ge\u00f6ffnet. F\u00fcr Urlauber in Mietunterk\u00fcnften ist er von Anfang April bis Ende Oktober ge\u00f6ffnet. Kommen Sie f\u00fcr einen kurzen oder l\u00e4ngeren Aufenthalt in die Cotes d'Armor und erholen Sie sich am Meer.<\/p>\n\n\n\n<p><strong>Die Rezeption ist von Anfang April bis Ende Oktober ge\u00f6ffnet:<\/strong><\/p>\n\n\n\n<ul class=\"wp-block-list\">\n<li>In der Nebensaison: 9:30 bis 12:00 Uhr - 14:00 bis 18:00 Uhr<\/li>\n\n\n\n<li>Im Juli August: 9h bis 12h - 14h bis 19h<\/li>\n<\/ul>\n\n\n\n<p>W\u00e4hrend der Schlie\u00dfungszeit wird eine <strong>Telefonbereitschaft<\/strong> ist montags bis freitags von 9:00 bis 13:00 Uhr au\u00dfer vom 15. Dezember bis 15. Januar gew\u00e4hrleistet.<\/p>\n<\/div>\n\n\n\n<div class=\"wp-block-column is-vertically-aligned-center is-layout-flow wp-block-column-is-layout-flow\">\n<div class=\"wp-block-group border border-info pl-4 card is-layout-flow wp-block-group-is-layout-flow\">\n<figure class=\"wp-block-image alignright size-full is-resized\"><img decoding=\"async\" src=\"https:\/\/www.campinglarenaudiere.com\/wp-content\/uploads\/2022\/01\/Etoile2-1.png\" alt=\"\" class=\"wp-image-2051\" style=\"width:160px;height:163px\"\/><\/figure>\n\n\n\n<p><strong>Adresse <\/strong>:<br>Strand von La Mare<br>22380 ST CAST LE GUILDO<\/p>\n\n\n\n<p><a href=\"http:\/\/02 96 41 89 19\">+33(0)2 96 41 89 19<\/a><br><a href=\"mailto:crique@mirabel-campings.com\">crique@mirabel-campings.com<\/a><\/p>\n<\/div>\n<\/div>\n<\/div>\n\n\n\n<div style=\"height:57px\" aria-hidden=\"true\" class=\"wp-block-spacer\"><\/div>\n\n\n\n<div class=\"wp-block-group alignfull has-background is-layout-constrained wp-container-core-group-is-layout-6c0cbf42 wp-block-group-is-layout-constrained\" style=\"background-color:#e7e7e7;padding-top:var(--wp--preset--spacing--70);padding-right:var(--wp--preset--spacing--70);padding-bottom:var(--wp--preset--spacing--70);padding-left:var(--wp--preset--spacing--70)\">\n<p><strong>Weitere Informationen?<br><\/strong>Kontaktieren Sie uns direkt auf dem Campingplatz oder hinterlassen Sie uns eine Nachricht im untenstehenden Formular.<\/p>\n\n\n\t\t<script>\r\n\t\t\tvar customOptions = {\r\n\t\t\t\tIdentity:{\r\n\t\t\t\t\tCompanyId: '233',\r\n\t\t\t\t\tEstablishmentIds: '2865',\r\n\t\t\t\t\tLanguage: 'fr',\r\n\t\t\t\t\tPolice: 'Open Sans',\r\n\t\t\t\t\tShowHeader: 'false',\r\n\t\t\t\t\tTextColor: '266674',\r\n\t\t\t\t\tBackgroundColor: 'e7e7e7',\r\n\t\t\t\t\tPoliceColor: '266674',\r\n\t\t\t\t\tButtonColor: 'ff665c',\r\n\t\t\t\t\tHoverColor: '266674'\r\n\t\t\t\t}\r\n\t\t\t};\r\n\t\t\t!function(){var e=new window.CTV.Widget(\"CRM\", \"Informations\", customOptions);\r\n\t\t\tdocument.write(e.Write()),window.CTV.WidgetsCollection.push(e), e.Send()}();\r\n\t\t<\/script>\r\n\t\t\n<\/div>","protected":false},"excerpt":{"rendered":"<p>Contacter le camping Le camping La Crique vous accueille \u00e0 Saint-Cast-le-Guildo Le camping est ouvert du 15 mars au 15 [&hellip;]<\/p>\n","protected":false},"author":1,"featured_media":0,"parent":0,"menu_order":0,"comment_status":"closed","ping_status":"closed","template":"","meta":{"_seopress_robots_primary_cat":"","_seopress_titles_title":"Contacter camping La Crique \u00e0 Saint Cast le Guildo en Bretagne","_seopress_titles_desc":"Pour contacter l'\u00e9quipe du camping La Crique \u00e0 Saint Cast le Guildo en Bretagne, vous pouvez utiliser notre formulaire.","_seopress_robots_index":"","footnotes":""},"class_list":["post-75","page","type-page","status-publish","hentry"],"_links":{"self":[{"href":"https:\/\/www.mirabel-crique.com\/de\/wp-json\/wp\/v2\/pages\/75","targetHints":{"allow":["GET"]}}],"collection":[{"href":"https:\/\/www.mirabel-crique.com\/de\/wp-json\/wp\/v2\/pages"}],"about":[{"href":"https:\/\/www.mirabel-crique.com\/de\/wp-json\/wp\/v2\/types\/page"}],"author":[{"embeddable":true,"href":"https:\/\/www.mirabel-crique.com\/de\/wp-json\/wp\/v2\/users\/1"}],"replies":[{"embeddable":true,"href":"https:\/\/www.mirabel-crique.com\/de\/wp-json\/wp\/v2\/comments?post=75"}],"version-history":[{"count":14,"href":"https:\/\/www.mirabel-crique.com\/de\/wp-json\/wp\/v2\/pages\/75\/revisions"}],"predecessor-version":[{"id":10818,"href":"https:\/\/www.mirabel-crique.com\/de\/wp-json\/wp\/v2\/pages\/75\/revisions\/10818"}],"wp:attachment":[{"href":"https:\/\/www.mirabel-crique.com\/de\/wp-json\/wp\/v2\/media?parent=75"}],"curies":[{"name":"WordPress","href":"https:\/\/api.w.org\/{rel}","templated":true}]}}