{"id":889,"date":"2021-12-20T11:10:21","date_gmt":"2021-12-20T10:10:21","guid":{"rendered":"https:\/\/www.campinglarenaudiere.com\/?page_id=889"},"modified":"2026-04-16T14:50:02","modified_gmt":"2026-04-16T12:50:02","slug":"wanderungen","status":"publish","type":"page","link":"https:\/\/www.mirabel-crique.com\/de\/les-experiences\/randonnees\/","title":{"rendered":"Unsere sch\u00f6nen Wanderungen"},"content":{"rendered":"<figure class=\"wp-block-image alignright size-full is-resized\"><img decoding=\"async\" src=\"https:\/\/www.campinglarenaudiere.com\/wp-content\/uploads\/2021\/12\/Smile.png\" alt=\"praktischer Smile\" class=\"wp-image-1947\" style=\"width:160px;height:107px\"\/><\/figure>\n\n\n\n<h1 class=\"wp-block-heading\" id=\"vivez-l-experience-loire-atlantique-en-famille\">Auf dem Weg zum GR34 in den C\u00f4tes d\u2019Armor<\/h1>\n\n\n\n<p class=\"has-text-align-center\">Es ist unm\u00f6glich, nach Saint-Cast-le-Guildo zu fahren, ohne den ber\u00fchmten GR34 zu begehen. Dieser erstreckt sich \u00fcber mehr als 2.000 km, beginnt in Mont-Saint-Michel in der Normandie und endet in Saint-Nazaire in der Region Loire-Atlantique. Wenn Sie gerne zu Fu\u00df unterwegs sind, werden Sie hier auf Ihre Kosten kommen. W\u00e4hlen Sie Ihre Richtung, nehmen Sie Ihren Topo-Guide mit und lassen Sie sich von ihm zu den sch\u00f6nsten Perlen der Bretagne f\u00fchren.<\/p>\n\n\n\n<figure class=\"wp-block-image aligncenter size-full\"><img decoding=\"async\" src=\"https:\/\/www.campinglarenaudiere.com\/wp-content\/uploads\/2022\/01\/barre-bleue.png\" alt=\"\" class=\"wp-image-2382\"\/><\/figure>\n\n\n\n<div class=\"wp-block-media-text alignwide is-stacked-on-mobile is-image-fill-element\"><figure class=\"wp-block-media-text__media\"><a href=\"https:\/\/www.mirabel-crique.com\/wp-content\/uploads\/2022\/10\/1-crtb-ad7835_L_oeil-de-Paco-1.jpg\"><img loading=\"lazy\" decoding=\"async\" width=\"1024\" height=\"683\" src=\"https:\/\/www.mirabel-crique.com\/wp-content\/uploads\/2022\/10\/1-crtb-ad7835_L_oeil-de-Paco-1-1024x683.jpg\" alt=\"bretonischer Strand in der N\u00e4he des Campingplatzes\" class=\"wp-image-7653 size-full\" style=\"object-position:50% 50%\" srcset=\"https:\/\/www.mirabel-crique.com\/wp-content\/uploads\/2022\/10\/1-crtb-ad7835_L_oeil-de-Paco-1-1024x683.jpg 1024w, https:\/\/www.mirabel-crique.com\/wp-content\/uploads\/2022\/10\/1-crtb-ad7835_L_oeil-de-Paco-1-300x200.jpg 300w, https:\/\/www.mirabel-crique.com\/wp-content\/uploads\/2022\/10\/1-crtb-ad7835_L_oeil-de-Paco-1-768x512.jpg 768w, https:\/\/www.mirabel-crique.com\/wp-content\/uploads\/2022\/10\/1-crtb-ad7835_L_oeil-de-Paco-1.jpg 1200w\" sizes=\"auto, (max-width: 1024px) 100vw, 1024px\" \/><\/a><\/figure><div class=\"wp-block-media-text__content\">\n<h2 class=\"wp-block-heading\">Die Smaragdk\u00fcste vom Meer aus entdecken<\/h2>\n\n\n\n<p>Es gibt nichts Besseres, um frische Luft zu schnappen, als mit Blick auf das Meer und die atemberaubende Landschaft wandern zu k\u00f6nnen. Durch den Zugang zum <a href=\"https:\/\/www.tourismebretagne.com\/selon-mes-envies\/randonnee-pedestre\/gr-34-le-sentier-des-douaniers\/\">Z\u00f6llnerpfad<\/a> fahren Sie von Ihrem Campingplatz aus in Richtung Saint-Brieuc und Sie werden die K\u00fcste fast nie verlassen. Auf Ihrem Weg werden Sie <strong>am Deich entlang gehen <\/strong>in St-Cast, indem Sie etwas h\u00f6her steigen, um den Blick auf den Hafen zu bewundern und<strong> die Bucht von Le Guildo<\/strong> und, kaum weiter entfernt, das Fort La Latte. Im weiteren Verlauf der Route sind zwei \u00abCaps\u00bb zu passieren: Das Cap Fr\u00e9hel und das Cap d'Erquy! Klippen, wilde K\u00fcste, Leuchtturm, Panorama, Buchten: Sie werden Ihre Augen vollauf begeistern. Wenn Sie die Wanderung fortsetzen m\u00f6chten, fahren Sie weiter bis zur C\u00f4te de Granit Rose. Immer am Meer entlang auf dem Wanderweg erreichen Sie so Saint-Brieuc, bevor Sie Paimpol und Plougrescant erreichen, <strong>Perros Guirec<\/strong> und seine Felsen in allen Formen, seinen Leuchtturm und nat\u00fcrlich sein glasklares Wasser.<\/p>\n\n\n\n<p>Nat\u00fcrlich werden selbst die ge\u00fcbtesten Wanderer mehrere Tage brauchen, um diese Strecke zu bew\u00e4ltigen. Aber wir wissen, dass es sich lohnt! An die St\u00f6cke und Schuhe!<\/p>\n<\/div><\/div>\n\n\n\n<div style=\"height:30px\" aria-hidden=\"true\" class=\"wp-block-spacer\"><\/div>\n\n\n\n<div class=\"wp-block-media-text alignwide has-media-on-the-right is-stacked-on-mobile front-page-section grey\"><div class=\"wp-block-media-text__content\">\n<p class=\"texte-rond has-orange-color has-text-color has-large-font-size\">Saint-Cast-le-Guildo zwischen Land und Meer<\/p>\n\n\n\n<p>In der Gemeinde Saint-Cast gibt es zahlreiche Wanderwege. Mit seinen 18 km langen Str\u00e4nden und seiner Landschaft ist es der perfekte Spielplatz f\u00fcr Wanderfreunde. <strong>Besuchen Sie die Station<\/strong> durch die <strong>markierte Strecken <\/strong>von 3 km bis 15 km und entdecken Sie alle seine Geheimnisse.<\/p>\n\n\n\n<ul class=\"wp-block-list\">\n<li>F\u00fcr eine <strong>Spaziergang am offenen Meer<\/strong>, W\u00e4hlen Sie die gelbe Route \u00abDe la Pointe de Saint-Cast\u00bb oder die hellblaue Route \u00abCircuit du Guildo\u00bb. Beide f\u00fchren Sie entlang der K\u00fcste im Norden und Osten von St-Cast bis zur Landspitze, dem Semaphor, oder auch zur Pointe de la Corbi\u00e8re, der Baie de l'Arguenon und dem Strand von 4 Vaulx.<\/li>\n<\/ul>\n\n\n\n<ul class=\"wp-block-list\">\n<li>F\u00fcr diejenigen, die eher <strong>Kultur und Geschichte<\/strong>, Die Rundwege \u00abSt-Cast\/Matignon\u00bb und \u00abPen Guen - La Cour\u00bb f\u00fchren Sie zu den Sehensw\u00fcrdigkeiten des Ortes: Waschh\u00e4user, Kapelle, M\u00fchlen oder auch die neugotische Kirche und das Presbyterium.<\/li>\n<\/ul>\n\n\n\n<ul class=\"wp-block-list\">\n<li>Schlie\u00dflich f\u00fcr die <strong>Naturfreaks<\/strong>, Wenn Sie auf der Suche nach weiten Fl\u00e4chen und l\u00e4ndlichen Gegenden sind, sollten Sie den Rundweg \u00abTro Breizh\u00bb nehmen und in das Herz des Rance-Tals eintauchen. Folgen Sie dem Gu\u00e9briand-Tal f\u00fcr einen Spaziergang im Gr\u00fcnen.<\/li>\n<\/ul>\n\n\n\n<p>Wir empfehlen Ihnen, zu<a href=\"https:\/\/www.dinan-capfrehel.com\/\" target=\"_blank\" rel=\"noreferrer noopener\">\u2019Tourismusb\u00fcro<\/a> um die Topo-F\u00fchrer, Routen und Tipps f\u00fcr Wanderungen nach Ihren W\u00fcnschen und Ihrem Niveau abzurufen, damit die ganze Familie das Erlebnis in vollen Z\u00fcgen genie\u00dfen kann.<\/p>\n<\/div><figure class=\"wp-block-media-text__media\"><a href=\"https:\/\/www.mirabel-crique.com\/wp-content\/uploads\/2022\/10\/2-randonnee-GR34-crique.jpg\"><img loading=\"lazy\" decoding=\"async\" width=\"769\" height=\"1024\" src=\"https:\/\/www.mirabel-crique.com\/wp-content\/uploads\/2022\/10\/2-randonnee-GR34-crique-769x1024.jpg\" alt=\"Spaziergang im Herzen von Saint Cast le Guildo\" class=\"wp-image-7649 size-full\" srcset=\"https:\/\/www.mirabel-crique.com\/wp-content\/uploads\/2022\/10\/2-randonnee-GR34-crique-769x1024.jpg 769w, https:\/\/www.mirabel-crique.com\/wp-content\/uploads\/2022\/10\/2-randonnee-GR34-crique-225x300.jpg 225w, https:\/\/www.mirabel-crique.com\/wp-content\/uploads\/2022\/10\/2-randonnee-GR34-crique-768x1023.jpg 768w, https:\/\/www.mirabel-crique.com\/wp-content\/uploads\/2022\/10\/2-randonnee-GR34-crique.jpg 901w\" sizes=\"auto, (max-width: 769px) 100vw, 769px\" \/><\/a><\/figure><\/div>\n\n\n\n<div class=\"wp-block-group border border-info card p-4 is-layout-flow wp-block-group-is-layout-flow\">\n<p class=\"has-text-align-center has-turquoise-color has-text-color\"><strong>Gut zu wissen <\/strong><\/p>\n\n\n\n<figure class=\"wp-block-image aligncenter size-full\"><img loading=\"lazy\" decoding=\"async\" width=\"51\" height=\"8\" src=\"https:\/\/www.mirabel-crique.com\/wp-content\/uploads\/2022\/10\/barre-orange.png\" alt=\"Stange\" class=\"wp-image-7323\"\/><\/figure>\n\n\n\n<p class=\"has-text-align-center\"><strong>Randonneur des GR\u00ae 34 <\/strong>Vereinfachen Sie die Vorbereitung Ihrer Reise mit <a href=\"https:\/\/itirando.bzh\/\" target=\"_blank\" rel=\"noreferrer noopener\">itirando.bzh<\/a> !<\/p>\n\n\n\n<p class=\"has-text-align-center\">Unsere Einrichtung arbeitet mit itirando.bzh zusammen, um Ihnen die besten Ressourcen f\u00fcr die Planung Ihrer Wanderung auf dem Zollpfad in der Bretagne anzubieten. Mit wenigen Klicks sind Ihre Etappen organisiert!<\/p>\n\n\n\n<figure class=\"wp-block-image aligncenter size-large is-resized\"><a href=\"https:\/\/itirando.bzh\/\" target=\"_blank\" rel=\" noreferrer noopener\"><img loading=\"lazy\" decoding=\"async\" width=\"1024\" height=\"1018\" src=\"https:\/\/www.mirabel-crique.com\/wp-content\/uploads\/2026\/04\/Logo-itirando-pour-votre-site-internet-et-reseaux-sociaux-1024x1018.jpg\" alt=\"\" class=\"wp-image-10845\" style=\"aspect-ratio:1.006381783836218;width:193px;height:auto\" srcset=\"https:\/\/www.mirabel-crique.com\/wp-content\/uploads\/2026\/04\/Logo-itirando-pour-votre-site-internet-et-reseaux-sociaux-1024x1018.jpg 1024w, https:\/\/www.mirabel-crique.com\/wp-content\/uploads\/2026\/04\/Logo-itirando-pour-votre-site-internet-et-reseaux-sociaux-300x298.jpg 300w, https:\/\/www.mirabel-crique.com\/wp-content\/uploads\/2026\/04\/Logo-itirando-pour-votre-site-internet-et-reseaux-sociaux-150x150.jpg 150w, https:\/\/www.mirabel-crique.com\/wp-content\/uploads\/2026\/04\/Logo-itirando-pour-votre-site-internet-et-reseaux-sociaux-768x763.jpg 768w, https:\/\/www.mirabel-crique.com\/wp-content\/uploads\/2026\/04\/Logo-itirando-pour-votre-site-internet-et-reseaux-sociaux-12x12.jpg 12w, https:\/\/www.mirabel-crique.com\/wp-content\/uploads\/2026\/04\/Logo-itirando-pour-votre-site-internet-et-reseaux-sociaux.jpg 1420w\" sizes=\"auto, (max-width: 1024px) 100vw, 1024px\" \/><\/a><\/figure>\n\n\n\n<div style=\"height:10px\" aria-hidden=\"true\" class=\"wp-block-spacer\"><\/div>\n<\/div>\n\n\n\n<p class=\"has-text-align-center texte-rond has-large-font-size\">Entdecken Sie unsere anderen Erfahrungen<\/p>\n\n\n\n<div class=\"wp-block-columns are-vertically-aligned-center h-20 front-page-section grey is-layout-flex wp-container-core-columns-is-layout-28f84493 wp-block-columns-is-layout-flex\">\n<div class=\"wp-block-column is-layout-flow wp-block-column-is-layout-flow\"><\/div>\n\n\n\n<div class=\"wp-block-column is-layout-flow wp-block-column-is-layout-flow\">\n<div class=\"wp-block-create-block-sevgutenberg-navigation\"><aside class=\"encart-sev-navigation small carre\"><a href=\"https:\/\/www.mirabel-crique.com\/de\/die-erfahrungen\/bretonische-gastronomie\/\" class=\"d-flex flex-column align-items-center\"><div class=\"encart-title\"><span>Die bretonische Gastronomie<\/span><\/div><div class=\"vague\"><\/div><img decoding=\"async\" src=\"https:\/\/www.mirabel-crique.com\/wp-content\/uploads\/2022\/10\/1-galette-bretonne-poisson-gastronomie.png\" alt=\"galette \u00e0 d\u00e9guste rau camping\"\/><div class=\"ligne\"><\/div><div class=\"hover\"><\/div><\/a><\/aside><\/div>\n<\/div>\n\n\n\n<div class=\"wp-block-column is-vertically-aligned-center is-layout-flow wp-block-column-is-layout-flow\">\n<div class=\"wp-block-create-block-sevgutenberg-navigation\"><aside class=\"encart-sev-navigation small carre\"><a href=\"https:\/\/www.mirabel-crique.com\/de\/die-erfahrungen\/experience-saint-cast-le-guildo\/\" class=\"d-flex flex-column align-items-center\"><div class=\"encart-title\"><span>Erleben Sie die Smaragdk\u00fcste unter Wasser!<\/span><\/div><div class=\"vague\"><\/div><img decoding=\"async\" src=\"https:\/\/www.mirabel-crique.com\/wp-content\/uploads\/2022\/10\/2-plongee-epave-bretagne-pixabay-1.jpg\" alt=\"Tauchen in der Bretagne\"\/><div class=\"ligne\"><\/div><div class=\"hover\"><\/div><\/a><\/aside><\/div>\n<\/div>\n\n\n\n<div class=\"wp-block-column is-vertically-aligned-center is-layout-flow wp-block-column-is-layout-flow\"><\/div>\n<\/div>\n\n\n\n<p><\/p>","protected":false},"excerpt":{"rendered":"<p>En route pour le GR34 dans les C\u00f4tes d&rsquo;Amor Impossible de partir \u00e0 Saint-Cast-le-Guildo sans emprunter le fameux GR34. Celui-ci [&hellip;]<\/p>\n","protected":false},"author":1,"featured_media":0,"parent":272,"menu_order":0,"comment_status":"closed","ping_status":"closed","template":"","meta":{"_seopress_robots_primary_cat":"","_seopress_titles_title":"A la d\u00e9couverte des randonn\u00e9es en C\u00f4tes d'Armor","_seopress_titles_desc":"Tourisme nature sur les sentiers se trouvant \u00e0 proximit\u00e9 du camping La Crique en Bretagne","_seopress_robots_index":"","footnotes":""},"class_list":["post-889","page","type-page","status-publish","hentry"],"_links":{"self":[{"href":"https:\/\/www.mirabel-crique.com\/de\/wp-json\/wp\/v2\/pages\/889","targetHints":{"allow":["GET"]}}],"collection":[{"href":"https:\/\/www.mirabel-crique.com\/de\/wp-json\/wp\/v2\/pages"}],"about":[{"href":"https:\/\/www.mirabel-crique.com\/de\/wp-json\/wp\/v2\/types\/page"}],"author":[{"embeddable":true,"href":"https:\/\/www.mirabel-crique.com\/de\/wp-json\/wp\/v2\/users\/1"}],"replies":[{"embeddable":true,"href":"https:\/\/www.mirabel-crique.com\/de\/wp-json\/wp\/v2\/comments?post=889"}],"version-history":[{"count":9,"href":"https:\/\/www.mirabel-crique.com\/de\/wp-json\/wp\/v2\/pages\/889\/revisions"}],"predecessor-version":[{"id":10847,"href":"https:\/\/www.mirabel-crique.com\/de\/wp-json\/wp\/v2\/pages\/889\/revisions\/10847"}],"up":[{"embeddable":true,"href":"https:\/\/www.mirabel-crique.com\/de\/wp-json\/wp\/v2\/pages\/272"}],"wp:attachment":[{"href":"https:\/\/www.mirabel-crique.com\/de\/wp-json\/wp\/v2\/media?parent=889"}],"curies":[{"name":"WordPress","href":"https:\/\/api.w.org\/{rel}","templated":true}]}}