{"id":895,"date":"2021-12-20T11:14:26","date_gmt":"2021-12-20T10:14:26","guid":{"rendered":"https:\/\/www.campinglarenaudiere.com\/?page_id=895"},"modified":"2022-11-03T16:40:02","modified_gmt":"2022-11-03T15:40:02","slug":"experience-saint-cast-le-guildo","status":"publish","type":"page","link":"https:\/\/www.mirabel-crique.com\/de\/les-experiences\/experience-saint-cast-le-guildo\/","title":{"rendered":"Erleben Sie die Smaragdk\u00fcste unter Wasser!"},"content":{"rendered":"<figure class=\"wp-block-image alignright size-full is-resized\"><img loading=\"lazy\" decoding=\"async\" src=\"https:\/\/www.campinglarenaudiere.com\/wp-content\/uploads\/2022\/01\/Soleil.png\" alt=\"Sonne\" class=\"wp-image-1883\" width=\"160\" height=\"146\"\/><\/figure>\n\n\n\n<h1 class=\"wp-block-heading\" id=\"a-la-decouverte-de-la-cote-de-jade-a-velo\">Erleben Sie die Smaragdk\u00fcste unter Wasser!<\/h1>\n\n\n\n<div class=\"wp-block-media-text alignwide is-stacked-on-mobile\"><figure class=\"wp-block-media-text__media\"><a href=\"https:\/\/www.mirabel-crique.com\/wp-content\/uploads\/2022\/10\/1-seaplane-g10cc642b5_1920-pixabay-1.jpg\"><img loading=\"lazy\" decoding=\"async\" width=\"1024\" height=\"768\" src=\"https:\/\/www.mirabel-crique.com\/wp-content\/uploads\/2022\/10\/1-seaplane-g10cc642b5_1920-pixabay-1-1024x768.jpg\" alt=\"Wrack unter den Gew\u00e4ssern von Saint Cast le Guildo\" class=\"wp-image-7659 size-full\" srcset=\"https:\/\/www.mirabel-crique.com\/wp-content\/uploads\/2022\/10\/1-seaplane-g10cc642b5_1920-pixabay-1-1024x768.jpg 1024w, https:\/\/www.mirabel-crique.com\/wp-content\/uploads\/2022\/10\/1-seaplane-g10cc642b5_1920-pixabay-1-300x225.jpg 300w, https:\/\/www.mirabel-crique.com\/wp-content\/uploads\/2022\/10\/1-seaplane-g10cc642b5_1920-pixabay-1-768x576.jpg 768w, https:\/\/www.mirabel-crique.com\/wp-content\/uploads\/2022\/10\/1-seaplane-g10cc642b5_1920-pixabay-1.jpg 1200w\" sizes=\"auto, (max-width: 1024px) 100vw, 1024px\" \/><\/a><\/figure><div class=\"wp-block-media-text__content\">\n<p class=\"has-medium-font-size\"><strong>Eintauchen in Saint-Cast-le-Guildo<\/strong><\/p>\n\n\n\n<figure class=\"wp-block-image size-full\"><img decoding=\"async\" src=\"https:\/\/www.campinglarenaudiere.com\/wp-content\/uploads\/2022\/01\/barre-bleue.png\" alt=\"\" class=\"wp-image-2382\"\/><\/figure>\n\n\n\n<p>Nachdem Sie dank der zahlreichen Wassersportaktivit\u00e4ten, die der Ort anbietet, \u00fcber dem Wasser \u00abgesurft\u00bb sind, ist es an der Zeit, zu sehen, was sich darunter abspielt. Zu diesem Zweck ist St-Cast daf\u00fcr bekannt, ein wahres <strong>Tauchspot<\/strong>. Ob Schnuppertaucher oder erfahrener Taucher, schl\u00fcpfen Sie in Ihre Flossen, Maske &amp; Flasche und erkunden Sie die Unterwasserwelt.<\/p>\n<\/div><\/div>\n\n\n\n<div style=\"height:30px\" aria-hidden=\"true\" class=\"wp-block-spacer\"><\/div>\n\n\n\n<div class=\"wp-block-media-text alignwide has-media-on-the-right is-stacked-on-mobile front-page-section grey\"><div class=\"wp-block-media-text__content\">\n<h2 class=\"wp-block-heading\">Die besten Tauchspots in Saint-Cast-le-Guildo und Umgebung<\/h2>\n\n\n\n<figure class=\"wp-block-image size-full\"><img loading=\"lazy\" decoding=\"async\" width=\"50\" height=\"8\" src=\"https:\/\/www.mirabel-crique.com\/wp-content\/uploads\/2022\/10\/barre-bleue.png\" alt=\"\" class=\"wp-image-7508\"\/><\/figure>\n\n\n\n<p>Um Ihrer Lieblingsbesch\u00e4ftigung nachzugehen, stehen Ihnen zahlreiche Orte zur Verf\u00fcgung, um <strong>den Meeresboden erkunden<\/strong> von Saint-Cast und seine Geheimnisse. In der N\u00e4he der Klippen und H\u00f6hlen, nicht weit vom Cap Fr\u00e9hel, k\u00f6nnen Sie kleine Fische zu Hunderten bewundern, die hier Zuflucht suchen.<\/p>\n\n\n\n<p>Haben Sie Lust, in die Vergangenheit zu reisen? Tauchen Sie in der N\u00e4he der zahlreichen Schiffswracks ab, die vor Cap Fr\u00e9hel, Saint-Malo oder Fort La Latte oft eine beeindruckende Fauna beherbergen. Jahrhunderts, eine kleine Sanduhr oder eine Fregatte - Sie werden Augen machen!<\/p>\n\n\n\n<p>F\u00fcr die <strong>Schnuppertauchen<\/strong> und Anf\u00e4nger haben Sie die M\u00f6glichkeit, mit leicht zug\u00e4nglichen Spots zu starten. Von Ihrem Campingplatz La Crique aus ist der Strand La Mare ein sehr guter Ausgangspunkt f\u00fcr erste Erfahrungen unter bretonischen Gew\u00e4ssern!<\/p>\n<\/div><figure class=\"wp-block-media-text__media\"><a href=\"https:\/\/www.mirabel-crique.com\/wp-content\/uploads\/2022\/10\/2-plongee-epave-bretagne-pixabay-1.jpg\"><img loading=\"lazy\" decoding=\"async\" width=\"1024\" height=\"711\" src=\"https:\/\/www.mirabel-crique.com\/wp-content\/uploads\/2022\/10\/2-plongee-epave-bretagne-pixabay-1-1024x711.jpg\" alt=\"Tauchspot in der N\u00e4he des Campingplatzes in Saint Cast le Guildo\" class=\"wp-image-7663 size-full\" srcset=\"https:\/\/www.mirabel-crique.com\/wp-content\/uploads\/2022\/10\/2-plongee-epave-bretagne-pixabay-1-1024x711.jpg 1024w, https:\/\/www.mirabel-crique.com\/wp-content\/uploads\/2022\/10\/2-plongee-epave-bretagne-pixabay-1-300x208.jpg 300w, https:\/\/www.mirabel-crique.com\/wp-content\/uploads\/2022\/10\/2-plongee-epave-bretagne-pixabay-1-768x533.jpg 768w, https:\/\/www.mirabel-crique.com\/wp-content\/uploads\/2022\/10\/2-plongee-epave-bretagne-pixabay-1.jpg 1200w\" sizes=\"auto, (max-width: 1024px) 100vw, 1024px\" \/><\/a><\/figure><\/div>\n\n\n\n<div class=\"wp-block-media-text alignwide is-stacked-on-mobile animate left\"><figure class=\"wp-block-media-text__media\"><a href=\"https:\/\/www.mirabel-crique.com\/wp-content\/uploads\/2022\/10\/3-pixabay-plongee-bretagne.jpg\"><img loading=\"lazy\" decoding=\"async\" width=\"1024\" height=\"768\" src=\"https:\/\/www.mirabel-crique.com\/wp-content\/uploads\/2022\/10\/3-pixabay-plongee-bretagne-1024x768.jpg\" alt=\"Tauchclub in der N\u00e4he des Campingplatzes\" class=\"wp-image-7667 size-full\" srcset=\"https:\/\/www.mirabel-crique.com\/wp-content\/uploads\/2022\/10\/3-pixabay-plongee-bretagne-1024x768.jpg 1024w, https:\/\/www.mirabel-crique.com\/wp-content\/uploads\/2022\/10\/3-pixabay-plongee-bretagne-300x225.jpg 300w, https:\/\/www.mirabel-crique.com\/wp-content\/uploads\/2022\/10\/3-pixabay-plongee-bretagne-768x576.jpg 768w, https:\/\/www.mirabel-crique.com\/wp-content\/uploads\/2022\/10\/3-pixabay-plongee-bretagne.jpg 1200w\" sizes=\"auto, (max-width: 1024px) 100vw, 1024px\" \/><\/a><\/figure><div class=\"wp-block-media-text__content\">\n<p class=\"has-medium-font-size\"><strong>Tauchclubs f\u00fcr ein einzigartiges Erlebnis<\/strong><\/p>\n\n\n\n<figure class=\"wp-block-image size-full\"><img decoding=\"async\" src=\"https:\/\/www.campinglarenaudiere.com\/wp-content\/uploads\/2022\/01\/barre-bleue.png\" alt=\"\" class=\"wp-image-2382\"\/><\/figure>\n\n\n\n<p>Um einen magischen Moment in Gesellschaft der Unterwasserflora und -fauna zu erleben, bieten Ihnen mehrere Tauchclubs Taufen, Ausbildungen und Entdeckungen an!<\/p>\n\n\n\n<p>- Saint-Cast Tauchen C\u00f4tes d'Armor<br>Hafen von Saint-Cast, hinter dem Lokal der SNSM.<br>06 76 93 72 03<br><a href=\"mailto:info@saintcastplongee.eu\" target=\"_blank\" rel=\"noreferrer noopener\">info@saintcastplongee.eu<\/a><\/p>\n\n\n\n<p>- Plong.Evasion<br>Residenz la Capitainerie<br>06 70 32 96 18<br><a href=\"mailto:plongevasionstcast@orange.fr\" target=\"_blank\" rel=\"noreferrer noopener\">plongevasionstcast@orange.fr<\/a><\/p>\n\n\n\n<p>Weitere Informationen \u00fcber : <a href=\"https:\/\/www.cotesdarmor.com\/a-voir-a-faire\/sports\/plongee\/\" target=\"_blank\" rel=\"noreferrer noopener\">Alles in C\u00f4tes d'Armor erleben<\/a><\/p>\n<\/div><\/div>\n\n\n\n<p><\/p>\n\n\n\n<div style=\"height:30px\" aria-hidden=\"true\" class=\"wp-block-spacer\"><\/div>\n\n\n\n<p class=\"has-text-align-center texte-rond has-large-font-size\">Entdecken Sie unsere anderen Erfahrungen<\/p>\n\n\n\n<div class=\"wp-block-columns are-vertically-aligned-center h-20 front-page-section grey is-layout-flex wp-container-core-columns-is-layout-28f84493 wp-block-columns-is-layout-flex\">\n<div class=\"wp-block-column is-layout-flow wp-block-column-is-layout-flow\"><\/div>\n\n\n\n<div class=\"wp-block-column is-layout-flow wp-block-column-is-layout-flow\">\n<div class=\"wp-block-create-block-sevgutenberg-navigation\"><aside class=\"encart-sev-navigation small carre\"><a href=\"https:\/\/www.mirabel-crique.com\/de\/die-erfahrungen\/bretonische-gastronomie\/\" class=\"d-flex flex-column align-items-center\"><div class=\"encart-title\"><span>Die bretonische Gastronomie<\/span><\/div><div class=\"vague\"><\/div><img decoding=\"async\" src=\"https:\/\/www.mirabel-crique.com\/wp-content\/uploads\/2022\/10\/1-galette-bretonne-poisson-gastronomie.png\" alt=\"galette \u00e0 d\u00e9guste rau camping\"\/><div class=\"ligne\"><\/div><div class=\"hover\"><\/div><\/a><\/aside><\/div>\n<\/div>\n\n\n\n<div class=\"wp-block-column is-vertically-aligned-center is-layout-flow wp-block-column-is-layout-flow\">\n<div class=\"wp-block-create-block-sevgutenberg-navigation\"><aside class=\"encart-sev-navigation small carre\"><a href=\"https:\/\/www.mirabel-crique.com\/de\/die-erfahrungen\/wanderungen\/\" class=\"d-flex flex-column align-items-center\"><div class=\"encart-title\"><span>Unsere sch\u00f6nen Wanderungen<\/span><\/div><div class=\"vague\"><\/div><img decoding=\"async\" src=\"https:\/\/www.mirabel-crique.com\/wp-content\/uploads\/2022\/10\/1-crtb-ad7835_L_oeil-de-Paco-1.jpg\" alt=\"Strand in der N\u00e4he des Campingplatzes in der Bretagne\"\/><div class=\"ligne\"><\/div><div class=\"hover\"><\/div><\/a><\/aside><\/div>\n<\/div>\n\n\n\n<div class=\"wp-block-column is-vertically-aligned-center is-layout-flow wp-block-column-is-layout-flow\"><\/div>\n<\/div>\n\n\n\n<p><\/p>","protected":false},"excerpt":{"rendered":"<p>Erleben Sie die Smaragdk\u00fcste unter Wasser! Entdecken Sie unsere anderen Erlebnisse<\/p>","protected":false},"author":1,"featured_media":0,"parent":272,"menu_order":0,"comment_status":"closed","ping_status":"closed","template":"","meta":{"_seopress_robots_primary_cat":"","_seopress_titles_title":"Une journ\u00e9e \u00e0 Saint Cast le Guildo","_seopress_titles_desc":"En s\u00e9journant au camping Les Mielles dans les C\u00f4tes d\u2019Armor, vous appr\u00e9cierez de passer une journ\u00e9e \u00e0 Saint-Cast-le-Guildo o\u00f9 vous pourrez tout faire \u00e0 pied","_seopress_robots_index":"","footnotes":""},"class_list":["post-895","page","type-page","status-publish","hentry"],"_links":{"self":[{"href":"https:\/\/www.mirabel-crique.com\/de\/wp-json\/wp\/v2\/pages\/895","targetHints":{"allow":["GET"]}}],"collection":[{"href":"https:\/\/www.mirabel-crique.com\/de\/wp-json\/wp\/v2\/pages"}],"about":[{"href":"https:\/\/www.mirabel-crique.com\/de\/wp-json\/wp\/v2\/types\/page"}],"author":[{"embeddable":true,"href":"https:\/\/www.mirabel-crique.com\/de\/wp-json\/wp\/v2\/users\/1"}],"replies":[{"embeddable":true,"href":"https:\/\/www.mirabel-crique.com\/de\/wp-json\/wp\/v2\/comments?post=895"}],"version-history":[{"count":3,"href":"https:\/\/www.mirabel-crique.com\/de\/wp-json\/wp\/v2\/pages\/895\/revisions"}],"predecessor-version":[{"id":8126,"href":"https:\/\/www.mirabel-crique.com\/de\/wp-json\/wp\/v2\/pages\/895\/revisions\/8126"}],"up":[{"embeddable":true,"href":"https:\/\/www.mirabel-crique.com\/de\/wp-json\/wp\/v2\/pages\/272"}],"wp:attachment":[{"href":"https:\/\/www.mirabel-crique.com\/de\/wp-json\/wp\/v2\/media?parent=895"}],"curies":[{"name":"WordPress","href":"https:\/\/api.w.org\/{rel}","templated":true}]}}