{"id":267,"date":"2022-02-17T10:04:00","date_gmt":"2022-02-17T09:04:00","guid":{"rendered":"https:\/\/www.campinglarenaudiere.com\/?page_id=267"},"modified":"2025-11-10T11:52:35","modified_gmt":"2025-11-10T10:52:35","slug":"saint-jacut-de-la-mer","status":"publish","type":"page","link":"https:\/\/www.mirabel-crique.com\/en\/saint-jacut-de-la-mer\/","title":{"rendered":"Saint-Jacut-de-la-Mer"},"content":{"rendered":"<h1 class=\"wp-block-heading\">Saint-Jacut-de-la-Mer, a charming village on the 11-beach peninsula<\/h1>\n\n\n\n<div class=\"wp-block-media-text alignwide is-stacked-on-mobile is-image-fill-element animate left\"><figure class=\"wp-block-media-text__media\"><img loading=\"lazy\" decoding=\"async\" width=\"1024\" height=\"678\" src=\"https:\/\/www.mirabel-crique.com\/wp-content\/uploads\/2022\/10\/1-plage-crtb-PIRIOU-Jacqueline-1024x678.jpg\" alt=\"Saint Jacut beach near the campsite in Brittany\" class=\"wp-image-7580 size-full\" style=\"object-position:50% 50%\" srcset=\"https:\/\/www.mirabel-crique.com\/wp-content\/uploads\/2022\/10\/1-plage-crtb-PIRIOU-Jacqueline-1024x678.jpg 1024w, https:\/\/www.mirabel-crique.com\/wp-content\/uploads\/2022\/10\/1-plage-crtb-PIRIOU-Jacqueline-300x199.jpg 300w, https:\/\/www.mirabel-crique.com\/wp-content\/uploads\/2022\/10\/1-plage-crtb-PIRIOU-Jacqueline-768x509.jpg 768w, https:\/\/www.mirabel-crique.com\/wp-content\/uploads\/2022\/10\/1-plage-crtb-PIRIOU-Jacqueline.jpg 1200w\" sizes=\"auto, (max-width: 1024px) 100vw, 1024px\" \/><\/figure><div class=\"wp-block-media-text__content\">\n<h2 class=\"wp-block-heading\">Saint-Jacut-de-la-Mer - The peninsula!<\/h2>\n\n\n\n<figure class=\"wp-block-image size-full\"><img loading=\"lazy\" decoding=\"async\" width=\"50\" height=\"8\" src=\"https:\/\/www.mirabel-crique.com\/wp-content\/uploads\/2022\/10\/barre-bleue.png\" alt=\"\" class=\"wp-image-7508\"\/><\/figure>\n\n\n\n<p>To the east of <a href=\"https:\/\/www.mirabel-crique.com\/en\/saint-cast-le-guildo\/\" data-type=\"page\" data-id=\"69\">Saint-Cast<\/a>, When you look out over the horizon, you'll see the tip of Saint-Jacut-de-la-Mer. Once an island, Saint-Jacut is now a friendly, authentic and peaceful seaside resort. <strong>11 sandy beaches<\/strong> You can swim, stroll or simply soak up the sun on your towel. Switch from one shore to the other to follow the sun and the tide! To the west of the peninsula, you're sure to come across the fishermen and oyster farmers of <strong>Arguenon Bay<\/strong> with its oyster beds and bouchot mussels. To the east of Saint-Jacut, a number of beaches line the coastline. <strong>Lancieux Bay<\/strong>, It's the perfect place to relax and enjoy a wide range of water sports.<\/p>\n\n\n\n<figure class=\"wp-block-image alignright size-full is-resized\"><img decoding=\"async\" src=\"https:\/\/www.campinglarenaudiere.com\/wp-content\/uploads\/2022\/01\/transat.png\" alt=\"\" class=\"wp-image-1719\" style=\"width:80px;height:85px\"\/><\/figure>\n<\/div><\/div>\n\n\n\n<div style=\"height:30px\" aria-hidden=\"true\" class=\"wp-block-spacer\"><\/div>\n\n\n\n<div class=\"wp-block-media-text alignwide has-media-on-the-right is-stacked-on-mobile front-page-section grey animate right\"><div class=\"wp-block-media-text__content\">\n<p><\/p>\n\n\n\n<h2 class=\"wp-block-heading\" id=\"de-saint-nazaire-a-guerande-la-bretagne-sud-dans-toute-sa-splendeur\">An authentic village on the Emerald Coast<\/h2>\n\n\n\n<figure class=\"wp-block-image size-full\"><img decoding=\"async\" src=\"https:\/\/www.campinglarenaudiere.com\/wp-content\/uploads\/2022\/01\/barre-bleue.png\" alt=\"\" class=\"wp-image-2382\"\/><\/figure>\n\n\n\n<p>We also recommend a stroll through the narrow streets that make up the village, which are typically Breton. You can wander between the <strong>stone houses<\/strong> and sit out on the terrace to enjoy the atmosphere of the village. The Saint-Jacut market is held every Friday, with the unmissable <strong>sausage patty<\/strong>. You'll also find creations by local artisans, such as bags made from used sails from the Saint-Jacut-de-la-Mer sailing school.<\/p>\n\n\n\n<p><\/p>\n<\/div><figure class=\"wp-block-media-text__media\"><img loading=\"lazy\" decoding=\"async\" width=\"1024\" height=\"680\" src=\"https:\/\/www.mirabel-crique.com\/wp-content\/uploads\/2022\/10\/2-Saint-Jacut-crtb-LE-GAL-Yannick-1024x680.jpg\" alt=\"campsite located close to the most beautiful beaches in Brittany\" class=\"wp-image-7584 size-full\" srcset=\"https:\/\/www.mirabel-crique.com\/wp-content\/uploads\/2022\/10\/2-Saint-Jacut-crtb-LE-GAL-Yannick-1024x680.jpg 1024w, https:\/\/www.mirabel-crique.com\/wp-content\/uploads\/2022\/10\/2-Saint-Jacut-crtb-LE-GAL-Yannick-300x199.jpg 300w, https:\/\/www.mirabel-crique.com\/wp-content\/uploads\/2022\/10\/2-Saint-Jacut-crtb-LE-GAL-Yannick-768x510.jpg 768w, https:\/\/www.mirabel-crique.com\/wp-content\/uploads\/2022\/10\/2-Saint-Jacut-crtb-LE-GAL-Yannick.jpg 1200w\" sizes=\"auto, (max-width: 1024px) 100vw, 1024px\" \/><\/figure><\/div>\n\n\n\n<div class=\"wp-block-media-text alignwide is-stacked-on-mobile animate left\"><figure class=\"wp-block-media-text__media\"><img loading=\"lazy\" decoding=\"async\" width=\"1024\" height=\"683\" src=\"https:\/\/www.mirabel-crique.com\/wp-content\/uploads\/2022\/11\/3-ebihens-Saint-Jacut-1024x683.jpg\" alt=\"saint jacut de la mer\" class=\"wp-image-8081 size-full\" srcset=\"https:\/\/www.mirabel-crique.com\/wp-content\/uploads\/2022\/11\/3-ebihens-Saint-Jacut-1024x683.jpg 1024w, https:\/\/www.mirabel-crique.com\/wp-content\/uploads\/2022\/11\/3-ebihens-Saint-Jacut-300x200.jpg 300w, https:\/\/www.mirabel-crique.com\/wp-content\/uploads\/2022\/11\/3-ebihens-Saint-Jacut-768x512.jpg 768w, https:\/\/www.mirabel-crique.com\/wp-content\/uploads\/2022\/11\/3-ebihens-Saint-Jacut.jpg 1200w\" sizes=\"auto, (max-width: 1024px) 100vw, 1024px\" \/><\/figure><div class=\"wp-block-media-text__content\">\n<h2 class=\"wp-block-heading\" id=\"nantes-entre-petits-plaisirs-et-balades-historiques\"><strong>The Ebihens archipelago<\/strong><\/h2>\n\n\n\n<figure class=\"wp-block-image size-full is-style-default\"><img decoding=\"async\" src=\"https:\/\/www.campinglarenaudiere.com\/wp-content\/uploads\/2022\/01\/barre-bleue.png\" alt=\"\" class=\"wp-image-2382\"\/><\/figure>\n\n\n\n<p>A little jewel on the peninsula, the Ebihens archipelago is accessible at low tide. <strong>bird sanctuary<\/strong> home to thousands of seabirds. Starting from Pointe du Chevet, cross the beach with your feet in the water to discover this little paradise at the end of the world. Here, the <strong>panorama <\/strong>is exceptional, changing with the passing hours and the scenery. Take the path that crosses the archipelago: you'll pass idyllic little coves, a <strong>wild vegetation <\/strong>and the only trace left by man on this island: the Vauban Tower.<\/p>\n\n\n\n<p>Be careful not to be taken by surprise by the rising waters: consult the <a rel=\"noreferrer noopener\" href=\"http:\/\/maree.info\/54\" target=\"_blank\">tide times<\/a> before the ride.<\/p>\n\n\n\n<p><a href=\"https:\/\/www.dinan-capfrehel.com\/experiences\/nature-rando\/nos-3-circuist-de-randonnee-a-saint-jacut-de-la-mer\/\" target=\"_blank\" rel=\"noreferrer noopener\">3 walking routes to try out to discover the beauty of Saint-Jacut-de-la-Mer<\/a><\/p>\n<\/div><\/div>\n\n\n\n<p class=\"has-text-align-center texte-rond mt-5 has-large-font-size\">Discover the campsite<\/p>\n\n\n\n<div class=\"wp-block-columns are-vertically-aligned-center h-20 front-page-section grey is-layout-flex wp-container-core-columns-is-layout-28f84493 wp-block-columns-is-layout-flex\">\n<div class=\"wp-block-column is-layout-flow wp-block-column-is-layout-flow\"><\/div>\n\n\n\n<div class=\"wp-block-column is-layout-flow wp-block-column-is-layout-flow\">\n<div class=\"wp-block-create-block-sevgutenberg-navigation\"><aside class=\"encart-sev-navigation small carre\"><a href=\"https:\/\/www.mirabel-crique.com\/en\/pitches-2\/\" class=\"d-flex flex-column align-items-center\"><div class=\"encart-title\"><span>Pitches<\/span><\/div><div class=\"vague\"><\/div><img decoding=\"async\" src=\"https:\/\/www.mirabel-crique.com\/wp-content\/uploads\/2022\/10\/emplacement-tente-fort-lalatte.jpg\" alt=\"tent pitch with sea view\"\/><div class=\"ligne\"><\/div><div class=\"hover\"><\/div><\/a><\/aside><\/div>\n<\/div>\n\n\n\n<div class=\"wp-block-column is-vertically-aligned-center is-layout-flow wp-block-column-is-layout-flow\">\n<div class=\"wp-block-create-block-sevgutenberg-navigation\"><aside class=\"encart-sev-navigation small carre\"><a href=\"https:\/\/www.mirabel-crique.com\/en\/restaurant-bar-snack\/\" class=\"d-flex flex-column align-items-center\"><div class=\"encart-title\"><span>Snack bar<\/span><\/div><div class=\"vague\"><\/div><img decoding=\"async\" src=\"https:\/\/www.mirabel-crique.com\/wp-content\/uploads\/2022\/10\/bar-la-crique-comptoir.jpg\" alt=\"campsite snack bar\"\/><div class=\"ligne\"><\/div><div class=\"hover\"><\/div><\/a><\/aside><\/div>\n<\/div>\n\n\n\n<div class=\"wp-block-column is-vertically-aligned-center is-layout-flow wp-block-column-is-layout-flow\">\n<div class=\"wp-block-create-block-sevgutenberg-navigation\"><aside class=\"encart-sev-navigation small carre\"><a href=\"https:\/\/www.mirabel-crique.com\/en\/sports-and-leisure-activities\/\" class=\"d-flex flex-column align-items-center\"><div class=\"encart-title\"><span>Sport and leisure<\/span><\/div><div class=\"vague\"><\/div><img decoding=\"async\" src=\"https:\/\/www.mirabel-crique.com\/wp-content\/uploads\/2022\/10\/sport-ballon-crique.jpg\" alt=\"sport at the campsite\"\/><div class=\"ligne\"><\/div><div class=\"hover\"><\/div><\/a><\/aside><\/div>\n<\/div>\n\n\n\n<div class=\"wp-block-column is-layout-flow wp-block-column-is-layout-flow\"><\/div>\n<\/div>","protected":false},"excerpt":{"rendered":"<p>Saint-Jacut-de-la-Mer, a charming village on the peninsula with 11 beaches. To discover at the campsite.<\/p>","protected":false},"author":1,"featured_media":0,"parent":0,"menu_order":0,"comment_status":"closed","ping_status":"closed","template":"","meta":{"_seopress_robots_primary_cat":"","_seopress_titles_title":"Tourisme \u00e0 visiter C\u00f4te d\u2019Emeraude en Bretagne","_seopress_titles_desc":"Pendant votre s\u00e9jour au camping Les Mielles \u00e0 Saint Cast le Guildo, quelques exemples de destinations touristiques \u00e0 visiter en C\u00f4tes d'Armor","_seopress_robots_index":"","footnotes":""},"class_list":["post-267","page","type-page","status-publish","hentry"],"_links":{"self":[{"href":"https:\/\/www.mirabel-crique.com\/en\/wp-json\/wp\/v2\/pages\/267","targetHints":{"allow":["GET"]}}],"collection":[{"href":"https:\/\/www.mirabel-crique.com\/en\/wp-json\/wp\/v2\/pages"}],"about":[{"href":"https:\/\/www.mirabel-crique.com\/en\/wp-json\/wp\/v2\/types\/page"}],"author":[{"embeddable":true,"href":"https:\/\/www.mirabel-crique.com\/en\/wp-json\/wp\/v2\/users\/1"}],"replies":[{"embeddable":true,"href":"https:\/\/www.mirabel-crique.com\/en\/wp-json\/wp\/v2\/comments?post=267"}],"version-history":[{"count":11,"href":"https:\/\/www.mirabel-crique.com\/en\/wp-json\/wp\/v2\/pages\/267\/revisions"}],"predecessor-version":[{"id":10684,"href":"https:\/\/www.mirabel-crique.com\/en\/wp-json\/wp\/v2\/pages\/267\/revisions\/10684"}],"wp:attachment":[{"href":"https:\/\/www.mirabel-crique.com\/en\/wp-json\/wp\/v2\/media?parent=267"}],"curies":[{"name":"wp","href":"https:\/\/api.w.org\/{rel}","templated":true}]}}