{"id":43,"date":"2021-12-10T14:15:21","date_gmt":"2021-12-10T13:15:21","guid":{"rendered":"https:\/\/www.campinglarenaudiere.com\/?page_id=43"},"modified":"2026-04-15T16:56:10","modified_gmt":"2026-04-15T14:56:10","slug":"sports-and-leisure-activities","status":"publish","type":"page","link":"https:\/\/www.mirabel-crique.com\/en\/activites-sports-loisirs\/","title":{"rendered":"Sports and leisure"},"content":{"rendered":"<h1 class=\"wp-block-heading\" id=\"faites-le-plein-d-activites-au-camping-la-renaudiere\">The campsite's facilities for your leisure time<\/h1>\n\n\n\n<p class=\"has-text-align-center\">At La Crique campsite, having a good time with your loved ones is more than just allowed! Enjoy all our facilities for free with your family or friends.<\/p>\n\n\n\n<figure class=\"wp-block-image aligncenter size-full\"><img decoding=\"async\" src=\"https:\/\/www.campinglarenaudiere.com\/wp-content\/uploads\/2022\/01\/barre-bleue.png\" alt=\"bar\" class=\"wp-image-2382\"\/><\/figure>\n\n\n\n<div class=\"wp-block-media-text alignwide has-media-on-the-right is-stacked-on-mobile animate right\"><div class=\"wp-block-media-text__content\">\n<h2 class=\"wp-block-heading\">Children's play area by the sea<\/h2>\n\n\n\n<figure class=\"wp-block-image size-full\"><img loading=\"lazy\" decoding=\"async\" width=\"50\" height=\"8\" src=\"https:\/\/www.mirabel-crique.com\/wp-content\/uploads\/2022\/11\/barre-bleue.png\" alt=\"bar\" class=\"wp-image-8062\"\/><\/figure>\n\n\n\n<p>Wherever you are at camping La Crique, you'll have the sea as far as the eye can see. You can admire it from the playground, while the children play in safety. On the <strong>swing<\/strong> or in the <strong>trampoline<\/strong>, For the youngest, there's plenty of room to play freely and make new friends. The play area is <strong>shaded<\/strong>. <\/p>\n\n\n\n<p>Children will be able to enjoy themselves without worrying about the sun on sunny days. Small benches have been laid out to take a break between two activities. <strong>Game parts!<\/strong><\/p>\n\n\n\n<figure class=\"wp-block-image alignright size-full is-resized\"><img loading=\"lazy\" decoding=\"async\" width=\"400\" height=\"267\" src=\"https:\/\/www.mirabel-crique.com\/wp-content\/uploads\/2025\/05\/Smile-corail.png\" alt=\"\" class=\"wp-image-10561\" style=\"width:82px;height:47px\" srcset=\"https:\/\/www.mirabel-crique.com\/wp-content\/uploads\/2025\/05\/Smile-corail.png 400w, https:\/\/www.mirabel-crique.com\/wp-content\/uploads\/2025\/05\/Smile-corail-300x200.png 300w\" sizes=\"auto, (max-width: 400px) 100vw, 400px\" \/><\/figure>\n<\/div><figure class=\"wp-block-media-text__media\"><img loading=\"lazy\" decoding=\"async\" width=\"600\" height=\"400\" src=\"https:\/\/www.mirabel-crique.com\/wp-content\/uploads\/2025\/05\/trampoline-jeu-enfants.jpg\" alt=\"children&#039;s play area trampoline camping st cast\" class=\"wp-image-10553 size-full\" srcset=\"https:\/\/www.mirabel-crique.com\/wp-content\/uploads\/2025\/05\/trampoline-jeu-enfants.jpg 600w, https:\/\/www.mirabel-crique.com\/wp-content\/uploads\/2025\/05\/trampoline-jeu-enfants-300x200.jpg 300w\" sizes=\"auto, (max-width: 600px) 100vw, 600px\" \/><\/figure><\/div>\n\n\n\n<div style=\"height:14px\" aria-hidden=\"true\" class=\"wp-block-spacer\"><\/div>\n\n\n\n<div class=\"wp-block-media-text alignwide is-stacked-on-mobile front-page-section grey animate left\"><figure class=\"wp-block-media-text__media\"><img loading=\"lazy\" decoding=\"async\" width=\"600\" height=\"400\" src=\"https:\/\/www.mirabel-crique.com\/wp-content\/uploads\/2025\/05\/table-pique-nique-camping.jpg\" alt=\"picnic at the campsite free of charge\" class=\"wp-image-10557 size-full\" srcset=\"https:\/\/www.mirabel-crique.com\/wp-content\/uploads\/2025\/05\/table-pique-nique-camping.jpg 600w, https:\/\/www.mirabel-crique.com\/wp-content\/uploads\/2025\/05\/table-pique-nique-camping-300x200.jpg 300w\" sizes=\"auto, (max-width: 600px) 100vw, 600px\" \/><\/figure><div class=\"wp-block-media-text__content\">\n<h2 class=\"wp-block-heading\">Free equipment available at the campsite<\/h2>\n\n\n\n<figure class=\"wp-block-image size-full\"><img loading=\"lazy\" decoding=\"async\" width=\"50\" height=\"8\" src=\"https:\/\/www.mirabel-crique.com\/wp-content\/uploads\/2022\/11\/barre-bleue.png\" alt=\"bar\" class=\"wp-image-8062\"\/><\/figure>\n\n\n\n<p>At Camping Mirabel de La Crique we have a number of facilities that you can use during your stay, free of charge:<\/p>\n\n\n\n<p><\/p>\n\n\n\n<ul class=\"wp-block-list\">\n<li><strong>Picnic table<\/strong> For your meal breaks or a family board game in the sun, they are set up all over the campsite.<\/li>\n\n\n\n<li><strong>Table tennis table<\/strong> Table tennis: just behind reception, enjoy a game of table tennis with your friends. Don't hesitate to ask for rackets at reception.<\/li>\n\n\n\n<li><strong>Group barbecue : <\/strong>A good barbecue with your friends and family is a must. Near the entrance, the campsite barbecue awaits you.<\/li>\n\n\n\n<li><strong>Loan of games : <\/strong>we can lend you board games such as molkky or palets breton to play with your friends and family.<\/li>\n<\/ul>\n<\/div><\/div>\n\n\n\n<div class=\"wp-block-media-text alignwide has-media-on-the-right is-stacked-on-mobile  animate right\"><div class=\"wp-block-media-text__content\">\n<p class=\"texte-rond has-orange-color has-text-color has-large-font-size\">No campsite without a bowling green!<\/p>\n\n\n\n<p>Have you ever seen a campsite without a boules court? At <a href=\"https:\/\/www.mirabel-campings.com\/\" target=\"_blank\" rel=\"noreferrer noopener\">Mirabel Campings &amp; Residences<\/a>, That doesn't exist! And we know that Bretons are passionate players of Palet Breton and p\u00e9tanque. <\/p>\n\n\n\n<p>At Camping la Crique, you'll be treated to breathtaking sea views during your games with friends! Located right opposite the terrace of the <a href=\"https:\/\/www.mirabel-crique.com\/en\/restaurant-bar-snack\/\" data-type=\"page\" data-id=\"40\">Snack Bar La Crique<\/a>, the boules pitch attracts many holidaymakers every summer! Do you prefer <strong>M\u00f6lkky&nbsp;<\/strong>? No problem, we accept all types of player. <\/p>\n\n\n\n<p>You can <strong>borrow equipment<\/strong> available from the campsite reception, so don't hesitate to ask.<\/p>\n\n\n\n<figure class=\"wp-block-image alignright size-full is-resized\"><img decoding=\"async\" src=\"https:\/\/www.campinglarenaudiere.com\/wp-content\/uploads\/2022\/01\/tennis.png\" alt=\"sporting activities: tennis\" class=\"wp-image-2323\" style=\"width:82px;height:47px\"\/><\/figure>\n<\/div><figure class=\"wp-block-media-text__media\"><img loading=\"lazy\" decoding=\"async\" width=\"1024\" height=\"768\" src=\"https:\/\/www.mirabel-crique.com\/wp-content\/uploads\/2022\/10\/3-crique-boulodrome-1024x768.jpg\" alt=\"Boulodrome camping near the seaside \" class=\"wp-image-7345 size-full\" srcset=\"https:\/\/www.mirabel-crique.com\/wp-content\/uploads\/2022\/10\/3-crique-boulodrome-1024x768.jpg 1024w, https:\/\/www.mirabel-crique.com\/wp-content\/uploads\/2022\/10\/3-crique-boulodrome-300x225.jpg 300w, https:\/\/www.mirabel-crique.com\/wp-content\/uploads\/2022\/10\/3-crique-boulodrome-768x576.jpg 768w, https:\/\/www.mirabel-crique.com\/wp-content\/uploads\/2022\/10\/3-crique-boulodrome.jpg 1200w\" sizes=\"auto, (max-width: 1024px) 100vw, 1024px\" \/><\/figure><\/div>\n\n\n\n<p class=\"has-text-align-center texte-rond mt-5 has-large-font-size\">Discover the campsite<\/p>\n\n\n\n<div class=\"wp-block-columns h-20 front-page-section grey is-layout-flex wp-container-core-columns-is-layout-28f84493 wp-block-columns-is-layout-flex\">\n<div class=\"wp-block-column is-layout-flow wp-block-column-is-layout-flow\"><\/div>\n\n\n\n<div class=\"wp-block-column is-layout-flow wp-block-column-is-layout-flow\">\n<div class=\"wp-block-create-block-sevgutenberg-navigation\"><aside class=\"encart-sev-navigation small carre\"><a href=\"https:\/\/www.mirabel-crique.com\/en\/pitches-2\/\" class=\"d-flex flex-column align-items-center\"><div class=\"encart-title\"><span>Pitches<\/span><\/div><div class=\"vague\"><\/div><img decoding=\"async\" src=\"https:\/\/www.mirabel-crique.com\/wp-content\/uploads\/2022\/10\/emplacements-vue-mer-Crique.jpg\" alt=\"campsite pitch with sea view\"\/><div class=\"ligne\"><\/div><div class=\"hover\"><\/div><\/a><\/aside><\/div>\n<\/div>\n\n\n\n<div class=\"wp-block-column is-layout-flow wp-block-column-is-layout-flow\">\n<div class=\"wp-block-create-block-sevgutenberg-navigation\"><aside class=\"encart-sev-navigation small carre\"><a href=\"https:\/\/www.mirabel-crique.com\/en\/restaurant-bar-snack\/\" class=\"d-flex flex-column align-items-center\"><div class=\"encart-title\"><span>Snack bar<\/span><\/div><div class=\"vague\"><\/div><img decoding=\"async\" src=\"https:\/\/www.mirabel-crique.com\/wp-content\/uploads\/2022\/10\/2-bar-restaurant-poke-bowl-1.jpg\" alt=\"\"\/><div class=\"ligne\"><\/div><div class=\"hover\"><\/div><\/a><\/aside><\/div>\n<\/div>\n\n\n\n<div class=\"wp-block-column is-layout-flow wp-block-column-is-layout-flow\">\n<div class=\"wp-block-create-block-sevgutenberg-navigation\"><aside class=\"encart-sev-navigation small carre\"><a href=\"https:\/\/www.mirabel-crique.com\/en\/experiences\/\" class=\"d-flex flex-column align-items-center\"><div class=\"encart-title\"><span>Experiences<\/span><\/div><div class=\"vague\"><\/div><img decoding=\"async\" src=\"https:\/\/www.mirabel-crique.com\/wp-content\/uploads\/2022\/10\/3-pixabay-plongee-bretagne.jpg\" alt=\"diving in Saint Cast le Guildo\"\/><div class=\"ligne\"><\/div><div class=\"hover\"><\/div><\/a><\/aside><\/div>\n<\/div>\n\n\n\n<div class=\"wp-block-column is-layout-flow wp-block-column-is-layout-flow\"><\/div>\n<\/div>\n\n\n\n<div class=\"wp-block-group is-layout-flow wp-block-group-is-layout-flow\">\n<figure class=\"wp-block-image aligncenter size-large is-resized mt-5\"><img decoding=\"async\" src=\"https:\/\/www.campinglarenaudiere.com\/wp-content\/uploads\/2022\/01\/photo-1024x84.png\" alt=\"photo gallery\" class=\"wp-image-2371\" style=\"width:768px;height:63px\"\/><\/figure>\n\n\n\t\t\t<div id=\"sevgallery-356513742\" class=\"sev-diaporama sev-diaporama-portfolio\">\r\n\t\t\t\t<div class=\"row\">\r\n\r\n\t\t\t\t\t\r\n\t\t\t\t\t\t\r\n\t\t\t\t\t\t<div class=\"sev-diaporama-portfolio-item   btnseeall btnseeall-xl col-12 col-md\">\r\n\t\t\t\t\t\t\t<a href=\"https:\/\/www.mirabel-crique.com\/wp-content\/uploads\/2022\/10\/aire-jeux-enfants-balancoire-1024x683.jpg\" data-lightbox=\"sevgallery-356513742\" style=\"background-image: url(https:\/\/www.mirabel-crique.com\/wp-content\/uploads\/2022\/10\/aire-jeux-enfants-balancoire-1024x683.jpg)\">\r\n\t\t\t\t\t\t\t\t<img decoding=\"async\" src=\"https:\/\/www.mirabel-crique.com\/wp-content\/uploads\/2022\/10\/aire-jeux-enfants-balancoire-1024x683.jpg\" alt=\"campsite playground\" loading=\"lazy\">\r\n\t\t\t\t\t\t\t\t\t\t\t\t\t\t\t<\/a>\r\n\t\t\t\t\t\t<\/div>\r\n\r\n\t\t\t\t\t\t\r\n\t\t\t\t\t\t\t\t\t\t\t\t\t\t\t\t\t\r\n\t\t\t\t\t\t\r\n\t\t\t\t\t\t<div class=\"sev-diaporama-portfolio-item   btnseeall btnseeall-xl col-12 col-md  col-grow\">\r\n\t\t\t\t\t\t\t<a href=\"https:\/\/www.mirabel-crique.com\/wp-content\/uploads\/2022\/10\/barbecue-collectifs-camping-1024x683.jpg\" data-lightbox=\"sevgallery-356513742\" style=\"background-image: url(https:\/\/www.mirabel-crique.com\/wp-content\/uploads\/2022\/10\/barbecue-collectifs-camping-1024x683.jpg)\">\r\n\t\t\t\t\t\t\t\t<img decoding=\"async\" src=\"https:\/\/www.mirabel-crique.com\/wp-content\/uploads\/2022\/10\/barbecue-collectifs-camping-1024x683.jpg\" alt=\"barbecue area\" loading=\"lazy\">\r\n\t\t\t\t\t\t\t\t\t\t\t\t\t\t\t<\/a>\r\n\t\t\t\t\t\t<\/div>\r\n\r\n\t\t\t\t\t\t\r\n\t\t\t\t\t\t\t\t\t\t\t\t\t\t\t\t\t\r\n\t\t\t\t\t\t\r\n\t\t\t\t\t\t<div class=\"sev-diaporama-portfolio-item   btnseeall btnseeall-xl col-12 col-md\">\r\n\t\t\t\t\t\t\t<a href=\"https:\/\/www.mirabel-crique.com\/wp-content\/uploads\/2022\/10\/crique-jeux-homeball-1-1024x768.jpg\" data-lightbox=\"sevgallery-356513742\" style=\"background-image: url(https:\/\/www.mirabel-crique.com\/wp-content\/uploads\/2022\/10\/crique-jeux-homeball-1-1024x768.jpg)\">\r\n\t\t\t\t\t\t\t\t<img decoding=\"async\" src=\"https:\/\/www.mirabel-crique.com\/wp-content\/uploads\/2022\/10\/crique-jeux-homeball-1-1024x768.jpg\" alt=\"children&#039;s play area\" loading=\"lazy\">\r\n\t\t\t\t\t\t\t\t\t\t\t\t\t\t\t<\/a>\r\n\t\t\t\t\t\t<\/div>\r\n\r\n\t\t\t\t\t\t\t\t\t\t\t\t\t<div class=\"w-100\"><\/div>\r\n\t\t\t\t\t\t\t\t\t\t\t\t\t\r\n\t\t\t\t\t\t\t\t\t\t\t\t\t\t\t\t\t\r\n\t\t\t\t\t\t\r\n\t\t\t\t\t\t<div class=\"sev-diaporama-portfolio-item   btnseeall btnseeall-xl col-12 col-md  col-grow\">\r\n\t\t\t\t\t\t\t<a href=\"https:\/\/www.mirabel-crique.com\/wp-content\/uploads\/2022\/10\/crique-petanque-768x1024.jpg\" data-lightbox=\"sevgallery-356513742\" style=\"background-image: url(https:\/\/www.mirabel-crique.com\/wp-content\/uploads\/2022\/10\/crique-petanque-768x1024.jpg)\">\r\n\t\t\t\t\t\t\t\t<img decoding=\"async\" src=\"https:\/\/www.mirabel-crique.com\/wp-content\/uploads\/2022\/10\/crique-petanque-768x1024.jpg\" alt=\"p\u00e9tanque court at the campsite in Brittany\" loading=\"lazy\">\r\n\t\t\t\t\t\t\t\t\t\t\t\t\t\t\t<\/a>\r\n\t\t\t\t\t\t<\/div>\r\n\r\n\t\t\t\t\t\t\r\n\t\t\t\t\t\t\t\t\t\t\t\t\t\t\t\t\t\r\n\t\t\t\t\t\t\r\n\t\t\t\t\t\t<div class=\"sev-diaporama-portfolio-item  limitsm btnseeall btnseeall-xl col-12 col-md  col-grow last-visible\">\r\n\t\t\t\t\t\t\t<a href=\"https:\/\/www.mirabel-crique.com\/en\/photos-camping-crique\/\"  style=\"background-image: url(https:\/\/www.mirabel-crique.com\/wp-content\/uploads\/2022\/10\/sport-ballon-crique-2-1024x768.jpg)\">\r\n\t\t\t\t\t\t\t\t<img decoding=\"async\" src=\"https:\/\/www.mirabel-crique.com\/wp-content\/uploads\/2022\/10\/sport-ballon-crique-2-1024x768.jpg\" alt=\"sporting activities at the campsite in Brittany\" loading=\"lazy\">\r\n\t\t\t\t\t\t\t\t\t\t\t\t\t\t\t\t\t<img decoding=\"async\" src=\"https:\/\/www.mirabel-crique.com\/wp-content\/themes\/lacrique\/assets\/img\/voir-photos.png\" alt=\"\" \/>\r\n\t\t\t\t\t\t\t\t\t<span>See all photos<\/span>\r\n\t\t\t\t\t\t\t\t\t\t\t\t\t\t\t<\/a>\r\n\t\t\t\t\t\t<\/div>\r\n\r\n\t\t\t\t\t\t\r\n\t\t\t\t\t\t\t\t\t\t\t\t\t\t\t\t\t\t\t\t\t<\/div>\r\n\t\t\t<\/div>\r\n\r\n\t\t\t<script>\r\n\t\t\tjQuery(function($) {\r\n\r\n\t\t\t\tvar marginPortfolio = function() {\r\n\r\n\t\t\t\t\tvar $diapo          = $('#sevgallery-356513742');\r\n\t\t\t\t\tvar container_width = $diapo.parent().outerWidth();\r\n\t\t\t\t\tvar side            = ( $(window).innerWidth() - container_width ) \/ 2;\r\n\r\n\t\t\t\t\t$diapo.css( {\r\n\t\t\t\t\t\t'margin-left': '-' + side + 'px',\r\n\t\t\t\t\t\t'margin-right': '-' + side + 'px',\r\n\t\t\t\t\t} );\r\n\t\t\t\t};\r\n\r\n\t\t\t\t$( window ).resize( function() {\r\n\t\t\t\t\tmarginPortfolio();\r\n\t\t\t\t} );\r\n\t\t\t\tmarginPortfolio();\r\n\t\t\t});\r\n\t\t\t<\/script>\r\n\t\t\t\n<\/div>","protected":false},"excerpt":{"rendered":"<p>Les \u00e9quipements du camping pour vos moments de loisirs Au camping La Crique, prendre du bon temps avec vos proches [&hellip;]<\/p>\n","protected":false},"author":1,"featured_media":0,"parent":0,"menu_order":0,"comment_status":"closed","ping_status":"closed","template":"","meta":{"_seopress_robots_primary_cat":"","_seopress_titles_title":"Camping avec activit\u00e9s 3 \u00e9toiles Saint Cast le Guildo","_seopress_titles_desc":"Au camping La Crique \u00e0 Saint Cast le Guildo, on ne s'ennuie jamais ! Petits et grands pourront y faire du sport ou s'amuser.","_seopress_robots_index":"","footnotes":""},"class_list":["post-43","page","type-page","status-publish","hentry"],"_links":{"self":[{"href":"https:\/\/www.mirabel-crique.com\/en\/wp-json\/wp\/v2\/pages\/43","targetHints":{"allow":["GET"]}}],"collection":[{"href":"https:\/\/www.mirabel-crique.com\/en\/wp-json\/wp\/v2\/pages"}],"about":[{"href":"https:\/\/www.mirabel-crique.com\/en\/wp-json\/wp\/v2\/types\/page"}],"author":[{"embeddable":true,"href":"https:\/\/www.mirabel-crique.com\/en\/wp-json\/wp\/v2\/users\/1"}],"replies":[{"embeddable":true,"href":"https:\/\/www.mirabel-crique.com\/en\/wp-json\/wp\/v2\/comments?post=43"}],"version-history":[{"count":17,"href":"https:\/\/www.mirabel-crique.com\/en\/wp-json\/wp\/v2\/pages\/43\/revisions"}],"predecessor-version":[{"id":10830,"href":"https:\/\/www.mirabel-crique.com\/en\/wp-json\/wp\/v2\/pages\/43\/revisions\/10830"}],"wp:attachment":[{"href":"https:\/\/www.mirabel-crique.com\/en\/wp-json\/wp\/v2\/media?parent=43"}],"curies":[{"name":"wp","href":"https:\/\/api.w.org\/{rel}","templated":true}]}}