{"id":48,"date":"2021-12-10T14:16:36","date_gmt":"2021-12-10T13:16:36","guid":{"rendered":"https:\/\/www.campinglarenaudiere.com\/?page_id=48"},"modified":"2026-04-15T16:58:33","modified_gmt":"2026-04-15T14:58:33","slug":"camping-services","status":"publish","type":"page","link":"https:\/\/www.mirabel-crique.com\/en\/services-camping\/","title":{"rendered":"Services"},"content":{"rendered":"<h1 class=\"wp-block-heading\">The services of Camping La Crique in Saint-Cast-le-Guildo<\/h1>\n\n\n\n<p class=\"has-text-align-center\">With family or friends, come and enjoy a relaxing holiday at our 3-star campsite. The campsite offers a range of services to make your stay easier.<\/p>\n\n\n\n<figure class=\"wp-block-image aligncenter size-full\"><img decoding=\"async\" src=\"https:\/\/www.campinglarenaudiere.com\/wp-content\/uploads\/2022\/01\/barre-bleue.png\" alt=\"bar\" class=\"wp-image-2382\"\/><\/figure>\n\n\n\n<div class=\"wp-block-columns is-layout-flex wp-container-core-columns-is-layout-28f84493 wp-block-columns-is-layout-flex\">\n<div class=\"wp-block-column is-layout-flow wp-block-column-is-layout-flow\" style=\"flex-basis:40%\">\n<div class=\"wp-block-group p-5 is-layout-flow wp-block-group-is-layout-flow\">\n<h2 class=\"wp-block-heading has-text-align-left\">List of services<br><\/h2>\n\n\n\n<figure class=\"wp-block-image size-full\"><img decoding=\"async\" src=\"https:\/\/www.campinglarenaudiere.com\/wp-content\/uploads\/2022\/01\/barre-bleue.png\" alt=\"bar\" class=\"wp-image-2382\"\/><\/figure>\n\n\n\n<p><i class=\"fa fa-wifi\"><\/i> &nbsp;Wi-Fi point at reception and hiker's corner<\/p>\n\n\n\n<p><i class=\"fa fa-info-circle\"><\/i> &nbsp; Tourist information<\/p>\n\n\n\n<p><i class=\"fa fa-shopping-cart\"><\/i>&nbsp; Grocery<\/p>\n\n\n\n<p><i class=\"fa fa-glass-martini-alt\"><\/i>&nbsp; Bar - Restaurant and takeaway<\/p>\n\n\n\n<p><i class=\"fa fa-tshirt\"><\/i> &nbsp;Laundry room with washing machines and tumble dryers*.<\/p>\n\n\n\n<p><i class=\"fa fa-baby-carriage\"><\/i> &nbsp; Baby kit hire <br><em>(cot, high chair, baby bath)<\/em><\/p>\n\n\n\n<p><i class=\"fa fa-bed\"><\/i> &nbsp;Bed linen hire<\/p>\n\n\n\n<p><i class=\"fa fa-caravan\"><\/i>&nbsp;Service area for motor homes (cassette emptying)<\/p>\n\n\n\n<p><i class=\"fa fa-bacon\"><\/i> Communal barbecues<\/p>\n\n\n\n<p><i class=\"fa fa-ring\"><\/i> &nbsp;Loan of shuffleboard<\/p>\n<\/div>\n\n\n\n<p><\/p>\n<\/div>\n\n\n\n<div class=\"wp-block-column is-vertically-aligned-center is-layout-flow wp-block-column-is-layout-flow\" style=\"flex-basis:60%\">\n<div style=\"height:39px\" aria-hidden=\"true\" class=\"wp-block-spacer\"><\/div>\n\n\n\n<h2 class=\"wp-block-heading\">The hiker's corner for your comfort at the campsite<\/h2>\n\n\n\n<figure class=\"wp-block-image size-full\"><img decoding=\"async\" src=\"https:\/\/www.campinglarenaudiere.com\/wp-content\/uploads\/2022\/01\/barre-bleue.png\" alt=\"bar\" class=\"wp-image-2382\"\/><\/figure>\n\n\n\n<p>Our <strong>La Crique campsite in Saint-Cast-le-Guildo<\/strong> is fortunate enough to be located right next to the GR34. Numerous<strong>hikers come here to stay <\/strong>in bare pitches with their tent. To make holidays easier for everyone, we have set up a \u00ab\u00a0<strong>hiking area<\/strong>\u00abIt is completely free. Inside, you will find the essentials for a better camping experience and more comfort: garden table and chairs, microwave, kettle, water point and refrigerator. You can also enjoy free Wi-Fi connection.<\/p>\n\n\n\n<figure class=\"wp-block-image size-full\"><img loading=\"lazy\" decoding=\"async\" width=\"600\" height=\"400\" src=\"https:\/\/www.mirabel-crique.com\/wp-content\/uploads\/2025\/05\/coin-randonneur-camping.jpg\" alt=\"\" class=\"wp-image-10567\" srcset=\"https:\/\/www.mirabel-crique.com\/wp-content\/uploads\/2025\/05\/coin-randonneur-camping.jpg 600w, https:\/\/www.mirabel-crique.com\/wp-content\/uploads\/2025\/05\/coin-randonneur-camping-300x200.jpg 300w\" sizes=\"auto, (max-width: 600px) 100vw, 600px\" \/><\/figure>\n<\/div>\n<\/div>\n\n\n\n<div class=\"wp-block-media-text has-media-on-the-right is-stacked-on-mobile\"><div class=\"wp-block-media-text__content\">\n<h2 class=\"wp-block-heading\">A friendly atmosphere at Camping La Crique in Saint-Cast<\/h2>\n\n\n\n<figure class=\"wp-block-image size-full\"><img decoding=\"async\" src=\"https:\/\/www.campinglarenaudiere.com\/wp-content\/uploads\/2022\/01\/barre-bleue.png\" alt=\"bar\" class=\"wp-image-2382\"\/><\/figure>\n\n\n\n<p>For your <strong>Breakfast,<\/strong> The campsite reception has thought of everything. <strong>Bread order<\/strong> and a coffee to start the day in the best way possible<\/p>\n\n\n\n<p>Barbecues set the pace for the summer season! And sometimes they even punctuate the pre-season and post-season until the end of September. The campsite provides you with free <strong>collective barbecues<\/strong> for your grilled meats and melted cheeses! Set up in the centre of the campsite, you can enjoy it as you please, while your friends enjoy an aperitif on your pitch, and keep an eye on your children in the nearby play area. At La Crique, the facilities have been designed to help you make the most of your holiday, in a relaxed and straightforward way!<\/p>\n<\/div><figure class=\"wp-block-media-text__media\"><img loading=\"lazy\" decoding=\"async\" width=\"1024\" height=\"683\" src=\"https:\/\/www.mirabel-crique.com\/wp-content\/uploads\/2022\/10\/barbecue-collectifs-camping-1024x683.jpg\" alt=\"barbecue area\" class=\"wp-image-7848 size-full\" srcset=\"https:\/\/www.mirabel-crique.com\/wp-content\/uploads\/2022\/10\/barbecue-collectifs-camping-1024x683.jpg 1024w, https:\/\/www.mirabel-crique.com\/wp-content\/uploads\/2022\/10\/barbecue-collectifs-camping-300x200.jpg 300w, https:\/\/www.mirabel-crique.com\/wp-content\/uploads\/2022\/10\/barbecue-collectifs-camping-768x512.jpg 768w, https:\/\/www.mirabel-crique.com\/wp-content\/uploads\/2022\/10\/barbecue-collectifs-camping.jpg 1200w\" sizes=\"auto, (max-width: 1024px) 100vw, 1024px\" \/><\/figure><\/div>\n\n\n\n<p><\/p>\n\n\n\n<h2 class=\"wp-block-heading\">Nearby services<\/h2>\n\n\n\n<p>Just a few minutes' drive from the campsite is the town centre of Saint-Cast-le-Guildo. There, you can do your shopping, pick up your car or go to the beach. <strong>bread<\/strong>, your <strong>fruit<\/strong> and <strong>vegetables<\/strong>, go to <strong>tabac-presse<\/strong>, and all the other local services you might need.<\/p>\n\n\n\n<p>Ask at reception for a map of the city centre.<\/p>\n\n\n\n<p class=\"has-text-align-center texte-rond mt-5 has-large-font-size\">Discover the campsite<\/p>\n\n\n\n<div class=\"wp-block-columns h-20 front-page-section grey is-layout-flex wp-container-core-columns-is-layout-28f84493 wp-block-columns-is-layout-flex\">\n<div class=\"wp-block-column is-layout-flow wp-block-column-is-layout-flow\"><\/div>\n\n\n\n<div class=\"wp-block-column is-layout-flow wp-block-column-is-layout-flow\">\n<div class=\"wp-block-create-block-sevgutenberg-navigation\"><aside class=\"encart-sev-navigation small carre\"><a href=\"https:\/\/www.mirabel-crique.com\/en\/sports-and-leisure-activities\/\" class=\"d-flex flex-column align-items-center\"><div class=\"encart-title\"><span>Sports and leisure<\/span><\/div><div class=\"vague\"><\/div><img decoding=\"async\" src=\"https:\/\/www.mirabel-crique.com\/wp-content\/uploads\/2022\/10\/2-home-ball-camping-jeu.jpg\" alt=\"\"\/><div class=\"ligne\"><\/div><div class=\"hover\"><\/div><\/a><\/aside><\/div>\n<\/div>\n\n\n\n<div class=\"wp-block-column is-layout-flow wp-block-column-is-layout-flow\">\n<div class=\"wp-block-create-block-sevgutenberg-navigation\"><aside class=\"encart-sev-navigation small carre\"><a href=\"https:\/\/www.mirabel-crique.com\/en\/mobile-home-rental-rates\/\" class=\"d-flex flex-column align-items-center\"><div class=\"encart-title\"><span>Mobile homes<\/span><\/div><div class=\"vague\"><\/div><img decoding=\"async\" src=\"https:\/\/www.mirabel-crique.com\/wp-content\/uploads\/2022\/10\/1-location-mobil-home-sejour-1.jpg\" alt=\"\"\/><div class=\"ligne\"><\/div><div class=\"hover\"><\/div><\/a><\/aside><\/div>\n<\/div>\n\n\n\n<div class=\"wp-block-column is-layout-flow wp-block-column-is-layout-flow\">\n<div class=\"wp-block-create-block-sevgutenberg-navigation\"><aside class=\"encart-sev-navigation small carre\"><a href=\"https:\/\/www.mirabel-crique.com\/en\/saint-jacut-de-la-mer\/\" class=\"d-flex flex-column align-items-center\"><div class=\"encart-title\"><span>Saint Jacut de la Mer <\/span><\/div><div class=\"vague\"><\/div><img decoding=\"async\" src=\"https:\/\/www.mirabel-crique.com\/wp-content\/uploads\/2022\/10\/2-Saint-Jacut-crtb-LE-GAL-Yannick.jpg\" alt=\"\"\/><div class=\"ligne\"><\/div><div class=\"hover\"><\/div><\/a><\/aside><\/div>\n<\/div>\n\n\n\n<div class=\"wp-block-column is-layout-flow wp-block-column-is-layout-flow\"><\/div>\n<\/div>\n\n\n\n<p><\/p>","protected":false},"excerpt":{"rendered":"<p>Les services du Camping La Crique \u00e0 Saint-Cast-le-Guildo En famille, entre amis, venez passer des vacances sereines dans notre camping [&hellip;]<\/p>\n","protected":false},"author":1,"featured_media":0,"parent":0,"menu_order":0,"comment_status":"closed","ping_status":"closed","template":"","meta":{"_seopress_robots_primary_cat":"","_seopress_titles_title":"Camping avec service sur place \u00e0 Saint Cast le Guildo","_seopress_titles_desc":"Le camping La Crique \u00e0 Saint Cast le Guildo vous propose de nombreux services pour des vacances r\u00e9ussies : pr\u00eat de livres et jeux, point wifi gratuit...","_seopress_robots_index":"","footnotes":""},"class_list":["post-48","page","type-page","status-publish","hentry"],"_links":{"self":[{"href":"https:\/\/www.mirabel-crique.com\/en\/wp-json\/wp\/v2\/pages\/48","targetHints":{"allow":["GET"]}}],"collection":[{"href":"https:\/\/www.mirabel-crique.com\/en\/wp-json\/wp\/v2\/pages"}],"about":[{"href":"https:\/\/www.mirabel-crique.com\/en\/wp-json\/wp\/v2\/types\/page"}],"author":[{"embeddable":true,"href":"https:\/\/www.mirabel-crique.com\/en\/wp-json\/wp\/v2\/users\/1"}],"replies":[{"embeddable":true,"href":"https:\/\/www.mirabel-crique.com\/en\/wp-json\/wp\/v2\/comments?post=48"}],"version-history":[{"count":23,"href":"https:\/\/www.mirabel-crique.com\/en\/wp-json\/wp\/v2\/pages\/48\/revisions"}],"predecessor-version":[{"id":10831,"href":"https:\/\/www.mirabel-crique.com\/en\/wp-json\/wp\/v2\/pages\/48\/revisions\/10831"}],"wp:attachment":[{"href":"https:\/\/www.mirabel-crique.com\/en\/wp-json\/wp\/v2\/media?parent=48"}],"curies":[{"name":"wp","href":"https:\/\/api.w.org\/{rel}","templated":true}]}}