{"id":83,"date":"2021-12-10T14:30:08","date_gmt":"2021-12-10T13:30:08","guid":{"rendered":"https:\/\/www.campinglarenaudiere.com\/?page_id=83"},"modified":"2026-04-15T16:05:11","modified_gmt":"2026-04-15T14:05:11","slug":"faq-camping-bretagne","status":"publish","type":"page","link":"https:\/\/www.mirabel-crique.com\/en\/faq-camping-bretagne\/","title":{"rendered":"FAQ"},"content":{"rendered":"<h1 class=\"wp-block-heading\" id=\"faq-trouvez-la-reponse-a-vos-questions-sur-vos-vacances-au-camping-la-renaudiere\">FAQ - Find the answer to your questions about your holiday at camping La Crique<\/h1>\n\n\n\n<p class=\"has-text-align-center\">La Crique campsite can answer all your questions about your stay and the health measures in place.&nbsp;<strong>to ensure your stay is as safe as possible.<\/strong> &nbsp;Please consult these Frequently Asked Questions regularly and do not hesitate to contact us if you require any further information.<\/p>\n\n\n\n<figure class=\"wp-block-image aligncenter size-full\"><img decoding=\"async\" src=\"https:\/\/www.campinglarenaudiere.com\/wp-content\/uploads\/2022\/01\/barre-bleue.png\" alt=\"\" class=\"wp-image-2382\"\/><\/figure>\n\n\n\n<p><em>Updated on<em>&nbsp;11\/12\/2023&nbsp;<\/em> <\/em><\/p>\n\n\n\n<h2 class=\"wp-block-heading\" id=\"votre-reservation\">Your booking<\/h2>\n\n\n\n<figure class=\"wp-block-image size-full\"><img decoding=\"async\" src=\"https:\/\/www.campinglarenaudiere.com\/wp-content\/uploads\/2022\/01\/barre-bleue.png\" alt=\"\" class=\"wp-image-2382\"\/><\/figure>\n\n\n\n<div class=\"wp-block-create-block-sev-faq\"><div class=\"card sev-faq\"><a class=\"card-header d-flex\" href=\"#comment-reserver-un-sejour\" data-toggle=\"collapse\" role=\"button\" aria-expanded=\"false\" aria-controls=\"comment-reserver-un-sejour\"><div class=\"faq-question\">How do I book a holiday?<\/div><i class=\"fa fa-chevron-down\" aria-hidden=\"true\"><\/i><\/a><div class=\"card-body collapse multi-collapse\" id=\"comment-reserver-un-sejour\"><div class=\"faq-reponse\">- Online: on our website, select your accommodation and\/or dates of stay to check availability.  <strong><mark style=\"background-color:rgba(0, 0, 0, 0)\" class=\"has-inline-color has-turquoise-color\"><a rel=\"noreferrer noopener\" href=\"https:\/\/bookingpremium.secureholiday.net\/FR\/2865\/search\/\" target=\"_blank\">Reservation<\/a><\/mark><\/strong><br>- By telephone by calling reception on +33(0)2 96 41 89 19 (secure payment by credit card).<br>- By e-mail to <a href=\"mailto:crique@mirabel-campings.com\">crique@mirabel-campings.com<\/a><br><br>Reservations become effective and firm on receipt of a deposit of 30%. For more details, see&nbsp;<a rel=\"noreferrer noopener\" href=\"https:\/\/www.mirabel-crique.com\/wp-content\/uploads\/2022\/10\/CGV-Mirabel-Saint-Cast-20231.pdf\" target=\"_blank\">Terms and conditions of sale<\/a>.<\/div><\/div><\/div><\/div>\n\n\n\n<div class=\"wp-block-create-block-sev-faq\"><div class=\"card sev-faq\"><a class=\"card-header d-flex\" href=\"#comment-obtenir-un-devis-\" data-toggle=\"collapse\" role=\"button\" aria-expanded=\"false\" aria-controls=\"comment-obtenir-un-devis-\"><div class=\"faq-question\">How can I get a quote?<\/div><i class=\"fa fa-chevron-down\" aria-hidden=\"true\"><\/i><\/a><div class=\"card-body collapse multi-collapse\" id=\"comment-obtenir-un-devis-\"><div class=\"faq-reponse\">Visit our <a href=\"https:\/\/bookingpremium.secureholiday.net\/FR\/2865\/search\" target=\"_blank\" rel=\"noreferrer noopener\">online booking<\/a> or contact us by telephone to check availability and obtain a price for your stay.<\/div><\/div><\/div><\/div>\n\n\n\n<div class=\"wp-block-create-block-sev-faq\"><div class=\"card sev-faq\"><a class=\"card-header d-flex\" href=\"#puis-je-choisir-mon-emplacement-\" data-toggle=\"collapse\" role=\"button\" aria-expanded=\"false\" aria-controls=\"puis-je-choisir-mon-emplacement-\"><div class=\"faq-question\">Can I choose my location?<\/div><i class=\"fa fa-chevron-down\" aria-hidden=\"true\"><\/i><\/a><div class=\"card-body collapse multi-collapse\" id=\"puis-je-choisir-mon-emplacement-\"><div class=\"faq-reponse\">&nbsp;Yes, subject to availability and on request at the time of booking.<\/div><\/div><\/div><\/div>\n\n\n\n<div class=\"wp-block-create-block-sev-faq\"><div class=\"card sev-faq\"><a class=\"card-header d-flex\" href=\"#comment-annuler-ou-modifier-ma-reservation-\" data-toggle=\"collapse\" role=\"button\" aria-expanded=\"false\" aria-controls=\"comment-annuler-ou-modifier-ma-reservation-\"><div class=\"faq-question\">How do I cancel or change my booking?<\/div><i class=\"fa fa-chevron-down\" aria-hidden=\"true\"><\/i><\/a><div class=\"card-body collapse multi-collapse\" id=\"comment-annuler-ou-modifier-ma-reservation-\"><div class=\"faq-reponse\">Please contact us directly on +33(0)2 96 41 89 19 or write to us at <a href=\"mailto:crique@mirabel-campings.com\">crique@mirabel-campings.com<\/a><\/div><\/div><\/div><\/div>\n\n\n\n<div class=\"wp-block-create-block-sev-faq\"><div class=\"card sev-faq\"><a class=\"card-header d-flex\" href=\"#comment-puis-je-regler-mon-sejour-\" data-toggle=\"collapse\" role=\"button\" aria-expanded=\"false\" aria-controls=\"comment-puis-je-regler-mon-sejour-\"><div class=\"faq-question\">How can I pay for my stay?<\/div><i class=\"fa fa-chevron-down\" aria-hidden=\"true\"><\/i><\/a><div class=\"card-body collapse multi-collapse\" id=\"comment-puis-je-regler-mon-sejour-\"><div class=\"faq-reponse\">We accept the following payments: Carte Bleue, cheque, ANCV Connect, cash, and bank transfer.<\/div><\/div><\/div><\/div>\n\n\n\n<div style=\"height:60px\" aria-hidden=\"true\" class=\"wp-block-spacer\"><\/div>\n\n\n\n<h2 class=\"wp-block-heading\" id=\"votre-residence-secondaire\">Your second home<\/h2>\n\n\n\n<figure class=\"wp-block-image size-full\"><img decoding=\"async\" src=\"https:\/\/www.campinglarenaudiere.com\/wp-content\/uploads\/2022\/01\/barre-bleue.png\" alt=\"\" class=\"wp-image-2382\"\/><\/figure>\n\n\n\n<div class=\"wp-block-create-block-sev-faq\"><div class=\"card sev-faq\"><a class=\"card-header d-flex\" href=\"#comment-acheter-un-mobil-home-au-camping-\" data-toggle=\"collapse\" role=\"button\" aria-expanded=\"false\" aria-controls=\"comment-acheter-un-mobil-home-au-camping-\"><div class=\"faq-question\">How do I buy a mobile home at a campsite?<\/div><i class=\"fa fa-chevron-down\" aria-hidden=\"true\"><\/i><\/a><div class=\"card-body collapse multi-collapse\" id=\"comment-acheter-un-mobil-home-au-camping-\"><div class=\"faq-reponse\">La Crique campsite still has plots ready to welcome new residents. <br>Call us on +33(0)2 96 41 89 19 to find out more and see our mobile homes for sale.<\/div><\/div><\/div><\/div>\n\n\n\n<div class=\"wp-block-create-block-sev-faq\"><div class=\"card sev-faq\"><a class=\"card-header d-flex\" href=\"#choisir-son-mobil-home-neuf-ou-occasion-\" data-toggle=\"collapse\" role=\"button\" aria-expanded=\"false\" aria-controls=\"choisir-son-mobil-home-neuf-ou-occasion-\"><div class=\"faq-question\">Choosing your mobile home: new or used?<\/div><i class=\"fa fa-chevron-down\" aria-hidden=\"true\"><\/i><\/a><div class=\"card-body collapse multi-collapse\" id=\"choisir-son-mobil-home-neuf-ou-occasion-\"><div class=\"faq-reponse\">Browse our advertisements to find out the prices of <a href=\"https:\/\/www.mirabel-crique.com\/en\/mobile-homes-for-sale\/\" data-type=\"page\" data-id=\"65\">mobile homes for sale<\/a> on our campsite. Depending on your budget, you can choose to buy new or second-hand.<br><a href=\"https:\/\/www.mirabel-crique.com\/en\/contact-camping-crique\/\" data-type=\"page\" data-id=\"75\">Contact us for more information<\/a>.<\/div><\/div><\/div><\/div>\n\n\n\n<div class=\"wp-block-create-block-sev-faq\"><div class=\"card sev-faq\"><a class=\"card-header d-flex\" href=\"#comment-choisir-sa-parcelle-\" data-toggle=\"collapse\" role=\"button\" aria-expanded=\"false\" aria-controls=\"comment-choisir-sa-parcelle-\"><div class=\"faq-question\">How do you choose your plot?<\/div><i class=\"fa fa-chevron-down\" aria-hidden=\"true\"><\/i><\/a><div class=\"card-body collapse multi-collapse\" id=\"comment-choisir-sa-parcelle-\"><div class=\"faq-reponse\">If you are buying a new mobile home, you can choose your pitch when you place your order. If you buy a second-hand mobile home, it is on a pitch and cannot be moved.<\/div><\/div><\/div><\/div>\n\n\n\n<div class=\"wp-block-create-block-sev-faq\"><div class=\"card sev-faq\"><a class=\"card-header d-flex\" href=\"#puis-je-rester-toute-lannee-au-camping-\" data-toggle=\"collapse\" role=\"button\" aria-expanded=\"false\" aria-controls=\"puis-je-rester-toute-lannee-au-camping-\"><div class=\"faq-question\">Can I stay at the campsite all year round?<\/div><i class=\"fa fa-chevron-down\" aria-hidden=\"true\"><\/i><\/a><div class=\"card-body collapse multi-collapse\" id=\"puis-je-rester-toute-lannee-au-camping-\"><div class=\"faq-reponse\">Camping La Crique is not a Parc R\u00e9sidentiel de Loisirs (PRL) and is therefore not open all year round. You can therefore live on the campsite for as long as it is open, i.e. from 15 March to 15 November.<\/div><\/div><\/div><\/div>\n\n\n\n<div style=\"height:60px\" aria-hidden=\"true\" class=\"wp-block-spacer\"><\/div>\n\n\n\n<h2 class=\"wp-block-heading\" id=\"sur-place\">On site<\/h2>\n\n\n\n<figure class=\"wp-block-image size-full\"><img decoding=\"async\" src=\"https:\/\/www.campinglarenaudiere.com\/wp-content\/uploads\/2022\/01\/barre-bleue.png\" alt=\"\" class=\"wp-image-2382\"\/><\/figure>\n\n\n\n<div class=\"wp-block-create-block-sev-faq\"><div class=\"card sev-faq\"><a class=\"card-header d-flex\" href=\"#quelles-sont-les-dates-douverture-du-camping-\" data-toggle=\"collapse\" role=\"button\" aria-expanded=\"false\" aria-controls=\"quelles-sont-les-dates-douverture-du-camping-\"><div class=\"faq-question\">When is the campsite open?<\/div><i class=\"fa fa-chevron-down\" aria-hidden=\"true\"><\/i><\/a><div class=\"card-body collapse multi-collapse\" id=\"quelles-sont-les-dates-douverture-du-camping-\"><div class=\"faq-reponse\">Camping La Crique is open from 15 March to 15 November for residents and from the beginning of April to the end of October for holidaymakers.<\/div><\/div><\/div><\/div>\n\n\n\n<div class=\"wp-block-create-block-sev-faq\"><div class=\"card sev-faq\"><a class=\"card-header d-flex\" href=\"#dois-je-apporter-les-draps-\" data-toggle=\"collapse\" role=\"button\" aria-expanded=\"false\" aria-controls=\"dois-je-apporter-les-draps-\"><div class=\"faq-question\">Should I bring my own sheets?<\/div><i class=\"fa fa-chevron-down\" aria-hidden=\"true\"><\/i><\/a><div class=\"card-body collapse multi-collapse\" id=\"dois-je-apporter-les-draps-\"><div class=\"faq-reponse\">You can bring your own bed linen or hire it when you book or when you arrive at the campsite.  <a href=\"https:\/\/www.mirabel-crique.com\/en\/mobile-home-rental-rates\/\" data-type=\"page\" data-id=\"56\">See prices<\/a><\/div><\/div><\/div><\/div>\n\n\n\n<div class=\"wp-block-create-block-sev-faq\"><div class=\"card sev-faq\"><a class=\"card-header d-flex\" href=\"#les-animaux-sont-ils-acceptes-au-camping-\" data-toggle=\"collapse\" role=\"button\" aria-expanded=\"false\" aria-controls=\"les-animaux-sont-ils-acceptes-au-camping-\"><div class=\"faq-question\">Are pets allowed on the campsite? <\/div><i class=\"fa fa-chevron-down\" aria-hidden=\"true\"><\/i><\/a><div class=\"card-body collapse multi-collapse\" id=\"les-animaux-sont-ils-acceptes-au-camping-\"><div class=\"faq-reponse\">Yes, we know how difficult it can be to part with your pets. Our campsite accepts cats and dogs (except category 1 and 2). You will be required to walk your pet on a lead, both outside and in public and communal areas, to ensure the safety of all holidaymakers.<\/div><\/div><\/div><\/div>\n\n\n\n<div class=\"wp-block-create-block-sev-faq\"><div class=\"card sev-faq\"><a class=\"card-header d-flex\" href=\"#a-quelle-heure-puis-je-arriver-au-camping-\" data-toggle=\"collapse\" role=\"button\" aria-expanded=\"false\" aria-controls=\"a-quelle-heure-puis-je-arriver-au-camping-\"><div class=\"faq-question\">What time can I arrive at the campsite?<\/div><i class=\"fa fa-chevron-down\" aria-hidden=\"true\"><\/i><\/a><div class=\"card-body collapse multi-collapse\" id=\"a-quelle-heure-puis-je-arriver-au-camping-\"><div class=\"faq-reponse\">For rentals: arrival from 3 p.m. and departure before 10 a.m., for pitches: arrival from 2 p.m. and departure before 12 p.m.<\/div><\/div><\/div><\/div>\n\n\n\n<div class=\"wp-block-create-block-sev-faq\"><div class=\"card sev-faq\"><a class=\"card-header d-flex\" href=\"#ou-sortir-pendant-vos-vacances-a-saint-cast-le-guildo-\" data-toggle=\"collapse\" role=\"button\" aria-expanded=\"false\" aria-controls=\"ou-sortir-pendant-vos-vacances-a-saint-cast-le-guildo-\"><div class=\"faq-question\">Where to go out on holiday in Saint-Cast-le-Guildo?<\/div><i class=\"fa fa-chevron-down\" aria-hidden=\"true\"><\/i><\/a><div class=\"card-body collapse multi-collapse\" id=\"ou-sortir-pendant-vos-vacances-a-saint-cast-le-guildo-\"><div class=\"faq-reponse\">A wide range of activities and services are available in the <a href=\"https:\/\/www.mirabel-crique.com\/en\/good-addresses-links\/\" target=\"_blank\" rel=\"noreferrer noopener\">station<\/a>, water sports activities<a href=\"https:\/\/www.campings-vert-bleu.com\/saint-cast-cote-mer\" target=\"_blank\" rel=\"noreferrer noopener\">,<\/a> markets, tennis, riding school, guided tours, walks, restaurants, mini-golf, beaches, bike hire, shops, etc...<br>Come and see us at reception for all the local tourist information, which you can also find on our partners' websites and at <a href=\"https:\/\/www.dinan-capfrehel.com\/\" target=\"_blank\" rel=\"noreferrer noopener\">Tourist Office<\/a>.&nbsp;<\/div><\/div><\/div><\/div>","protected":false},"excerpt":{"rendered":"<p>FAQ &#8211; Trouvez la r\u00e9ponse \u00e0 vos questions sur vos vacances au camping La Crique Le camping La Crique r\u00e9pond [&hellip;]<\/p>\n","protected":false},"author":1,"featured_media":0,"parent":0,"menu_order":0,"comment_status":"closed","ping_status":"closed","template":"","meta":{"_seopress_robots_primary_cat":"","_seopress_titles_title":"Foire aux questions du camping La Crique - Saint Cast le Guildo","_seopress_titles_desc":"Foire aux questions diverses sur le camping La Crique (22) Saint Cast le Guildo : ouverture, COVID 19, locations, pass sanitaire...","_seopress_robots_index":"","footnotes":""},"class_list":["post-83","page","type-page","status-publish","hentry"],"_links":{"self":[{"href":"https:\/\/www.mirabel-crique.com\/en\/wp-json\/wp\/v2\/pages\/83","targetHints":{"allow":["GET"]}}],"collection":[{"href":"https:\/\/www.mirabel-crique.com\/en\/wp-json\/wp\/v2\/pages"}],"about":[{"href":"https:\/\/www.mirabel-crique.com\/en\/wp-json\/wp\/v2\/types\/page"}],"author":[{"embeddable":true,"href":"https:\/\/www.mirabel-crique.com\/en\/wp-json\/wp\/v2\/users\/1"}],"replies":[{"embeddable":true,"href":"https:\/\/www.mirabel-crique.com\/en\/wp-json\/wp\/v2\/comments?post=83"}],"version-history":[{"count":9,"href":"https:\/\/www.mirabel-crique.com\/en\/wp-json\/wp\/v2\/pages\/83\/revisions"}],"predecessor-version":[{"id":10824,"href":"https:\/\/www.mirabel-crique.com\/en\/wp-json\/wp\/v2\/pages\/83\/revisions\/10824"}],"wp:attachment":[{"href":"https:\/\/www.mirabel-crique.com\/en\/wp-json\/wp\/v2\/media?parent=83"}],"curies":[{"name":"wp","href":"https:\/\/api.w.org\/{rel}","templated":true}]}}