{"id":889,"date":"2021-12-20T11:10:21","date_gmt":"2021-12-20T10:10:21","guid":{"rendered":"https:\/\/www.campinglarenaudiere.com\/?page_id=889"},"modified":"2026-04-16T14:50:02","modified_gmt":"2026-04-16T12:50:02","slug":"hiking","status":"publish","type":"page","link":"https:\/\/www.mirabel-crique.com\/en\/les-experiences\/randonnees\/","title":{"rendered":"Our beautiful walks"},"content":{"rendered":"<figure class=\"wp-block-image alignright size-full is-resized\"><img decoding=\"async\" src=\"https:\/\/www.campinglarenaudiere.com\/wp-content\/uploads\/2021\/12\/Smile.png\" alt=\"smile practical\" class=\"wp-image-1947\" style=\"width:160px;height:107px\"\/><\/figure>\n\n\n\n<h1 class=\"wp-block-heading\" id=\"vivez-l-experience-loire-atlantique-en-famille\">On the way to the GR34 in C\u00f4tes d'Armor<\/h1>\n\n\n\n<p class=\"has-text-align-center\">It's impossible to visit Saint-Cast-le-Guildo without taking the famous GR34. This trail stretches for over 2,000 km, starting from Mont-Saint-Michel in Normandy and ending its route in Saint-Nazaire in Loire-Atlantique. So, if you enjoy walking, you'll be well catered for. Choose your direction, get your guide book, and let yourself be led to discover the most beautiful Breton gems.<\/p>\n\n\n\n<figure class=\"wp-block-image aligncenter size-full\"><img decoding=\"async\" src=\"https:\/\/www.campinglarenaudiere.com\/wp-content\/uploads\/2022\/01\/barre-bleue.png\" alt=\"\" class=\"wp-image-2382\"\/><\/figure>\n\n\n\n<div class=\"wp-block-media-text alignwide is-stacked-on-mobile is-image-fill-element\"><figure class=\"wp-block-media-text__media\"><a href=\"https:\/\/www.mirabel-crique.com\/wp-content\/uploads\/2022\/10\/1-crtb-ad7835_L_oeil-de-Paco-1.jpg\"><img loading=\"lazy\" decoding=\"async\" width=\"1024\" height=\"683\" src=\"https:\/\/www.mirabel-crique.com\/wp-content\/uploads\/2022\/10\/1-crtb-ad7835_L_oeil-de-Paco-1-1024x683.jpg\" alt=\"Beach in Brittany near the campsite\" class=\"wp-image-7653 size-full\" style=\"object-position:50% 50%\" srcset=\"https:\/\/www.mirabel-crique.com\/wp-content\/uploads\/2022\/10\/1-crtb-ad7835_L_oeil-de-Paco-1-1024x683.jpg 1024w, https:\/\/www.mirabel-crique.com\/wp-content\/uploads\/2022\/10\/1-crtb-ad7835_L_oeil-de-Paco-1-300x200.jpg 300w, https:\/\/www.mirabel-crique.com\/wp-content\/uploads\/2022\/10\/1-crtb-ad7835_L_oeil-de-Paco-1-768x512.jpg 768w, https:\/\/www.mirabel-crique.com\/wp-content\/uploads\/2022\/10\/1-crtb-ad7835_L_oeil-de-Paco-1.jpg 1200w\" sizes=\"auto, (max-width: 1024px) 100vw, 1024px\" \/><\/a><\/figure><div class=\"wp-block-media-text__content\">\n<h2 class=\"wp-block-heading\">Discover the Emerald Coast by sea<\/h2>\n\n\n\n<p>There's nothing better for getting a breath of fresh air than being able to walk facing the sea, with breathtaking scenery. By accessing the <a href=\"https:\/\/www.tourismebretagne.com\/selon-mes-envies\/randonnee-pedestre\/gr-34-le-sentier-des-douaniers\/\">Customs Officers' Path<\/a> From your campsite, head towards Saint-Brieuc and you'll stay almost constantly on the coast. On your way, you <strong>walk along the pier <\/strong>at St-Cast, taking a bit of height to admire the view of the port and<strong> The Guildo bay<\/strong> And, just a little further on, Fort La Latte. Continuing along the route, there are two \u00abCaps\u00bb to pass: Cap Fr\u00e9hel and Cap d\u2019Erquy! Cliffs, wild coast, lighthouse, panorama, coves: you're going to be spoiled for choice. Then, if you wish to continue the walk, push on to the Pink Granite Coast. Still following the sea along the path, you will thus reach Saint-Brieuc before joining Paimpol, Plougrescant, <strong>Perros-Guirec<\/strong> and its rocks of all shapes, its lighthouse, and obviously, its clear waters.<\/p>\n\n\n\n<p>Of course, even for the most seasoned hikers, you'll need several days to complete this route. But we know it's worth it! Get your trekking poles and boots ready!<\/p>\n<\/div><\/div>\n\n\n\n<div style=\"height:30px\" aria-hidden=\"true\" class=\"wp-block-spacer\"><\/div>\n\n\n\n<div class=\"wp-block-media-text alignwide has-media-on-the-right is-stacked-on-mobile front-page-section grey\"><div class=\"wp-block-media-text__content\">\n<p class=\"texte-rond has-orange-color has-text-color has-large-font-size\">Saint-Cast-le-Guildo between Land and Sea<\/p>\n\n\n\n<p>Many circuits exist in the commune of Saint-Cast. With its 18 km of beaches and countryside, it is the perfect playground for hiking enthusiasts. <strong>Visit the station<\/strong> thanks to <strong>marked trails <\/strong>from 3 km to 15 km and discover all its secrets.<\/p>\n\n\n\n<ul class=\"wp-block-list\">\n<li>For a <strong>seaside promenade<\/strong>, choose the yellow \u00abDe la Pointe de Saint-Cast\u00bb circuit or the light blue \u00abCircuit du Guildo\u00bb circuit. Both will take you along the coast to the north and east of St-Cast to the point, the Semaphore, or the Pointe de la Corbi\u00e8re, the Arguenon Bay and the 4 Vaulx beach.<\/li>\n<\/ul>\n\n\n\n<ul class=\"wp-block-list\">\n<li>For those who are rather <strong>Culture and history<\/strong>, The \u00abSt-Cast\/Matignon\u00bb and \u00abPen Guen \u2013 La Cour\u00bb circuits will lead you to the resort's monuments: washhouses, a chapel, mills, or even the Neo-Gothic Church and the Presbytery.<\/li>\n<\/ul>\n\n\n\n<ul class=\"wp-block-list\">\n<li>Finally, for the <strong>mad about nature<\/strong>, large open spaces and countryside, take the \u00abTro Breizh\u00bb circuit instead and immerse yourself in the very heart of the Rance Valley, follow the Gu\u00e9briand Valley for a green stroll.<\/li>\n<\/ul>\n\n\n\n<p>We recommend that you go to the<a href=\"https:\/\/www.dinan-capfrehel.com\/\" target=\"_blank\" rel=\"noreferrer noopener\">\u2019Tourist Office<\/a> to get the topo guides, itineraries and walking tips according to your desires and your level so that the whole family can fully enjoy the experience.<\/p>\n<\/div><figure class=\"wp-block-media-text__media\"><a href=\"https:\/\/www.mirabel-crique.com\/wp-content\/uploads\/2022\/10\/2-randonnee-GR34-crique.jpg\"><img loading=\"lazy\" decoding=\"async\" width=\"769\" height=\"1024\" src=\"https:\/\/www.mirabel-crique.com\/wp-content\/uploads\/2022\/10\/2-randonnee-GR34-crique-769x1024.jpg\" alt=\"A stroll through the heart of Saint-Cast-le-Guildo\" class=\"wp-image-7649 size-full\" srcset=\"https:\/\/www.mirabel-crique.com\/wp-content\/uploads\/2022\/10\/2-randonnee-GR34-crique-769x1024.jpg 769w, https:\/\/www.mirabel-crique.com\/wp-content\/uploads\/2022\/10\/2-randonnee-GR34-crique-225x300.jpg 225w, https:\/\/www.mirabel-crique.com\/wp-content\/uploads\/2022\/10\/2-randonnee-GR34-crique-768x1023.jpg 768w, https:\/\/www.mirabel-crique.com\/wp-content\/uploads\/2022\/10\/2-randonnee-GR34-crique.jpg 901w\" sizes=\"auto, (max-width: 769px) 100vw, 769px\" \/><\/a><\/figure><\/div>\n\n\n\n<div class=\"wp-block-group border border-info card p-4 is-layout-flow wp-block-group-is-layout-flow\">\n<p class=\"has-text-align-center has-turquoise-color has-text-color\"><strong>Good to know <\/strong><\/p>\n\n\n\n<figure class=\"wp-block-image aligncenter size-full\"><img loading=\"lazy\" decoding=\"async\" width=\"51\" height=\"8\" src=\"https:\/\/www.mirabel-crique.com\/wp-content\/uploads\/2022\/10\/barre-orange.png\" alt=\"bar\" class=\"wp-image-7323\"\/><\/figure>\n\n\n\n<p class=\"has-text-align-center\"><strong>GR\u00ae 34 Walker <\/strong>Make preparing your journey easier with <a href=\"https:\/\/itirando.bzh\/\" target=\"_blank\" rel=\"noreferrer noopener\">Itirando.bzh<\/a> !<\/p>\n\n\n\n<p class=\"has-text-align-center\">Our establishment is working in partnership with itirando.bzh to offer you the best resources for planning your hike on the GR34 in Brittany. In just a few clicks, your stages are organised!<\/p>\n\n\n\n<figure class=\"wp-block-image aligncenter size-large is-resized\"><a href=\"https:\/\/itirando.bzh\/\" target=\"_blank\" rel=\" noreferrer noopener\"><img loading=\"lazy\" decoding=\"async\" width=\"1024\" height=\"1018\" src=\"https:\/\/www.mirabel-crique.com\/wp-content\/uploads\/2026\/04\/Logo-itirando-pour-votre-site-internet-et-reseaux-sociaux-1024x1018.jpg\" alt=\"\" class=\"wp-image-10845\" style=\"aspect-ratio:1.006381783836218;width:193px;height:auto\" srcset=\"https:\/\/www.mirabel-crique.com\/wp-content\/uploads\/2026\/04\/Logo-itirando-pour-votre-site-internet-et-reseaux-sociaux-1024x1018.jpg 1024w, https:\/\/www.mirabel-crique.com\/wp-content\/uploads\/2026\/04\/Logo-itirando-pour-votre-site-internet-et-reseaux-sociaux-300x298.jpg 300w, https:\/\/www.mirabel-crique.com\/wp-content\/uploads\/2026\/04\/Logo-itirando-pour-votre-site-internet-et-reseaux-sociaux-150x150.jpg 150w, https:\/\/www.mirabel-crique.com\/wp-content\/uploads\/2026\/04\/Logo-itirando-pour-votre-site-internet-et-reseaux-sociaux-768x763.jpg 768w, https:\/\/www.mirabel-crique.com\/wp-content\/uploads\/2026\/04\/Logo-itirando-pour-votre-site-internet-et-reseaux-sociaux-12x12.jpg 12w, https:\/\/www.mirabel-crique.com\/wp-content\/uploads\/2026\/04\/Logo-itirando-pour-votre-site-internet-et-reseaux-sociaux.jpg 1420w\" sizes=\"auto, (max-width: 1024px) 100vw, 1024px\" \/><\/a><\/figure>\n\n\n\n<div style=\"height:10px\" aria-hidden=\"true\" class=\"wp-block-spacer\"><\/div>\n<\/div>\n\n\n\n<p class=\"has-text-align-center texte-rond has-large-font-size\">Discover our other experiences<\/p>\n\n\n\n<div class=\"wp-block-columns are-vertically-aligned-center h-20 front-page-section grey is-layout-flex wp-container-core-columns-is-layout-28f84493 wp-block-columns-is-layout-flex\">\n<div class=\"wp-block-column is-layout-flow wp-block-column-is-layout-flow\"><\/div>\n\n\n\n<div class=\"wp-block-column is-layout-flow wp-block-column-is-layout-flow\">\n<div class=\"wp-block-create-block-sevgutenberg-navigation\"><aside class=\"encart-sev-navigation small carre\"><a href=\"https:\/\/www.mirabel-crique.com\/en\/experiences\/breton-gastronomy\/\" class=\"d-flex flex-column align-items-center\"><div class=\"encart-title\"><span>Breton gastronomy<\/span><\/div><div class=\"vague\"><\/div><img decoding=\"async\" src=\"https:\/\/www.mirabel-crique.com\/wp-content\/uploads\/2022\/10\/1-galette-bretonne-poisson-gastronomie.png\" alt=\"galette \u00e0 d\u00e9guste rau camping\"\/><div class=\"ligne\"><\/div><div class=\"hover\"><\/div><\/a><\/aside><\/div>\n<\/div>\n\n\n\n<div class=\"wp-block-column is-vertically-aligned-center is-layout-flow wp-block-column-is-layout-flow\">\n<div class=\"wp-block-create-block-sevgutenberg-navigation\"><aside class=\"encart-sev-navigation small carre\"><a href=\"https:\/\/www.mirabel-crique.com\/en\/experiences\/experience-saint-cast-le-guildo\/\" class=\"d-flex flex-column align-items-center\"><div class=\"encart-title\"><span>Experience the Emerald Coast underwater!<\/span><\/div><div class=\"vague\"><\/div><img decoding=\"async\" src=\"https:\/\/www.mirabel-crique.com\/wp-content\/uploads\/2022\/10\/2-plongee-epave-bretagne-pixabay-1.jpg\" alt=\"diving in Brittany\"\/><div class=\"ligne\"><\/div><div class=\"hover\"><\/div><\/a><\/aside><\/div>\n<\/div>\n\n\n\n<div class=\"wp-block-column is-vertically-aligned-center is-layout-flow wp-block-column-is-layout-flow\"><\/div>\n<\/div>\n\n\n\n<p><\/p>","protected":false},"excerpt":{"rendered":"<p>En route pour le GR34 dans les C\u00f4tes d&rsquo;Amor Impossible de partir \u00e0 Saint-Cast-le-Guildo sans emprunter le fameux GR34. Celui-ci [&hellip;]<\/p>\n","protected":false},"author":1,"featured_media":0,"parent":272,"menu_order":0,"comment_status":"closed","ping_status":"closed","template":"","meta":{"_seopress_robots_primary_cat":"","_seopress_titles_title":"A la d\u00e9couverte des randonn\u00e9es en C\u00f4tes d'Armor","_seopress_titles_desc":"Tourisme nature sur les sentiers se trouvant \u00e0 proximit\u00e9 du camping La Crique en Bretagne","_seopress_robots_index":"","footnotes":""},"class_list":["post-889","page","type-page","status-publish","hentry"],"_links":{"self":[{"href":"https:\/\/www.mirabel-crique.com\/en\/wp-json\/wp\/v2\/pages\/889","targetHints":{"allow":["GET"]}}],"collection":[{"href":"https:\/\/www.mirabel-crique.com\/en\/wp-json\/wp\/v2\/pages"}],"about":[{"href":"https:\/\/www.mirabel-crique.com\/en\/wp-json\/wp\/v2\/types\/page"}],"author":[{"embeddable":true,"href":"https:\/\/www.mirabel-crique.com\/en\/wp-json\/wp\/v2\/users\/1"}],"replies":[{"embeddable":true,"href":"https:\/\/www.mirabel-crique.com\/en\/wp-json\/wp\/v2\/comments?post=889"}],"version-history":[{"count":9,"href":"https:\/\/www.mirabel-crique.com\/en\/wp-json\/wp\/v2\/pages\/889\/revisions"}],"predecessor-version":[{"id":10847,"href":"https:\/\/www.mirabel-crique.com\/en\/wp-json\/wp\/v2\/pages\/889\/revisions\/10847"}],"up":[{"embeddable":true,"href":"https:\/\/www.mirabel-crique.com\/en\/wp-json\/wp\/v2\/pages\/272"}],"wp:attachment":[{"href":"https:\/\/www.mirabel-crique.com\/en\/wp-json\/wp\/v2\/media?parent=889"}],"curies":[{"name":"wp","href":"https:\/\/api.w.org\/{rel}","templated":true}]}}