{"id":10573,"date":"2025-06-04T11:54:06","date_gmt":"2025-06-04T09:54:06","guid":{"rendered":"https:\/\/www.mirabel-crique.com\/?page_id=10573"},"modified":"2025-11-10T11:50:30","modified_gmt":"2025-11-10T10:50:30","slug":"onze-accommodatie","status":"publish","type":"page","link":"https:\/\/www.mirabel-crique.com\/nl\/nos-hebergements\/","title":{"rendered":"Onze accommodatie"},"content":{"rendered":"<h1 class=\"wp-block-heading\">Onze accommodatie<\/h1>\n\n\n\n<div class=\"wp-block-columns is-layout-flex wp-container-core-columns-is-layout-28f84493 wp-block-columns-is-layout-flex\">\n<div class=\"wp-block-column is-layout-flow wp-block-column-is-layout-flow\">\n<div class=\"wp-block-create-block-sevgutenberg\"><aside class=\"encart-sev big carre\"><a href=\"https:\/\/www.mirabel-crique.com\/nl\/kampeerplaats\/\" class=\"d-flex flex-column align-items-center\"><div class=\"encart-title\"><h3>Locaties<\/h3><\/div><div class=\"vague\"><\/div><img decoding=\"async\" src=\"https:\/\/www.mirabel-crique.com\/wp-content\/uploads\/2022\/10\/1-Crique-emplacements-mer.jpg\" alt=\"Kale kampeerplaatsen in Bretagne\"\/><div class=\"ligne\"><\/div><div class=\"hover\"><\/div><\/a><\/aside><\/div>\n<\/div>\n\n\n\n<div class=\"wp-block-column is-layout-flow wp-block-column-is-layout-flow\">\n<div class=\"wp-block-create-block-sevgutenberg\"><aside class=\"encart-sev big carre\"><a href=\"https:\/\/www.mirabel-crique.com\/nl\/huurprijzen-stacaravans\/\" class=\"d-flex flex-column align-items-center\"><div class=\"encart-title\"><h3>Stacaravans<\/h3><\/div><div class=\"vague\"><\/div><img decoding=\"async\" src=\"https:\/\/www.mirabel-crique.com\/wp-content\/uploads\/2022\/10\/1-location-mobil-home-sejour.jpg\" alt=\"stacaravan verhuur camping \"\/><div class=\"ligne\"><\/div><div class=\"hover\"><\/div><\/a><\/aside><\/div>\n<\/div>\n\n\n\n<div class=\"wp-block-column is-layout-flow wp-block-column-is-layout-flow\"><\/div>\n<\/div>","protected":false},"excerpt":{"rendered":"<p>Onze accommodatie<\/p>","protected":false},"author":1,"featured_media":0,"parent":0,"menu_order":0,"comment_status":"closed","ping_status":"closed","template":"","meta":{"_seopress_robots_primary_cat":"","_seopress_titles_title":"Les h\u00e9bergements du camping La Crique","_seopress_titles_desc":"D\u00e9couvrez notre camping 3 \u00e9toiles. Location d'h\u00e9bergements pour les familles. Camping en bord de mer \u00e0 Saint Cast le Guildo.","_seopress_robots_index":"","footnotes":""},"class_list":["post-10573","page","type-page","status-publish","hentry"],"_links":{"self":[{"href":"https:\/\/www.mirabel-crique.com\/nl\/wp-json\/wp\/v2\/pages\/10573","targetHints":{"allow":["GET"]}}],"collection":[{"href":"https:\/\/www.mirabel-crique.com\/nl\/wp-json\/wp\/v2\/pages"}],"about":[{"href":"https:\/\/www.mirabel-crique.com\/nl\/wp-json\/wp\/v2\/types\/page"}],"author":[{"embeddable":true,"href":"https:\/\/www.mirabel-crique.com\/nl\/wp-json\/wp\/v2\/users\/1"}],"replies":[{"embeddable":true,"href":"https:\/\/www.mirabel-crique.com\/nl\/wp-json\/wp\/v2\/comments?post=10573"}],"version-history":[{"count":2,"href":"https:\/\/www.mirabel-crique.com\/nl\/wp-json\/wp\/v2\/pages\/10573\/revisions"}],"predecessor-version":[{"id":10682,"href":"https:\/\/www.mirabel-crique.com\/nl\/wp-json\/wp\/v2\/pages\/10573\/revisions\/10682"}],"wp:attachment":[{"href":"https:\/\/www.mirabel-crique.com\/nl\/wp-json\/wp\/v2\/media?parent=10573"}],"curies":[{"name":"wp","href":"https:\/\/api.w.org\/{rel}","templated":true}]}}