{"id":10593,"date":"2025-09-24T14:53:01","date_gmt":"2025-09-24T12:53:01","guid":{"rendered":"https:\/\/www.mirabel-crique.com\/?page_id=10593"},"modified":"2025-09-30T15:04:50","modified_gmt":"2025-09-30T13:04:50","slug":"in-oktober-naar-de-camping-in-saint-cast-le-guildo","status":"publish","type":"page","link":"https:\/\/www.mirabel-crique.com\/nl\/les-experiences\/venir-au-camping-en-octobre-a-saint-cast-le-guildo\/","title":{"rendered":"Kamperen in oktober in Saint-Cast-le-Guildo"},"content":{"rendered":"<h1 class=\"wp-block-heading\">Kamperen in oktober in Saint-Cast-le-Guildo<\/h1>\n\n\n\n<p class=\"has-text-align-center\">Ben je op zoek naar een <strong>camping geopend in oktober<\/strong>e voor <strong>Allerheiligen <\/strong>of voor een <strong>weekend in Bretagne<\/strong> ? Onze 3-sterren camping La Crique in Saint-Cast-le-Guildo biedt stacaravans en staanplaatsen met uitzicht op zee van Fort La Latte.<\/p>\n\n\n\n<figure class=\"wp-block-image aligncenter size-full\"><img loading=\"lazy\" decoding=\"async\" width=\"50\" height=\"8\" src=\"https:\/\/www.mirabel-crique.com\/wp-content\/uploads\/2022\/11\/barre-bleue.png\" alt=\"bar\" class=\"wp-image-8062\"\/><\/figure>\n\n\n\n<div class=\"wp-block-media-text is-stacked-on-mobile\"><figure class=\"wp-block-media-text__media\"><img loading=\"lazy\" decoding=\"async\" width=\"600\" height=\"400\" src=\"https:\/\/www.mirabel-crique.com\/wp-content\/uploads\/2025\/09\/camping-octobre-crique-ouvert.jpg\" alt=\"3-sterren camping geopend in oktober saint cast le guildo\" class=\"wp-image-10600 size-full\" srcset=\"https:\/\/www.mirabel-crique.com\/wp-content\/uploads\/2025\/09\/camping-octobre-crique-ouvert.jpg 600w, https:\/\/www.mirabel-crique.com\/wp-content\/uploads\/2025\/09\/camping-octobre-crique-ouvert-300x200.jpg 300w\" sizes=\"auto, (max-width: 600px) 100vw, 600px\" \/><\/figure><div class=\"wp-block-media-text__content\">\n<h2 class=\"wp-block-heading\">Een 3-sterren camping opent in oktober in Bretagne<\/h2>\n\n\n\n<figure class=\"wp-block-image size-full\"><img loading=\"lazy\" decoding=\"async\" width=\"50\" height=\"8\" src=\"https:\/\/www.mirabel-crique.com\/wp-content\/uploads\/2022\/11\/barre-bleue.png\" alt=\"bar\" class=\"wp-image-8062\"\/><\/figure>\n\n\n\n<p>Als je je afvraagt waar je heen moet tijdens de <strong>Allerheiligen gezinsvakantie<\/strong>, wij hebben het antwoord. Onze camping Mirabel La Crique is geopend tot 26 oktober 2025. Genesteld in de heuvels boven Saint-Cast in de C\u00f4tes-d'Armor, zul je genieten van de rustige omgeving en het uitzicht op zee. Als je eenmaal hier bent, is er geen tekort aan faciliteiten <strong>voor het hele gezin<\/strong> Een speeltuin met schommels, trampoline, tafeltennis, petanquebanen en de \u00abTy Coin Randonneur\u00bb voor tentkampeerders.<\/p>\n\n\n\n<p><\/p>\n<\/div><\/div>\n\n\n\n<p><\/p>\n\n\n\n<div class=\"wp-block-media-text has-media-on-the-right is-stacked-on-mobile\"><div class=\"wp-block-media-text__content\">\n<h2 class=\"wp-block-heading\">Waar overnachten in Saint-Cast in oktober?<\/h2>\n\n\n\n<figure class=\"wp-block-image size-full\"><img loading=\"lazy\" decoding=\"async\" width=\"50\" height=\"8\" src=\"https:\/\/www.mirabel-crique.com\/wp-content\/uploads\/2022\/11\/barre-bleue.png\" alt=\"bar\" class=\"wp-image-8062\"\/><\/figure>\n\n\n\n<p>Op zoek naar uw <strong>accommodatie voor de Allerheiligen vakantie <\/strong>? Camping La Crique biedt de keuze uit huuraccommodaties of staanplaatsen, dicht bij Plage de la Mare, een ideale plek om te duiken en te zwemmen. Je kunt al je materiaal meenemen en het jezelf gemakkelijk maken in de accommodatie van je keuze.<\/p>\n\n\n\n<h3 class=\"wp-block-heading\"><strong>Onze recente stacaravans<\/strong><\/h3>\n\n\n\n<p>Van 1 tot 3 slaapkamers voor gezinsvakanties, <a href=\"https:\/\/www.mirabel-crique.com\/nl\/huurprijzen-stacaravans\/\" target=\"_blank\" rel=\"noreferrer noopener\">onze bungalows<\/a> zullen je verleiden met hun moderne en handige faciliteiten:<\/p>\n\n\n\n<ul class=\"wp-block-list\">\n<li>Volledig ingerichte keuken<\/li>\n\n\n\n<li>Woonkamer met televisie<\/li>\n\n\n\n<li>Slaapkamers met opbergruimte<\/li>\n\n\n\n<li><strong>Overdekt terras<\/strong><\/li>\n<\/ul>\n\n\n\n<h3 class=\"wp-block-heading\"><strong>Onze staanplaatsen met uitzicht op zee <\/strong><\/h3>\n\n\n\n<p>Kies voor je camper, caravan of omgebouwde bestelwagen voor <a href=\"https:\/\/www.mirabel-crique.com\/nl\/kampeerplaats\/\" target=\"_blank\" rel=\"noreferrer noopener\">ruime plaatsen<\/a> op camping La Crique. L\u2019<strong>ledigingsgebied<\/strong> kunt u uw voertuig een servicebeurt geven voordat u weer op weg gaat naar een andere bestemming in Bretagne of elders. Vanaf nu tot <strong>26\/10\/2025, profiteer van -20% op alle plaatsen!!!<\/strong><\/p>\n<\/div><figure class=\"wp-block-media-text__media\"><img loading=\"lazy\" decoding=\"async\" width=\"600\" height=\"400\" src=\"https:\/\/www.mirabel-crique.com\/wp-content\/uploads\/2025\/09\/location-mobil-home-octobre.jpg\" alt=\"verhuur van stacaravans in la crique in oktober\" class=\"wp-image-10604 size-full\" srcset=\"https:\/\/www.mirabel-crique.com\/wp-content\/uploads\/2025\/09\/location-mobil-home-octobre.jpg 600w, https:\/\/www.mirabel-crique.com\/wp-content\/uploads\/2025\/09\/location-mobil-home-octobre-300x200.jpg 300w\" sizes=\"auto, (max-width: 600px) 100vw, 600px\" \/><\/figure><\/div>\n\n\n\n<p><\/p>\n\n\n\n<div class=\"wp-block-media-text is-stacked-on-mobile front-page-section grey\"><figure class=\"wp-block-media-text__media\"><img loading=\"lazy\" decoding=\"async\" width=\"600\" height=\"400\" src=\"https:\/\/www.mirabel-crique.com\/wp-content\/uploads\/2025\/09\/restaurant-crique-snack.jpg\" alt=\"restaurant la crique open voor toussaint\" class=\"wp-image-10608 size-full\" srcset=\"https:\/\/www.mirabel-crique.com\/wp-content\/uploads\/2025\/09\/restaurant-crique-snack.jpg 600w, https:\/\/www.mirabel-crique.com\/wp-content\/uploads\/2025\/09\/restaurant-crique-snack-300x200.jpg 300w\" sizes=\"auto, (max-width: 600px) 100vw, 600px\" \/><\/figure><div class=\"wp-block-media-text__content\">\n<h2 class=\"wp-block-heading\">Restaurant La Crique en het terras met uitzicht op zee<\/h2>\n\n\n\n<figure class=\"wp-block-image size-full\"><img loading=\"lazy\" decoding=\"async\" width=\"50\" height=\"8\" src=\"https:\/\/www.mirabel-crique.com\/wp-content\/uploads\/2022\/11\/barre-bleue.png\" alt=\"bar\" class=\"wp-image-8062\"\/><\/figure>\n\n\n\n<p>Naast de camping ligt de<strong><a href=\"https:\/\/www.mirabel-crique.com\/nl\/restaurant-bar-snack\/\" target=\"_blank\" rel=\"noreferrer noopener\"> snackbar &amp; restaurant La Crique<\/a><\/strong> van Axel is <strong>open tot eind oktober<\/strong>e in Saint-Cast-le-Guildo. Axel, een inwoner van het resort, wil graag een <strong>gevarieerde keuken <\/strong>en kwaliteit met <strong>lokale en seizoensgebonden producten<\/strong>. Het menu verandert naargelang de stemming en inspiratie van het moment. Voorgerechten voor fijnproevers, oude gerechten, desserts van de dag, je vindt zeker wat je zoekt.<\/p>\n\n\n\n<p>Als je gewoon een <strong>terrasdrankjes<\/strong>, Het is ook mogelijk. Sommige tapas zijn beschikbaar om te delen als aperitief. Een tip: vergeet niet van tevoren te reserveren! <\/p>\n<\/div><\/div>\n\n\n\n<p><\/p>\n\n\n\n<div class=\"wp-block-media-text has-media-on-the-right is-stacked-on-mobile animate right\"><div class=\"wp-block-media-text__content\">\n<h3 class=\"wp-block-heading\">Allerheiligen gezinsvakantie in Saint-Cast<\/h3>\n\n\n\n<figure class=\"wp-block-image size-full\"><img loading=\"lazy\" decoding=\"async\" width=\"50\" height=\"8\" src=\"https:\/\/www.mirabel-crique.com\/wp-content\/uploads\/2022\/11\/barre-bleue.png\" alt=\"bar\" class=\"wp-image-8062\"\/><\/figure>\n\n\n\n<p>Je hebt besloten om met je kinderen en kleinkinderen te komen, alleen jullie 2, voor een <strong>herfstvakantie in Saint-Cast-le-Guildo<\/strong> en je had gelijk. De badplaats C\u00f4tes-d'Armor, op minder dan 30 minuten rijden van Cap Fr\u00e9hel, is een van de populairste badplaatsen ter wereld. <strong>ideale bestemming in oktober.<\/strong> Hier zijn enkele idee\u00ebn voor<strong>\u2018Activiteiten voor Allerheiligen<\/strong> in C\u00f4tes d'Armor :<\/p>\n\n\n\n<ul class=\"wp-block-list\">\n<li>Wandelen en hiken: de GR34, die vlak langs de camping loopt, nodigt je uit om langs de kust te wandelen en de prachtige baaien van Saint-Cast te ontdekken. Je komt bij Cap Fr\u00e9hel en zijn vuurtoren. Iets verderop biedt Cap d'Erquy met zijn wilde flora en fauna een complete onderbreking van de drukte.<\/li>\n\n\n\n<li>Culturele bezoeken: de stad Malouin, op minder dan 1 uur van de camping, is een must in de regio. Het oude centrum, <strong>de stadswallen van Saint-Malo<\/strong> wachten om ontdekt te worden. Het is ook een spectaculaire plek om te zijn tijdens vloed, wanneer de golven op de dijk beuken!<\/li>\n\n\n\n<li>Festival de la Coquille (Saint-Jacques) in Saint-Brieuc: 25 en 26 oktober 2025. Ambachtsmarkt, proeverij en andere evenementen op het programma<\/li>\n<\/ul>\n\n\n\n<p>De hele <strong>Allerheiligen in C\u00f4tes-d'Armor <\/strong>kan worden gevonden op de <a href=\"https:\/\/www.cotesdarmor.com\/agenda\/fetes-et-manifestations\/\" target=\"_blank\" rel=\"noreferrer noopener\">Toerisme C\u00f4tes-d'Armor<\/a>.<\/p>\n<\/div><figure class=\"wp-block-media-text__media\"><img loading=\"lazy\" decoding=\"async\" width=\"600\" height=\"400\" src=\"https:\/\/www.mirabel-crique.com\/wp-content\/uploads\/2025\/09\/randonne-cap-frehel-bretagne.jpg\" alt=\"dingen om te doen in de herfst c\u00f4tes d&#039;armor\" class=\"wp-image-10612 size-full\" srcset=\"https:\/\/www.mirabel-crique.com\/wp-content\/uploads\/2025\/09\/randonne-cap-frehel-bretagne.jpg 600w, https:\/\/www.mirabel-crique.com\/wp-content\/uploads\/2025\/09\/randonne-cap-frehel-bretagne-300x200.jpg 300w\" sizes=\"auto, (max-width: 600px) 100vw, 600px\" \/><\/figure><\/div>\n\n\n\n<p><\/p>","protected":false},"excerpt":{"rendered":"<p>Venir au camping en octobre \u00e0 Saint-Cast-le-Guildo Vous cherchez un camping ouvert en octobre pour les vacances de la Toussaint [&hellip;]<\/p>\n","protected":false},"author":2,"featured_media":0,"parent":272,"menu_order":0,"comment_status":"closed","ping_status":"closed","template":"","meta":{"_seopress_robots_primary_cat":"","_seopress_titles_title":"Camping octobre St-Cast-le-Guildo : s\u00e9jour en Bretagne","_seopress_titles_desc":"Profitez d\u2019un s\u00e9jour en camping en octobre \u00e0 Saint-Cast-le-Guildo. Mobil-homes, emplacements vue mer et activit\u00e9s d\u2019automne vous attendent en Bretagne.","_seopress_robots_index":"","footnotes":""},"class_list":["post-10593","page","type-page","status-publish","hentry"],"_links":{"self":[{"href":"https:\/\/www.mirabel-crique.com\/nl\/wp-json\/wp\/v2\/pages\/10593","targetHints":{"allow":["GET"]}}],"collection":[{"href":"https:\/\/www.mirabel-crique.com\/nl\/wp-json\/wp\/v2\/pages"}],"about":[{"href":"https:\/\/www.mirabel-crique.com\/nl\/wp-json\/wp\/v2\/types\/page"}],"author":[{"embeddable":true,"href":"https:\/\/www.mirabel-crique.com\/nl\/wp-json\/wp\/v2\/users\/2"}],"replies":[{"embeddable":true,"href":"https:\/\/www.mirabel-crique.com\/nl\/wp-json\/wp\/v2\/comments?post=10593"}],"version-history":[{"count":20,"href":"https:\/\/www.mirabel-crique.com\/nl\/wp-json\/wp\/v2\/pages\/10593\/revisions"}],"predecessor-version":[{"id":10640,"href":"https:\/\/www.mirabel-crique.com\/nl\/wp-json\/wp\/v2\/pages\/10593\/revisions\/10640"}],"up":[{"embeddable":true,"href":"https:\/\/www.mirabel-crique.com\/nl\/wp-json\/wp\/v2\/pages\/272"}],"wp:attachment":[{"href":"https:\/\/www.mirabel-crique.com\/nl\/wp-json\/wp\/v2\/media?parent=10593"}],"curies":[{"name":"wp","href":"https:\/\/api.w.org\/{rel}","templated":true}]}}