{"id":40,"date":"2021-12-10T14:14:32","date_gmt":"2021-12-10T13:14:32","guid":{"rendered":"https:\/\/www.campinglarenaudiere.com\/?page_id=40"},"modified":"2026-04-15T15:09:19","modified_gmt":"2026-04-15T13:09:19","slug":"restaurant-bar-snack","status":"publish","type":"page","link":"https:\/\/www.mirabel-crique.com\/nl\/restaurant-bar-snack\/","title":{"rendered":"Snackbar"},"content":{"rendered":"<h1 class=\"wp-block-heading\" id=\"restaurant-snack-bar-a-la-plaine-sur-mer\">Snackbar La Crique - Een must voor uw kampeervakantie<\/h1>\n\n\n\n<figure class=\"wp-block-image aligncenter size-full\"><img decoding=\"async\" src=\"https:\/\/www.campinglarenaudiere.com\/wp-content\/uploads\/2022\/01\/barre-bleue.png\" alt=\"bar\" class=\"wp-image-2382\"\/><\/figure>\n\n\n\n<div class=\"wp-block-media-text alignwide has-media-on-the-right is-stacked-on-mobile is-vertically-aligned-center animate right\"><div class=\"wp-block-media-text__content\">\n<h2 class=\"wp-block-heading\">Ontdek de Snack Bar op de camping in Saint-Cast-le-Guildo<\/h2>\n\n\n\n<figure class=\"wp-block-image size-full\"><img loading=\"lazy\" decoding=\"async\" width=\"50\" height=\"8\" src=\"https:\/\/www.mirabel-crique.com\/wp-content\/uploads\/2022\/11\/barre-bleue.png\" alt=\"bar\" class=\"wp-image-8062\"\/><\/figure>\n\n\n\n<p>La Crique is 6 dagen per week geopend en is de ideale plek om te genieten van een lichte verfrissing, een glas wijn te delen of te ontspannen met een vriend. <strong>lunch <\/strong>of <strong>diner <\/strong>met je geliefden. Het nieuwe Snack-team werd in 2022 volledig gerenoveerd en wilde het etablissement een modern en comfortabel tintje geven, tot groot genoegen van onze klanten.<br>U kunt ervoor kiezen om <strong>met uitzicht op zee<\/strong>, bij de \u00abcocooning\u00bb hoek of in de overdekte binnenruimte voor koelere dagen. Buiten en binnen is de decoratie verzorgd: kleine slingers, gedimd licht, bankjes en tafels van palletten, chiliennes en een jeu de boules baan voor uw partijen jeu de boules of M\u00f6lkky. Alles is aanwezig om u te verwelkomen in een <strong>ontspannen en vrolijke sfeer<\/strong>. Axel, de leidinggevende van de vestiging, wil u graag het gevoel geven dat u thuis bent!<\/p>\n<\/div><figure class=\"wp-block-media-text__media\"><img loading=\"lazy\" decoding=\"async\" width=\"600\" height=\"450\" src=\"https:\/\/www.mirabel-crique.com\/wp-content\/uploads\/2026\/04\/snack-bar-crique-2026.jpg\" alt=\"binnenbar snackbar de baai\" class=\"wp-image-10799 size-full\" srcset=\"https:\/\/www.mirabel-crique.com\/wp-content\/uploads\/2026\/04\/snack-bar-crique-2026.jpg 600w, https:\/\/www.mirabel-crique.com\/wp-content\/uploads\/2026\/04\/snack-bar-crique-2026-300x225.jpg 300w, https:\/\/www.mirabel-crique.com\/wp-content\/uploads\/2026\/04\/snack-bar-crique-2026-16x12.jpg 16w\" sizes=\"auto, (max-width: 600px) 100vw, 600px\" \/><\/figure><\/div>\n\n\n\n<div style=\"height:14px\" aria-hidden=\"true\" class=\"wp-block-spacer\"><\/div>\n\n\n\n<div class=\"wp-block-media-text alignwide is-stacked-on-mobile front-page-section grey animate left\"><figure class=\"wp-block-media-text__media\"><img loading=\"lazy\" decoding=\"async\" width=\"450\" height=\"600\" src=\"https:\/\/www.mirabel-crique.com\/wp-content\/uploads\/2026\/04\/plat-restaurant-snack-crique.jpg\" alt=\"\" class=\"wp-image-10800 size-full\" srcset=\"https:\/\/www.mirabel-crique.com\/wp-content\/uploads\/2026\/04\/plat-restaurant-snack-crique.jpg 450w, https:\/\/www.mirabel-crique.com\/wp-content\/uploads\/2026\/04\/plat-restaurant-snack-crique-225x300.jpg 225w, https:\/\/www.mirabel-crique.com\/wp-content\/uploads\/2026\/04\/plat-restaurant-snack-crique-9x12.jpg 9w\" sizes=\"auto, (max-width: 450px) 100vw, 450px\" \/><\/figure><div class=\"wp-block-media-text__content\">\n<p class=\"texte-rond has-orange-color has-text-color has-large-font-size\">We eten hier lokaal!<\/p>\n\n\n\n<p>Het team van La Crique weet hoe ze met anderen moeten samenwerken om een gevarieerd menu van hoge kwaliteit te bieden. De producten komen rechtstreeks van <strong>Saint-Cast producenten<\/strong> en de omgeving, zoals Gwen's bakkerij voor biologische hamburgerbroodjes, en de mosselen die worden geoogst in Saint-Cast. Het fruit en de groenten worden zorgvuldig gekozen en de drankjes smaakvol. Daarna is het de beurt aan Corentin in de keuken om elk gerecht ter plekke te bereiden! Een tip op het hoogtepunt van het seizoen: volg ze op Instagram om te zien wat er in de aanbieding is. <strong>maaltijden van het moment<\/strong> en vergeet niet van tevoren te reserveren!<\/p>\n\n\n\n<p>Om op de hoogte te blijven van al ons nieuws, <\/p>\n\n\n\n<p class=\"texte-rond has-orange-color has-text-color has-link-color has-large-font-size wp-elements-7eb813ed48178f155985f3b978a65490\">Volg ons op social media: <\/p>\n\n\n\n<div style=\"height:29px\" aria-hidden=\"true\" class=\"wp-block-spacer\"><\/div>\n\n\n\n<div class=\"wp-block-buttons is-layout-flex wp-block-buttons-is-layout-flex\">\n<div class=\"wp-block-button aligncenter\"><a class=\"wp-block-button__link has-turquoise-background-color has-background wp-element-button\" href=\"https:\/\/www.instagram.com\/la_crique_stk\/\" target=\"_blank\" rel=\"noreferrer noopener\"><strong>Instagram<\/strong><\/a><\/div>\n\n\n\n<div class=\"wp-block-button aligncenter\"><a class=\"wp-block-button__link has-turquoise-background-color has-background wp-element-button\" href=\"https:\/\/www.facebook.com\/BarSnackLaCrique\" target=\"_blank\" rel=\"noreferrer noopener\"><strong>Facebook<\/strong><\/a><\/div>\n<\/div>\n<\/div><\/div>\n\n\n\n<div class=\"wp-block-media-text alignwide has-media-on-the-right is-stacked-on-mobile is-image-fill-element animate right\"><div class=\"wp-block-media-text__content\">\n<h2 class=\"wp-block-heading\">Le Snack Bar la Crique komt in juli-augustus tot leven<\/h2>\n\n\n\n<figure class=\"wp-block-image size-full\"><img loading=\"lazy\" decoding=\"async\" width=\"50\" height=\"8\" src=\"https:\/\/www.mirabel-crique.com\/wp-content\/uploads\/2022\/11\/barre-bleue.png\" alt=\"bar\" class=\"wp-image-8062\"\/><\/figure>\n\n\n\n<p>Geniet van een drankje of een maaltijd op het terras met uitzicht op zee. La Crique is de plek bij uitstek voor een ontspannen vakantie met het gezin of met vrienden! Als je op 3-sterrencamping La Crique verblijft, kun je op de terugweg van het strand of op een mooie zomeravond genieten van deze niet te missen plek!<\/p>\n\n\n\n<div class=\"wp-block-group border border-info card p-4 is-layout-flow wp-block-group-is-layout-flow\">\n<p class=\"has-text-align-center has-turquoise-color has-text-color\"><strong>Praktijk <\/strong><\/p>\n\n\n\n<figure class=\"wp-block-image aligncenter size-full\"><img loading=\"lazy\" decoding=\"async\" width=\"51\" height=\"8\" src=\"https:\/\/www.mirabel-crique.com\/wp-content\/uploads\/2022\/10\/barre-orange.png\" alt=\"bar\" class=\"wp-image-7323\"\/><\/figure>\n\n\n\n<p class=\"has-text-align-center\">La Crique - Plage de la Mare - 22 830 Saint-Cast-le-Guildo<br>Instagram : <a href=\"https:\/\/www.instagram.com\/la_crique_stk\/\" target=\"_blank\" rel=\"noreferrer noopener\">@la_crique_stk<\/a><br>Voor boekingen: <strong>0296838776<\/strong><br>Gesloten op woensdag<\/p>\n<\/div>\n<\/div><figure class=\"wp-block-media-text__media\"><img loading=\"lazy\" decoding=\"async\" width=\"450\" height=\"600\" src=\"https:\/\/www.mirabel-crique.com\/wp-content\/uploads\/2026\/04\/fete-snack-bar-crique-ete.jpg\" alt=\"\" class=\"wp-image-10803 size-full\" style=\"object-position:51% 63%\" srcset=\"https:\/\/www.mirabel-crique.com\/wp-content\/uploads\/2026\/04\/fete-snack-bar-crique-ete.jpg 450w, https:\/\/www.mirabel-crique.com\/wp-content\/uploads\/2026\/04\/fete-snack-bar-crique-ete-225x300.jpg 225w, https:\/\/www.mirabel-crique.com\/wp-content\/uploads\/2026\/04\/fete-snack-bar-crique-ete-9x12.jpg 9w\" sizes=\"auto, (max-width: 450px) 100vw, 450px\" \/><\/figure><\/div>\n\n\n\n<p class=\"has-text-align-center texte-rond mt-5 has-large-font-size\">Ontdek de camping<\/p>\n\n\n\n<div class=\"wp-block-columns h-20 front-page-section grey is-layout-flex wp-container-core-columns-is-layout-28f84493 wp-block-columns-is-layout-flex\">\n<div class=\"wp-block-column is-layout-flow wp-block-column-is-layout-flow\" style=\"flex-basis:20%\"><\/div>\n\n\n\n<div class=\"wp-block-column is-layout-flow wp-block-column-is-layout-flow\">\n<div class=\"wp-block-create-block-sevgutenberg-navigation\"><aside class=\"encart-sev-navigation small carre\"><a href=\"https:\/\/www.mirabel-crique.com\/nl\/kampeerplaats\/\" class=\"d-flex flex-column align-items-center\"><div class=\"encart-title\"><span>Kampeerplaatsen<\/span><\/div><div class=\"vague\"><\/div><img decoding=\"async\" src=\"https:\/\/www.mirabel-crique.com\/wp-content\/uploads\/2022\/10\/emplacements-vue-mer-Crique.jpg\" alt=\"kampeerplaats met uitzicht op zee \"\/><div class=\"ligne\"><\/div><div class=\"hover\"><\/div><\/a><\/aside><\/div>\n<\/div>\n\n\n\n<div class=\"wp-block-column is-layout-flow wp-block-column-is-layout-flow\">\n<div class=\"wp-block-create-block-sevgutenberg-navigation\"><aside class=\"encart-sev-navigation small carre\"><a href=\"https:\/\/www.mirabel-crique.com\/nl\/sint-cast-le-guildo\/\" class=\"d-flex flex-column align-items-center\"><div class=\"encart-title\"><span>Saint Cast le Guildo<\/span><\/div><div class=\"vague\"><\/div><img decoding=\"async\" src=\"https:\/\/www.mirabel-crique.com\/wp-content\/uploads\/2022\/10\/3-plage-st-cast.jpg\" alt=\"\"\/><div class=\"ligne\"><\/div><div class=\"hover\"><\/div><\/a><\/aside><\/div>\n<\/div>\n\n\n\n<div class=\"wp-block-column is-layout-flow wp-block-column-is-layout-flow\">\n<div class=\"wp-block-create-block-sevgutenberg-navigation\"><aside class=\"encart-sev-navigation small carre\"><a href=\"https:\/\/www.mirabel-crique.com\/nl\/sport-en-vrijetijdsactiviteiten\/\" class=\"d-flex flex-column align-items-center\"><div class=\"encart-title\"><span>Sport en vrije tijd <\/span><\/div><div class=\"vague\"><\/div><img decoding=\"async\" src=\"https:\/\/www.mirabel-crique.com\/wp-content\/uploads\/2022\/10\/2-home-ball-camping-jeu.jpg\" alt=\"\"\/><div class=\"ligne\"><\/div><div class=\"hover\"><\/div><\/a><\/aside><\/div>\n<\/div>\n\n\n\n<div class=\"wp-block-column is-layout-flow wp-block-column-is-layout-flow\" style=\"flex-basis:20%\"><\/div>\n<\/div>\n\n\n\n<figure class=\"wp-block-image aligncenter size-large is-resized mt-5\"><img decoding=\"async\" src=\"https:\/\/www.campinglarenaudiere.com\/wp-content\/uploads\/2022\/01\/photo-1024x84.png\" alt=\"fotogalerij\" class=\"wp-image-2371\" style=\"width:768px;height:63px\"\/><\/figure>\n\n\n\t\t\t<div id=\"sevgallery-1588947853\" class=\"sev-diaporama sev-diaporama-portfolio\">\r\n\t\t\t\t<div class=\"row\">\r\n\r\n\t\t\t\t\t\r\n\t\t\t\t\t\t\r\n\t\t\t\t\t\t<div class=\"sev-diaporama-portfolio-item   btnseeall btnseeall-xl col-12 col-md  col-grow\">\r\n\t\t\t\t\t\t\t<a href=\"https:\/\/www.mirabel-crique.com\/wp-content\/uploads\/2022\/10\/bar-la-crique-comptoir-1024x768.jpg\" data-lightbox=\"sevgallery-1588947853\" style=\"background-image: url(https:\/\/www.mirabel-crique.com\/wp-content\/uploads\/2022\/10\/bar-la-crique-comptoir-1024x768.jpg)\">\r\n\t\t\t\t\t\t\t\t<img decoding=\"async\" src=\"https:\/\/www.mirabel-crique.com\/wp-content\/uploads\/2022\/10\/bar-la-crique-comptoir-1024x768.jpg\" alt=\"snackbar op de camping\" loading=\"lazy\">\r\n\t\t\t\t\t\t\t\t\t\t\t\t\t\t\t<\/a>\r\n\t\t\t\t\t\t<\/div>\r\n\r\n\t\t\t\t\t\t\r\n\t\t\t\t\t\t\t\t\t\t\t\t\t\t\t\t\t\r\n\t\t\t\t\t\t\r\n\t\t\t\t\t\t<div class=\"sev-diaporama-portfolio-item   btnseeall btnseeall-xl col-12 col-md  col-shrink\">\r\n\t\t\t\t\t\t\t<a href=\"https:\/\/www.mirabel-crique.com\/wp-content\/uploads\/2022\/10\/bar-restaurant-burger-1-1024x929.jpg\" data-lightbox=\"sevgallery-1588947853\" style=\"background-image: url(https:\/\/www.mirabel-crique.com\/wp-content\/uploads\/2022\/10\/bar-restaurant-burger-1-1024x929.jpg)\">\r\n\t\t\t\t\t\t\t\t<img decoding=\"async\" src=\"https:\/\/www.mirabel-crique.com\/wp-content\/uploads\/2022\/10\/bar-restaurant-burger-1-1024x929.jpg\" alt=\"snackbar op de camping in Bretagne\" loading=\"lazy\">\r\n\t\t\t\t\t\t\t\t\t\t\t\t\t\t\t<\/a>\r\n\t\t\t\t\t\t<\/div>\r\n\r\n\t\t\t\t\t\t\r\n\t\t\t\t\t\t\t\t\t\t\t\t\t\t\t\t\t\r\n\t\t\t\t\t\t\r\n\t\t\t\t\t\t<div class=\"sev-diaporama-portfolio-item   btnseeall btnseeall-xl col-12 col-md  col-grow\">\r\n\t\t\t\t\t\t\t<a href=\"https:\/\/www.mirabel-crique.com\/wp-content\/uploads\/2022\/10\/bar-restaurant-crique-terrasse2-2-1024x683.jpg\" data-lightbox=\"sevgallery-1588947853\" style=\"background-image: url(https:\/\/www.mirabel-crique.com\/wp-content\/uploads\/2022\/10\/bar-restaurant-crique-terrasse2-2-1024x683.jpg)\">\r\n\t\t\t\t\t\t\t\t<img decoding=\"async\" src=\"https:\/\/www.mirabel-crique.com\/wp-content\/uploads\/2022\/10\/bar-restaurant-crique-terrasse2-2-1024x683.jpg\" alt=\"snackbar met terras Bretagne\" loading=\"lazy\">\r\n\t\t\t\t\t\t\t\t\t\t\t\t\t\t\t<\/a>\r\n\t\t\t\t\t\t<\/div>\r\n\r\n\t\t\t\t\t\t\r\n\t\t\t\t\t\t\t\t\t\t\t\t\t\t\t\t\t\r\n\t\t\t\t\t\t\r\n\t\t\t\t\t\t<div class=\"sev-diaporama-portfolio-item   btnseeall btnseeall-xl col-12 col-md\">\r\n\t\t\t\t\t\t\t<a href=\"https:\/\/www.mirabel-crique.com\/wp-content\/uploads\/2022\/10\/crique-restaurant-terrasse-vue-mer-768x1024.jpg\" data-lightbox=\"sevgallery-1588947853\" style=\"background-image: url(https:\/\/www.mirabel-crique.com\/wp-content\/uploads\/2022\/10\/crique-restaurant-terrasse-vue-mer-768x1024.jpg)\">\r\n\t\t\t\t\t\t\t\t<img decoding=\"async\" src=\"https:\/\/www.mirabel-crique.com\/wp-content\/uploads\/2022\/10\/crique-restaurant-terrasse-vue-mer-768x1024.jpg\" alt=\"snackbar op de camping aan zee\" loading=\"lazy\">\r\n\t\t\t\t\t\t\t\t\t\t\t\t\t\t\t<\/a>\r\n\t\t\t\t\t\t<\/div>\r\n\r\n\t\t\t\t\t\t\t\t\t\t\t\t\t<div class=\"w-100\"><\/div>\r\n\t\t\t\t\t\t\t\t\t\t\t\t\t\r\n\t\t\t\t\t\t\t\t\t\t\t\t\t\t\t\t\t\r\n\t\t\t\t\t\t\r\n\t\t\t\t\t\t<div class=\"sev-diaporama-portfolio-item   btnseeall btnseeall-xl col-12 col-md  col-shrink\">\r\n\t\t\t\t\t\t\t<a href=\"https:\/\/www.mirabel-crique.com\/wp-content\/uploads\/2022\/10\/restaurant-crique-plat-viande-1024x993.jpg\" data-lightbox=\"sevgallery-1588947853\" style=\"background-image: url(https:\/\/www.mirabel-crique.com\/wp-content\/uploads\/2022\/10\/restaurant-crique-plat-viande-1024x993.jpg)\">\r\n\t\t\t\t\t\t\t\t<img decoding=\"async\" src=\"https:\/\/www.mirabel-crique.com\/wp-content\/uploads\/2022\/10\/restaurant-crique-plat-viande-1024x993.jpg\" alt=\"camping aan zee St Cast le Guildo\" loading=\"lazy\">\r\n\t\t\t\t\t\t\t\t\t\t\t\t\t\t\t<\/a>\r\n\t\t\t\t\t\t<\/div>\r\n\r\n\t\t\t\t\t\t\r\n\t\t\t\t\t\t\t\t\t\t\t\t\t\t\t\t\t\r\n\t\t\t\t\t\t\r\n\t\t\t\t\t\t<div class=\"sev-diaporama-portfolio-item   btnseeall btnseeall-xl col-12 col-md\">\r\n\t\t\t\t\t\t\t<a href=\"https:\/\/www.mirabel-crique.com\/nl\/photos-camping-crique\/\"  style=\"background-image: url(https:\/\/www.mirabel-crique.com\/wp-content\/uploads\/2022\/10\/snac-bar-crique-accueil-1-576x1024.jpg)\">\r\n\t\t\t\t\t\t\t\t<img decoding=\"async\" src=\"https:\/\/www.mirabel-crique.com\/wp-content\/uploads\/2022\/10\/snac-bar-crique-accueil-1-576x1024.jpg\" alt=\"ontvangst in de snackbar van camping Bretagne\" loading=\"lazy\">\r\n\t\t\t\t\t\t\t\t\t\t\t\t\t\t\t<\/a>\r\n\t\t\t\t\t\t<\/div>\r\n\r\n\t\t\t\t\t\t\r\n\t\t\t\t\t\t\t\t\t\t\t\t\t\t\t\t\t\r\n\t\t\t\t\t\t\r\n\t\t\t\t\t\t<div class=\"sev-diaporama-portfolio-item   btnseeall btnseeall-xl col-12 col-md  col-grow\">\r\n\t\t\t\t\t\t\t<a href=\"https:\/\/www.mirabel-crique.com\/wp-content\/uploads\/2026\/04\/header-page-snack-bar-crique-1-1024x421.jpg\" data-lightbox=\"sevgallery-1588947853\" style=\"background-image: url(https:\/\/www.mirabel-crique.com\/wp-content\/uploads\/2026\/04\/header-page-snack-bar-crique-1-1024x421.jpg)\">\r\n\t\t\t\t\t\t\t\t<img decoding=\"async\" src=\"https:\/\/www.mirabel-crique.com\/wp-content\/uploads\/2026\/04\/header-page-snack-bar-crique-1-1024x421.jpg\" alt=\"header snackbar terras met uitzicht op zee\" loading=\"lazy\">\r\n\t\t\t\t\t\t\t\t\t\t\t\t\t\t\t<\/a>\r\n\t\t\t\t\t\t<\/div>\r\n\r\n\t\t\t\t\t\t\r\n\t\t\t\t\t\t\t\t\t\t\t\t\t\t\t\t\t\r\n\t\t\t\t\t\t\r\n\t\t\t\t\t\t<div class=\"sev-diaporama-portfolio-item   btnseeall btnseeall-xl col-12 col-md\">\r\n\t\t\t\t\t\t\t<a href=\"https:\/\/www.mirabel-crique.com\/wp-content\/uploads\/2026\/04\/header-page-snack-bar-crique-1024x421.jpg\" data-lightbox=\"sevgallery-1588947853\" style=\"background-image: url(https:\/\/www.mirabel-crique.com\/wp-content\/uploads\/2026\/04\/header-page-snack-bar-crique-1024x421.jpg)\">\r\n\t\t\t\t\t\t\t\t<img decoding=\"async\" src=\"https:\/\/www.mirabel-crique.com\/wp-content\/uploads\/2026\/04\/header-page-snack-bar-crique-1024x421.jpg\" alt=\"\" loading=\"lazy\">\r\n\t\t\t\t\t\t\t\t\t\t\t\t\t\t\t<\/a>\r\n\t\t\t\t\t\t<\/div>\r\n\r\n\t\t\t\t\t\t\t\t\t\t\t\t\t<div class=\"w-100\"><\/div>\r\n\t\t\t\t\t\t\t\t\t\t\t\t\t\r\n\t\t\t\t\t\t\t\t\t\t\t\t\t\t\t\t\t\r\n\t\t\t\t\t\t\r\n\t\t\t\t\t\t<div class=\"sev-diaporama-portfolio-item   btnseeall btnseeall-xl col-12 col-md  col-grow\">\r\n\t\t\t\t\t\t\t<a href=\"https:\/\/www.mirabel-crique.com\/wp-content\/uploads\/2026\/04\/fete-snack-bar-crique-ete.jpg\" data-lightbox=\"sevgallery-1588947853\" style=\"background-image: url(https:\/\/www.mirabel-crique.com\/wp-content\/uploads\/2026\/04\/fete-snack-bar-crique-ete.jpg)\">\r\n\t\t\t\t\t\t\t\t<img decoding=\"async\" src=\"https:\/\/www.mirabel-crique.com\/wp-content\/uploads\/2026\/04\/fete-snack-bar-crique-ete.jpg\" alt=\"Juli-augustus feest snackbar la crique\" loading=\"lazy\">\r\n\t\t\t\t\t\t\t\t\t\t\t\t\t\t\t<\/a>\r\n\t\t\t\t\t\t<\/div>\r\n\r\n\t\t\t\t\t\t\r\n\t\t\t\t\t\t\t\t\t\t\t\t\t\t\t\t\t\r\n\t\t\t\t\t\t\r\n\t\t\t\t\t\t<div class=\"sev-diaporama-portfolio-item  limitsm btnseeall btnseeall-xl col-12 col-md  last-visible\">\r\n\t\t\t\t\t\t\t<a href=\"https:\/\/www.mirabel-crique.com\/wp-content\/uploads\/2026\/04\/plat-restaurant-snack-crique.jpg\" data-lightbox=\"sevgallery-1588947853\" style=\"background-image: url(https:\/\/www.mirabel-crique.com\/wp-content\/uploads\/2026\/04\/plat-restaurant-snack-crique.jpg)\">\r\n\t\t\t\t\t\t\t\t<img decoding=\"async\" src=\"https:\/\/www.mirabel-crique.com\/wp-content\/uploads\/2026\/04\/plat-restaurant-snack-crique.jpg\" alt=\"gerecht van restaurant la crique saint cast\" loading=\"lazy\">\r\n\t\t\t\t\t\t\t\t\t\t\t\t\t\t\t\t\t<img decoding=\"async\" src=\"https:\/\/www.mirabel-crique.com\/wp-content\/themes\/lacrique\/assets\/img\/voir-photos.png\" alt=\"\" \/>\r\n\t\t\t\t\t\t\t\t\t<span>Bekijk alle foto's<\/span>\r\n\t\t\t\t\t\t\t\t\t\t\t\t\t\t\t<\/a>\r\n\t\t\t\t\t\t<\/div>\r\n\r\n\t\t\t\t\t\t\r\n\t\t\t\t\t\t\t\t\t\t\t\t\t\t\t\t\t\t\t\t\t<\/div>\r\n\t\t\t<\/div>\r\n\r\n\t\t\t<script>\r\n\t\t\tjQuery(function($) {\r\n\r\n\t\t\t\tvar marginPortfolio = function() {\r\n\r\n\t\t\t\t\tvar $diapo          = $('#sevgallery-1588947853');\r\n\t\t\t\t\tvar container_width = $diapo.parent().outerWidth();\r\n\t\t\t\t\tvar side            = ( $(window).innerWidth() - container_width ) \/ 2;\r\n\r\n\t\t\t\t\t$diapo.css( {\r\n\t\t\t\t\t\t'margin-left': '-' + side + 'px',\r\n\t\t\t\t\t\t'margin-right': '-' + side + 'px',\r\n\t\t\t\t\t} );\r\n\t\t\t\t};\r\n\r\n\t\t\t\t$( window ).resize( function() {\r\n\t\t\t\t\tmarginPortfolio();\r\n\t\t\t\t} );\r\n\t\t\t\tmarginPortfolio();\r\n\t\t\t});\r\n\t\t\t<\/script>","protected":false},"excerpt":{"rendered":"<p>Le Snack Bar La Crique \u2013 De plek die je niet mag missen tijdens je vakantie op de camping Ontdek het op de camping<\/p>","protected":false},"author":1,"featured_media":0,"parent":0,"menu_order":0,"comment_status":"closed","ping_status":"closed","template":"","meta":{"_seopress_robots_primary_cat":"","_seopress_titles_title":"Camping avec snack-bar restaurant \u00e0 Saint Cast le Guildo","_seopress_titles_desc":"Ouvert en Juillet et Ao\u00fbt, le snack-bar-restaurant du La Crique \u00e0 Saint Cast le Guildo vous propose aussi le wifi gratuit !","_seopress_robots_index":"","footnotes":""},"class_list":["post-40","page","type-page","status-publish","hentry"],"_links":{"self":[{"href":"https:\/\/www.mirabel-crique.com\/nl\/wp-json\/wp\/v2\/pages\/40","targetHints":{"allow":["GET"]}}],"collection":[{"href":"https:\/\/www.mirabel-crique.com\/nl\/wp-json\/wp\/v2\/pages"}],"about":[{"href":"https:\/\/www.mirabel-crique.com\/nl\/wp-json\/wp\/v2\/types\/page"}],"author":[{"embeddable":true,"href":"https:\/\/www.mirabel-crique.com\/nl\/wp-json\/wp\/v2\/users\/1"}],"replies":[{"embeddable":true,"href":"https:\/\/www.mirabel-crique.com\/nl\/wp-json\/wp\/v2\/comments?post=40"}],"version-history":[{"count":32,"href":"https:\/\/www.mirabel-crique.com\/nl\/wp-json\/wp\/v2\/pages\/40\/revisions"}],"predecessor-version":[{"id":10804,"href":"https:\/\/www.mirabel-crique.com\/nl\/wp-json\/wp\/v2\/pages\/40\/revisions\/10804"}],"wp:attachment":[{"href":"https:\/\/www.mirabel-crique.com\/nl\/wp-json\/wp\/v2\/media?parent=40"}],"curies":[{"name":"wp","href":"https:\/\/api.w.org\/{rel}","templated":true}]}}