{"id":69,"date":"2021-12-10T14:25:41","date_gmt":"2021-12-10T13:25:41","guid":{"rendered":"https:\/\/www.campinglarenaudiere.com\/?page_id=69"},"modified":"2026-04-16T14:37:41","modified_gmt":"2026-04-16T12:37:41","slug":"sint-cast-le-guildo","status":"publish","type":"page","link":"https:\/\/www.mirabel-crique.com\/nl\/saint-cast-le-guildo\/","title":{"rendered":"Saint-Cast-le-Guildo"},"content":{"rendered":"<h1 class=\"wp-block-heading\">Leef op het ritme van de badplaats Saint-Cast-le-Guildo<\/h1>\n\n\n\n<p class=\"has-text-align-center\">Op ongeveer 1u30 rijden van Rennes is Saint-Cast-le-Guildo een charmant badplaatsje<strong> aan de Smaragdkust<\/strong> , die zijn naam dankt aan de schoonheid en kleur van de zee. Ontdek deze gemeente <strong>van C\u00f4tes d\u2019Armor <\/strong>aan de kust en laat u meevoeren op het ritme van de getijden.<\/p>\n\n\n\n<figure class=\"wp-block-image aligncenter size-full\"><img loading=\"lazy\" decoding=\"async\" width=\"50\" height=\"8\" src=\"https:\/\/www.mirabel-crique.com\/wp-content\/uploads\/2022\/11\/barre-bleue.png\" alt=\"\" class=\"wp-image-8062\"\/><\/figure>\n\n\n\n<div class=\"wp-block-media-text alignwide has-media-on-the-right is-stacked-on-mobile is-vertically-aligned-center is-image-fill-element is-style-default animate right\"><div class=\"wp-block-media-text__content\">\n<h2 class=\"wp-block-heading\">Saint-Cast, een badplaats op het schiereiland<\/h2>\n\n\n\n<figure class=\"wp-block-image size-full\"><img loading=\"lazy\" decoding=\"async\" width=\"50\" height=\"8\" src=\"https:\/\/www.mirabel-crique.com\/wp-content\/uploads\/2022\/10\/barre-bleue.png\" alt=\"\" class=\"wp-image-7508\"\/><\/figure>\n\n\n\n<p>De stad is een <strong>kustplaats<\/strong> toen de schilder Alfred Marinier in 1870 besloot om hier het H\u00f4tel de la Plage te vestigen. Laat je net als hem betoveren door de schoonheid van deze plek, een mix van kleurrijke en contrasterende landschappen. Profiteer van het Grande Plage en zijn hutten of kies een van de vele omliggende baaien. Saint-Cast-le-Guildo is ook <strong>7 zandstranden<\/strong> in de holte van de kliffen. Vandaag de dag is het een levendige badplaats, met een bruisend plein in de zomer, een keur aan winkeliers en een verscheidenheid aan restaurants. <a href=\"https:\/\/www.mirabel-crique.com\/nl\/goede-adressen-links\/\" data-type=\"page\" data-id=\"73\">activiteiten voor het hele gezin<\/a>.<\/p>\n\n\n\n<figure class=\"wp-block-image aligncenter size-full is-resized\"><img decoding=\"async\" src=\"https:\/\/www.campinglarenaudiere.com\/wp-content\/uploads\/2022\/01\/Vagues.png\" alt=\"golven aan zee\" class=\"wp-image-1794\" style=\"width:245px;height:42px\"\/><\/figure>\n<\/div><figure class=\"wp-block-media-text__media\"><img loading=\"lazy\" decoding=\"async\" width=\"769\" height=\"1024\" src=\"https:\/\/www.mirabel-crique.com\/wp-content\/uploads\/2022\/10\/1-villa-belle-epoque-st-cast-2-769x1024.jpg\" alt=\"villa in het hart van de badplaats Saint Cast le Guildo\" class=\"wp-image-7565 size-full\" style=\"object-position:43% 30%\" srcset=\"https:\/\/www.mirabel-crique.com\/wp-content\/uploads\/2022\/10\/1-villa-belle-epoque-st-cast-2-769x1024.jpg 769w, https:\/\/www.mirabel-crique.com\/wp-content\/uploads\/2022\/10\/1-villa-belle-epoque-st-cast-2-225x300.jpg 225w, https:\/\/www.mirabel-crique.com\/wp-content\/uploads\/2022\/10\/1-villa-belle-epoque-st-cast-2-768x1023.jpg 768w, https:\/\/www.mirabel-crique.com\/wp-content\/uploads\/2022\/10\/1-villa-belle-epoque-st-cast-2.jpg 901w\" sizes=\"auto, (max-width: 769px) 100vw, 769px\" \/><\/figure><\/div>\n\n\n\n<div style=\"height:16px\" aria-hidden=\"true\" class=\"wp-block-spacer\"><\/div>\n\n\n\n<div class=\"wp-block-media-text alignwide is-stacked-on-mobile is-vertically-aligned-center animate left front-page-section grey\"><figure class=\"wp-block-media-text__media\"><img loading=\"lazy\" decoding=\"async\" width=\"1024\" height=\"682\" src=\"https:\/\/www.mirabel-crique.com\/wp-content\/uploads\/2022\/10\/2-legumes-marche-local-pixabay-1024x682.jpg\" alt=\"\" class=\"wp-image-7569 size-full\" srcset=\"https:\/\/www.mirabel-crique.com\/wp-content\/uploads\/2022\/10\/2-legumes-marche-local-pixabay-1024x682.jpg 1024w, https:\/\/www.mirabel-crique.com\/wp-content\/uploads\/2022\/10\/2-legumes-marche-local-pixabay-300x200.jpg 300w, https:\/\/www.mirabel-crique.com\/wp-content\/uploads\/2022\/10\/2-legumes-marche-local-pixabay-768x511.jpg 768w, https:\/\/www.mirabel-crique.com\/wp-content\/uploads\/2022\/10\/2-legumes-marche-local-pixabay.jpg 1200w\" sizes=\"auto, (max-width: 1024px) 100vw, 1024px\" \/><\/figure><div class=\"wp-block-media-text__content\">\n<figure class=\"wp-block-image alignright size-full is-resized\"><img decoding=\"async\" src=\"https:\/\/www.campinglarenaudiere.com\/wp-content\/uploads\/2022\/01\/etoile.png\" alt=\"zeester\" class=\"wp-image-2111\" style=\"width:80px;height:82px\"\/><\/figure>\n\n\n\n<h2 class=\"wp-block-heading\">Zomerevenementen<\/h2>\n\n\n\n<figure class=\"wp-block-image size-full\"><img decoding=\"async\" src=\"https:\/\/www.campinglarenaudiere.com\/wp-content\/uploads\/2022\/01\/barre-bleue.png\" alt=\"\" class=\"wp-image-2382\"\/><\/figure>\n\n\n\n<p>De hele zomer lang, <strong>verschillende locaties komen tot leven<\/strong> in de stad Saint-Cast-le-Guildo. Wat dacht je van het leren van een nieuwe taal? <strong>Bretonse dans<\/strong> in Square Pellion, luister naar een <strong>concert<\/strong>, een sessie van <strong>openluchtbioscoop <\/strong>op het Grande Plage, of de kinderen meenemen voor een grappig optreden? Tegen het einde van de middag of vroeg in de avond, bekijk het programma \u00abeen zomer in Saint-Cast\u00bb.<br>Voor zoetekauwen: kom boodschappen doen op de markt.<\/p>\n\n\n\n<div class=\"wp-block-group card border-card p-4 is-layout-flow wp-block-group-is-layout-flow\">\n<p><strong>DE MARKTEN<\/strong><\/p>\n\n\n\n<p>Maandag: marktplein Mielles<br>Dinsdag: Le Guildo-markt, place de l'\u00e9glise<br>Donderdag: avondmarkt, bij het Grande Plage<br>Vrijdag: Isle markt, place Anatole le Braz<\/p>\n<\/div>\n<\/div><\/div>\n\n\n\n<p><\/p>\n\n\n\n<div class=\"wp-block-media-text alignwide has-media-on-the-right is-stacked-on-mobile animate right\"><div class=\"wp-block-media-text__content\">\n<h2 class=\"wp-block-heading\">De Pointe de l'Isle en de semafoor op een steenworp afstand<\/h2>\n\n\n\n<figure class=\"wp-block-image size-full\"><img decoding=\"async\" src=\"https:\/\/www.campinglarenaudiere.com\/wp-content\/uploads\/2022\/01\/barre-bleue.png\" alt=\"\" class=\"wp-image-2382\"\/><\/figure>\n\n\n\n<p>Vanaf de camping La Crique is het 20 minuten lopen naar de semafoor van Saint-Cast. Deze kijkt uit over de Pointe de l'Isle vanuit een hoek van <strong>panoramisch uitzicht op de kustlijn<\/strong> Rechts de baai en de haven. Links Cap Fr\u00e9hel en Fort La Latte. De semafoor in Saint-Cast-le-Guildo is een maritiem militair gebouw dat werd gebruikt om de kust en het scheepvaartverkeer te controleren. Het is gesloten voor publiek maar blijft de ideale plek om een kijkje te nemen in de haven.<strong> een teug frisse zeelucht<\/strong> en geniet van het prachtige landschap.<br>Als je goed ter been bent, kun je ook het hart van de stad bereiken door de \u00ab&nbsp;<strong>de promenade met de rijzende zon<\/strong>&nbsp;\u00bbdie de haven met het stadscentrum verbindt.<\/p>\n\n\n\n<p><\/p>\n<\/div><figure class=\"wp-block-media-text__media\"><img loading=\"lazy\" decoding=\"async\" width=\"1024\" height=\"683\" src=\"https:\/\/www.mirabel-crique.com\/wp-content\/uploads\/2022\/10\/3-plage-st-cast-1024x683.jpg\" alt=\"\" class=\"wp-image-7573 size-full\" srcset=\"https:\/\/www.mirabel-crique.com\/wp-content\/uploads\/2022\/10\/3-plage-st-cast-1024x683.jpg 1024w, https:\/\/www.mirabel-crique.com\/wp-content\/uploads\/2022\/10\/3-plage-st-cast-300x200.jpg 300w, https:\/\/www.mirabel-crique.com\/wp-content\/uploads\/2022\/10\/3-plage-st-cast-768x512.jpg 768w, https:\/\/www.mirabel-crique.com\/wp-content\/uploads\/2022\/10\/3-plage-st-cast.jpg 1200w\" sizes=\"auto, (max-width: 1024px) 100vw, 1024px\" \/><\/figure><\/div>\n\n\n\n<p class=\"has-text-align-center texte-rond mt-5 has-large-font-size\">Ontdek de camping<\/p>\n\n\n\n<div class=\"wp-block-columns are-vertically-aligned-center h-20 front-page-section grey is-layout-flex wp-container-core-columns-is-layout-28f84493 wp-block-columns-is-layout-flex\">\n<div class=\"wp-block-column is-layout-flow wp-block-column-is-layout-flow\"><\/div>\n\n\n\n<div class=\"wp-block-column is-layout-flow wp-block-column-is-layout-flow\">\n<div class=\"wp-block-create-block-sevgutenberg-navigation\"><aside class=\"encart-sev-navigation small carre\"><a href=\"https:\/\/www.mirabel-crique.com\/nl\/huurprijzen-stacaravans\/\" class=\"d-flex flex-column align-items-center\"><div class=\"encart-title\"><span>Stacaravans<\/span><\/div><div class=\"vague\"><\/div><img decoding=\"async\" src=\"https:\/\/www.mirabel-crique.com\/wp-content\/uploads\/2022\/10\/3-vente-mobil-home-rapidhome-lodge77-2.jpg\" alt=\"\"\/><div class=\"ligne\"><\/div><div class=\"hover\"><\/div><\/a><\/aside><\/div>\n<\/div>\n\n\n\n<div class=\"wp-block-column is-vertically-aligned-center is-layout-flow wp-block-column-is-layout-flow\">\n<div class=\"wp-block-create-block-sevgutenberg-navigation\"><aside class=\"encart-sev-navigation small carre\"><a href=\"https:\/\/www.mirabel-crique.com\/nl\/contact-opnemen-met-camping-crique\/\" class=\"d-flex flex-column align-items-center\"><div class=\"encart-title\"><span>Neem contact op met<\/span><\/div><div class=\"vague\"><\/div><img decoding=\"async\" src=\"https:\/\/www.mirabel-crique.com\/wp-content\/uploads\/2022\/10\/header-principal-HP-crique.jpg\" alt=\"familiecamping in Saint Cast le Guildo\"\/><div class=\"ligne\"><\/div><div class=\"hover\"><\/div><\/a><\/aside><\/div>\n<\/div>\n\n\n\n<div class=\"wp-block-column is-vertically-aligned-center is-layout-flow wp-block-column-is-layout-flow\">\n<div class=\"wp-block-create-block-sevgutenberg-navigation\"><aside class=\"encart-sev-navigation small carre\"><a href=\"https:\/\/www.mirabel-crique.com\/nl\/sport-en-vrijetijdsactiviteiten\/\" class=\"d-flex flex-column align-items-center\"><div class=\"encart-title\"><span>Sport en vrije tijd<\/span><\/div><div class=\"vague\"><\/div><img decoding=\"async\" src=\"https:\/\/www.mirabel-crique.com\/wp-content\/uploads\/2022\/10\/2-home-ball-camping-jeu.jpg\" alt=\"\"\/><div class=\"ligne\"><\/div><div class=\"hover\"><\/div><\/a><\/aside><\/div>\n<\/div>\n\n\n\n<div class=\"wp-block-column is-layout-flow wp-block-column-is-layout-flow\"><\/div>\n<\/div>","protected":false},"excerpt":{"rendered":"<p>Vivez au rythme de la station baln\u00e9aire de Saint-Cast-le-Guildo A environ 1h30 de Rennes, Saint-Cast-le-Guildo est une charmante station baln\u00e9aire [&hellip;]<\/p>\n","protected":false},"author":1,"featured_media":0,"parent":0,"menu_order":0,"comment_status":"closed","ping_status":"closed","template":"","meta":{"_seopress_robots_primary_cat":"","_seopress_titles_title":"Camping \u00e0 Saint-Cast-le-Guildo dans les Cotes d\u2019Armor","_seopress_titles_desc":"Plages et criques de sable fin \u00e0 Saint Cast le Guildo pr\u00e8s du camping La Crique (C\u00f4tes d'Armor 22)","_seopress_robots_index":"","footnotes":""},"class_list":["post-69","page","type-page","status-publish","hentry"],"_links":{"self":[{"href":"https:\/\/www.mirabel-crique.com\/nl\/wp-json\/wp\/v2\/pages\/69","targetHints":{"allow":["GET"]}}],"collection":[{"href":"https:\/\/www.mirabel-crique.com\/nl\/wp-json\/wp\/v2\/pages"}],"about":[{"href":"https:\/\/www.mirabel-crique.com\/nl\/wp-json\/wp\/v2\/types\/page"}],"author":[{"embeddable":true,"href":"https:\/\/www.mirabel-crique.com\/nl\/wp-json\/wp\/v2\/users\/1"}],"replies":[{"embeddable":true,"href":"https:\/\/www.mirabel-crique.com\/nl\/wp-json\/wp\/v2\/comments?post=69"}],"version-history":[{"count":7,"href":"https:\/\/www.mirabel-crique.com\/nl\/wp-json\/wp\/v2\/pages\/69\/revisions"}],"predecessor-version":[{"id":10839,"href":"https:\/\/www.mirabel-crique.com\/nl\/wp-json\/wp\/v2\/pages\/69\/revisions\/10839"}],"wp:attachment":[{"href":"https:\/\/www.mirabel-crique.com\/nl\/wp-json\/wp\/v2\/media?parent=69"}],"curies":[{"name":"wp","href":"https:\/\/api.w.org\/{rel}","templated":true}]}}