{"id":83,"date":"2021-12-10T14:30:08","date_gmt":"2021-12-10T13:30:08","guid":{"rendered":"https:\/\/www.campinglarenaudiere.com\/?page_id=83"},"modified":"2026-04-15T16:05:11","modified_gmt":"2026-04-15T14:05:11","slug":"faq-camping-bretagne","status":"publish","type":"page","link":"https:\/\/www.mirabel-crique.com\/nl\/faq-camping-bretagne\/","title":{"rendered":"FAQ"},"content":{"rendered":"<h1 class=\"wp-block-heading\" id=\"faq-trouvez-la-reponse-a-vos-questions-sur-vos-vacances-au-camping-la-renaudiere\">FAQ - Vind het antwoord op uw vragen over uw vakantie op camping La Crique<\/h1>\n\n\n\n<p class=\"has-text-align-center\">Camping La Crique beantwoordt al uw vragen over uw verblijf en de geldende gezondheidsmaatregelen.&nbsp;<strong>om ervoor te zorgen dat je verblijf zo veilig mogelijk is.<\/strong> &nbsp;Raadpleeg deze veelgestelde vragen regelmatig en aarzel niet om contact met ons op te nemen als je meer informatie nodig hebt.<\/p>\n\n\n\n<figure class=\"wp-block-image aligncenter size-full\"><img decoding=\"async\" src=\"https:\/\/www.campinglarenaudiere.com\/wp-content\/uploads\/2022\/01\/barre-bleue.png\" alt=\"\" class=\"wp-image-2382\"\/><\/figure>\n\n\n\n<p><em>Bijgewerkt op<em>&nbsp;11\/12\/2023&nbsp;<\/em> <\/em><\/p>\n\n\n\n<h2 class=\"wp-block-heading\" id=\"votre-reservation\">Uw boeking<\/h2>\n\n\n\n<figure class=\"wp-block-image size-full\"><img decoding=\"async\" src=\"https:\/\/www.campinglarenaudiere.com\/wp-content\/uploads\/2022\/01\/barre-bleue.png\" alt=\"\" class=\"wp-image-2382\"\/><\/figure>\n\n\n\n<div class=\"wp-block-create-block-sev-faq\"><div class=\"card sev-faq\"><a class=\"card-header d-flex\" href=\"#comment-reserver-un-sejour\" data-toggle=\"collapse\" role=\"button\" aria-expanded=\"false\" aria-controls=\"comment-reserver-un-sejour\"><div class=\"faq-question\">Hoe boek ik een vakantie?<\/div><i class=\"fa fa-chevron-down\" aria-hidden=\"true\"><\/i><\/a><div class=\"card-body collapse multi-collapse\" id=\"comment-reserver-un-sejour\"><div class=\"faq-reponse\">- Online: selecteer op onze website je accommodatie en\/of verblijfsdata om de beschikbaarheid te controleren.  <strong><mark style=\"background-color:rgba(0, 0, 0, 0)\" class=\"has-inline-color has-turquoise-color\"><a rel=\"noreferrer noopener\" href=\"https:\/\/bookingpremium.secureholiday.net\/FR\/2865\/search\/\" target=\"_blank\">Reservering<\/a><\/mark><\/strong><br>- Per telefoon door te bellen naar de receptie op +33(0)2 96 41 89 19 (beveiligde betaling met creditcard).<br>- Per e-mail naar <a href=\"mailto:crique@mirabel-campings.com\">crique@mirabel-campings.com<\/a><br><br>Reserveringen worden effectief en definitief na ontvangst van een aanbetaling van 30%. Zie voor meer informatie&nbsp;<a rel=\"noreferrer noopener\" href=\"https:\/\/www.mirabel-crique.com\/wp-content\/uploads\/2022\/10\/CGV-Mirabel-Saint-Cast-20231.pdf\" target=\"_blank\">Verkoopvoorwaarden<\/a>.<\/div><\/div><\/div><\/div>\n\n\n\n<div class=\"wp-block-create-block-sev-faq\"><div class=\"card sev-faq\"><a class=\"card-header d-flex\" href=\"#comment-obtenir-un-devis-\" data-toggle=\"collapse\" role=\"button\" aria-expanded=\"false\" aria-controls=\"comment-obtenir-un-devis-\"><div class=\"faq-question\">Hoe kan ik een offerte aanvragen?<\/div><i class=\"fa fa-chevron-down\" aria-hidden=\"true\"><\/i><\/a><div class=\"card-body collapse multi-collapse\" id=\"comment-obtenir-un-devis-\"><div class=\"faq-reponse\">Bezoek onze <a href=\"https:\/\/bookingpremium.secureholiday.net\/FR\/2865\/search\" target=\"_blank\" rel=\"noreferrer noopener\">online boeking<\/a> of neem telefonisch contact met ons op om de beschikbaarheid te controleren en een prijs op te vragen voor je verblijf.<\/div><\/div><\/div><\/div>\n\n\n\n<div class=\"wp-block-create-block-sev-faq\"><div class=\"card sev-faq\"><a class=\"card-header d-flex\" href=\"#puis-je-choisir-mon-emplacement-\" data-toggle=\"collapse\" role=\"button\" aria-expanded=\"false\" aria-controls=\"puis-je-choisir-mon-emplacement-\"><div class=\"faq-question\">Kan ik mijn locatie kiezen?<\/div><i class=\"fa fa-chevron-down\" aria-hidden=\"true\"><\/i><\/a><div class=\"card-body collapse multi-collapse\" id=\"puis-je-choisir-mon-emplacement-\"><div class=\"faq-reponse\">&nbsp;Ja, afhankelijk van beschikbaarheid en op aanvraag op het moment van boeking.<\/div><\/div><\/div><\/div>\n\n\n\n<div class=\"wp-block-create-block-sev-faq\"><div class=\"card sev-faq\"><a class=\"card-header d-flex\" href=\"#comment-annuler-ou-modifier-ma-reservation-\" data-toggle=\"collapse\" role=\"button\" aria-expanded=\"false\" aria-controls=\"comment-annuler-ou-modifier-ma-reservation-\"><div class=\"faq-question\">Hoe kan ik mijn boeking annuleren of wijzigen?<\/div><i class=\"fa fa-chevron-down\" aria-hidden=\"true\"><\/i><\/a><div class=\"card-body collapse multi-collapse\" id=\"comment-annuler-ou-modifier-ma-reservation-\"><div class=\"faq-reponse\">Neem rechtstreeks contact met ons op via +33(0)2 96 41 89 19 of schrijf naar <a href=\"mailto:crique@mirabel-campings.com\">crique@mirabel-campings.com<\/a><\/div><\/div><\/div><\/div>\n\n\n\n<div class=\"wp-block-create-block-sev-faq\"><div class=\"card sev-faq\"><a class=\"card-header d-flex\" href=\"#comment-puis-je-regler-mon-sejour-\" data-toggle=\"collapse\" role=\"button\" aria-expanded=\"false\" aria-controls=\"comment-puis-je-regler-mon-sejour-\"><div class=\"faq-question\">Hoe kan ik mijn verblijf betalen?<\/div><i class=\"fa fa-chevron-down\" aria-hidden=\"true\"><\/i><\/a><div class=\"card-body collapse multi-collapse\" id=\"comment-puis-je-regler-mon-sejour-\"><div class=\"faq-reponse\">Wij accepteren de volgende betalingen: creditcard, cheque, ANCV connect, contant geld en overschrijving.<\/div><\/div><\/div><\/div>\n\n\n\n<div style=\"height:60px\" aria-hidden=\"true\" class=\"wp-block-spacer\"><\/div>\n\n\n\n<h2 class=\"wp-block-heading\" id=\"votre-residence-secondaire\">Je tweede huis<\/h2>\n\n\n\n<figure class=\"wp-block-image size-full\"><img decoding=\"async\" src=\"https:\/\/www.campinglarenaudiere.com\/wp-content\/uploads\/2022\/01\/barre-bleue.png\" alt=\"\" class=\"wp-image-2382\"\/><\/figure>\n\n\n\n<div class=\"wp-block-create-block-sev-faq\"><div class=\"card sev-faq\"><a class=\"card-header d-flex\" href=\"#comment-acheter-un-mobil-home-au-camping-\" data-toggle=\"collapse\" role=\"button\" aria-expanded=\"false\" aria-controls=\"comment-acheter-un-mobil-home-au-camping-\"><div class=\"faq-question\">Hoe koop ik een stacaravan op een camping?<\/div><i class=\"fa fa-chevron-down\" aria-hidden=\"true\"><\/i><\/a><div class=\"card-body collapse multi-collapse\" id=\"comment-acheter-un-mobil-home-au-camping-\"><div class=\"faq-reponse\">Camping La Crique heeft nog staanplaatsen klaar om nieuwe bewoners te verwelkomen. <br>Bel ons op +33(0)2 96 41 89 19 voor meer informatie en bekijk onze stacaravans die te koop staan.<\/div><\/div><\/div><\/div>\n\n\n\n<div class=\"wp-block-create-block-sev-faq\"><div class=\"card sev-faq\"><a class=\"card-header d-flex\" href=\"#choisir-son-mobil-home-neuf-ou-occasion-\" data-toggle=\"collapse\" role=\"button\" aria-expanded=\"false\" aria-controls=\"choisir-son-mobil-home-neuf-ou-occasion-\"><div class=\"faq-question\">Je stacaravan kiezen: nieuw of tweedehands?<\/div><i class=\"fa fa-chevron-down\" aria-hidden=\"true\"><\/i><\/a><div class=\"card-body collapse multi-collapse\" id=\"choisir-son-mobil-home-neuf-ou-occasion-\"><div class=\"faq-reponse\">Blader door onze advertenties voor de prijzen van <a href=\"https:\/\/www.mirabel-crique.com\/nl\/stacaravans-te-koop\/\" data-type=\"page\" data-id=\"65\">stacaravans te koop<\/a> op onze camping. Afhankelijk van je budget kun je kiezen voor nieuw of tweedehands.<br><a href=\"https:\/\/www.mirabel-crique.com\/nl\/contact-opnemen-met-camping-crique\/\" data-type=\"page\" data-id=\"75\">Neem contact met ons op voor meer informatie<\/a>.<\/div><\/div><\/div><\/div>\n\n\n\n<div class=\"wp-block-create-block-sev-faq\"><div class=\"card sev-faq\"><a class=\"card-header d-flex\" href=\"#comment-choisir-sa-parcelle-\" data-toggle=\"collapse\" role=\"button\" aria-expanded=\"false\" aria-controls=\"comment-choisir-sa-parcelle-\"><div class=\"faq-question\">Hoe kies je je perceel?<\/div><i class=\"fa fa-chevron-down\" aria-hidden=\"true\"><\/i><\/a><div class=\"card-body collapse multi-collapse\" id=\"comment-choisir-sa-parcelle-\"><div class=\"faq-reponse\">Als je een nieuwe stacaravan koopt, kun je je staanplaats kiezen wanneer je je bestelling plaatst. Als je een tweedehands stacaravan koopt, staat deze op een staanplaats en kun je hem niet verplaatsen.<\/div><\/div><\/div><\/div>\n\n\n\n<div class=\"wp-block-create-block-sev-faq\"><div class=\"card sev-faq\"><a class=\"card-header d-flex\" href=\"#puis-je-rester-toute-lannee-au-camping-\" data-toggle=\"collapse\" role=\"button\" aria-expanded=\"false\" aria-controls=\"puis-je-rester-toute-lannee-au-camping-\"><div class=\"faq-question\">Kan ik het hele jaar door op de camping verblijven?<\/div><i class=\"fa fa-chevron-down\" aria-hidden=\"true\"><\/i><\/a><div class=\"card-body collapse multi-collapse\" id=\"puis-je-rester-toute-lannee-au-camping-\"><div class=\"faq-reponse\">Camping La Crique is geen Parc R\u00e9sidentiel de Loisirs (PRL) en is daarom niet het hele jaar geopend. Je kunt dus op de camping wonen zolang deze open is, dus van 15 maart tot 15 november.<\/div><\/div><\/div><\/div>\n\n\n\n<div style=\"height:60px\" aria-hidden=\"true\" class=\"wp-block-spacer\"><\/div>\n\n\n\n<h2 class=\"wp-block-heading\" id=\"sur-place\">Ter plaatse<\/h2>\n\n\n\n<figure class=\"wp-block-image size-full\"><img decoding=\"async\" src=\"https:\/\/www.campinglarenaudiere.com\/wp-content\/uploads\/2022\/01\/barre-bleue.png\" alt=\"\" class=\"wp-image-2382\"\/><\/figure>\n\n\n\n<div class=\"wp-block-create-block-sev-faq\"><div class=\"card sev-faq\"><a class=\"card-header d-flex\" href=\"#quelles-sont-les-dates-douverture-du-camping-\" data-toggle=\"collapse\" role=\"button\" aria-expanded=\"false\" aria-controls=\"quelles-sont-les-dates-douverture-du-camping-\"><div class=\"faq-question\">Wanneer is de camping open?<\/div><i class=\"fa fa-chevron-down\" aria-hidden=\"true\"><\/i><\/a><div class=\"card-body collapse multi-collapse\" id=\"quelles-sont-les-dates-douverture-du-camping-\"><div class=\"faq-reponse\">Camping La Crique is geopend van 15 maart tot 15 november voor bewoners en van begin april tot eind oktober voor vakantiegangers.<\/div><\/div><\/div><\/div>\n\n\n\n<div class=\"wp-block-create-block-sev-faq\"><div class=\"card sev-faq\"><a class=\"card-header d-flex\" href=\"#dois-je-apporter-les-draps-\" data-toggle=\"collapse\" role=\"button\" aria-expanded=\"false\" aria-controls=\"dois-je-apporter-les-draps-\"><div class=\"faq-question\">Moet ik mijn eigen lakens meenemen?<\/div><i class=\"fa fa-chevron-down\" aria-hidden=\"true\"><\/i><\/a><div class=\"card-body collapse multi-collapse\" id=\"dois-je-apporter-les-draps-\"><div class=\"faq-reponse\">Je kunt je eigen beddengoed meenemen of huren wanneer je reserveert of wanneer je aankomt op de camping.  <a href=\"https:\/\/www.mirabel-crique.com\/nl\/huurprijzen-stacaravans\/\" data-type=\"page\" data-id=\"56\">Bekijk prijzen<\/a><\/div><\/div><\/div><\/div>\n\n\n\n<div class=\"wp-block-create-block-sev-faq\"><div class=\"card sev-faq\"><a class=\"card-header d-flex\" href=\"#les-animaux-sont-ils-acceptes-au-camping-\" data-toggle=\"collapse\" role=\"button\" aria-expanded=\"false\" aria-controls=\"les-animaux-sont-ils-acceptes-au-camping-\"><div class=\"faq-question\">Zijn huisdieren toegestaan op de camping? <\/div><i class=\"fa fa-chevron-down\" aria-hidden=\"true\"><\/i><\/a><div class=\"card-body collapse multi-collapse\" id=\"les-animaux-sont-ils-acceptes-au-camping-\"><div class=\"faq-reponse\">Ja, we weten hoe moeilijk het kan zijn om afscheid te nemen van je huisdieren. Onze camping accepteert katten en honden (behalve categorie 1 en 2). Je moet je huisdier wel aan de lijn houden, zowel buiten als in openbare en gemeenschappelijke ruimtes, om de veiligheid van alle vakantiegangers te garanderen.<\/div><\/div><\/div><\/div>\n\n\n\n<div class=\"wp-block-create-block-sev-faq\"><div class=\"card sev-faq\"><a class=\"card-header d-flex\" href=\"#a-quelle-heure-puis-je-arriver-au-camping-\" data-toggle=\"collapse\" role=\"button\" aria-expanded=\"false\" aria-controls=\"a-quelle-heure-puis-je-arriver-au-camping-\"><div class=\"faq-question\">Hoe laat kan ik op de camping aankomen?<\/div><i class=\"fa fa-chevron-down\" aria-hidden=\"true\"><\/i><\/a><div class=\"card-body collapse multi-collapse\" id=\"a-quelle-heure-puis-je-arriver-au-camping-\"><div class=\"faq-reponse\">Voor verhuur: aankomst vanaf 15.00 uur en vertrek v\u00f3\u00f3r 10.00 uur, voor staanplaatsen: aankomst vanaf 14.00 uur en vertrek v\u00f3\u00f3r 12.00 uur<\/div><\/div><\/div><\/div>\n\n\n\n<div class=\"wp-block-create-block-sev-faq\"><div class=\"card sev-faq\"><a class=\"card-header d-flex\" href=\"#ou-sortir-pendant-vos-vacances-a-saint-cast-le-guildo-\" data-toggle=\"collapse\" role=\"button\" aria-expanded=\"false\" aria-controls=\"ou-sortir-pendant-vos-vacances-a-saint-cast-le-guildo-\"><div class=\"faq-question\">Waar ga je uit op vakantie in Saint-Cast-le-Guildo?<\/div><i class=\"fa fa-chevron-down\" aria-hidden=\"true\"><\/i><\/a><div class=\"card-body collapse multi-collapse\" id=\"ou-sortir-pendant-vos-vacances-a-saint-cast-le-guildo-\"><div class=\"faq-reponse\">Een breed scala aan activiteiten en diensten is beschikbaar in de <a href=\"https:\/\/www.mirabel-crique.com\/nl\/goede-adressen-links\/\" target=\"_blank\" rel=\"noreferrer noopener\">station<\/a>, watersportactiviteiten<a href=\"https:\/\/www.campings-vert-bleu.com\/saint-cast-cote-mer\" target=\"_blank\" rel=\"noreferrer noopener\">,<\/a> markten, tennis, manege, rondleidingen, wandelingen, restaurants, midgetgolf, stranden, fietsverhuur, winkels, enz...<br>Kom langs bij de receptie voor alle lokale toeristische informatie, die je ook kunt vinden op de websites van onze partners en op <a href=\"https:\/\/www.dinan-capfrehel.com\/\" target=\"_blank\" rel=\"noreferrer noopener\">VVV-kantoor<\/a>.&nbsp;<\/div><\/div><\/div><\/div>","protected":false},"excerpt":{"rendered":"<p>FAQ &#8211; Trouvez la r\u00e9ponse \u00e0 vos questions sur vos vacances au camping La Crique Le camping La Crique r\u00e9pond [&hellip;]<\/p>\n","protected":false},"author":1,"featured_media":0,"parent":0,"menu_order":0,"comment_status":"closed","ping_status":"closed","template":"","meta":{"_seopress_robots_primary_cat":"","_seopress_titles_title":"Foire aux questions du camping La Crique - Saint Cast le Guildo","_seopress_titles_desc":"Foire aux questions diverses sur le camping La Crique (22) Saint Cast le Guildo : ouverture, COVID 19, locations, pass sanitaire...","_seopress_robots_index":"","footnotes":""},"class_list":["post-83","page","type-page","status-publish","hentry"],"_links":{"self":[{"href":"https:\/\/www.mirabel-crique.com\/nl\/wp-json\/wp\/v2\/pages\/83","targetHints":{"allow":["GET"]}}],"collection":[{"href":"https:\/\/www.mirabel-crique.com\/nl\/wp-json\/wp\/v2\/pages"}],"about":[{"href":"https:\/\/www.mirabel-crique.com\/nl\/wp-json\/wp\/v2\/types\/page"}],"author":[{"embeddable":true,"href":"https:\/\/www.mirabel-crique.com\/nl\/wp-json\/wp\/v2\/users\/1"}],"replies":[{"embeddable":true,"href":"https:\/\/www.mirabel-crique.com\/nl\/wp-json\/wp\/v2\/comments?post=83"}],"version-history":[{"count":9,"href":"https:\/\/www.mirabel-crique.com\/nl\/wp-json\/wp\/v2\/pages\/83\/revisions"}],"predecessor-version":[{"id":10824,"href":"https:\/\/www.mirabel-crique.com\/nl\/wp-json\/wp\/v2\/pages\/83\/revisions\/10824"}],"wp:attachment":[{"href":"https:\/\/www.mirabel-crique.com\/nl\/wp-json\/wp\/v2\/media?parent=83"}],"curies":[{"name":"wp","href":"https:\/\/api.w.org\/{rel}","templated":true}]}}