{"id":889,"date":"2021-12-20T11:10:21","date_gmt":"2021-12-20T10:10:21","guid":{"rendered":"https:\/\/www.campinglarenaudiere.com\/?page_id=889"},"modified":"2026-04-16T14:50:02","modified_gmt":"2026-04-16T12:50:02","slug":"wandelingen","status":"publish","type":"page","link":"https:\/\/www.mirabel-crique.com\/nl\/les-experiences\/randonnees\/","title":{"rendered":"Onze prachtige wandelingen"},"content":{"rendered":"<figure class=\"wp-block-image alignright size-full is-resized\"><img decoding=\"async\" src=\"https:\/\/www.campinglarenaudiere.com\/wp-content\/uploads\/2021\/12\/Smile.png\" alt=\"praktisch glimlachen\" class=\"wp-image-1947\" style=\"width:160px;height:107px\"\/><\/figure>\n\n\n\n<h1 class=\"wp-block-heading\" id=\"vivez-l-experience-loire-atlantique-en-famille\">Onderweg naar de GR34 in C\u00f4tes d\u2019Armor<\/h1>\n\n\n\n<p class=\"has-text-align-center\">Het is onmogelijk om in Saint-Cast-le-Guildo te komen zonder de beroemde GR34 te nemen. Deze route strekt zich uit over meer dan 2.000 km en begint bij Mont-Saint-Michel in Normandi\u00eb en eindigt bij Saint-Nazaire in Loire-Atlantique. Als je van wandelen houdt, kun je je hart ophalen. Kies uw richting, neem uw topogids mee en laat u leiden terwijl u enkele van de mooiste pareltjes van Bretagne ontdekt.<\/p>\n\n\n\n<figure class=\"wp-block-image aligncenter size-full\"><img decoding=\"async\" src=\"https:\/\/www.campinglarenaudiere.com\/wp-content\/uploads\/2022\/01\/barre-bleue.png\" alt=\"\" class=\"wp-image-2382\"\/><\/figure>\n\n\n\n<div class=\"wp-block-media-text alignwide is-stacked-on-mobile is-image-fill-element\"><figure class=\"wp-block-media-text__media\"><a href=\"https:\/\/www.mirabel-crique.com\/wp-content\/uploads\/2022\/10\/1-crtb-ad7835_L_oeil-de-Paco-1.jpg\"><img loading=\"lazy\" decoding=\"async\" width=\"1024\" height=\"683\" src=\"https:\/\/www.mirabel-crique.com\/wp-content\/uploads\/2022\/10\/1-crtb-ad7835_L_oeil-de-Paco-1-1024x683.jpg\" alt=\"Bretons strand in de buurt van de camping\" class=\"wp-image-7653 size-full\" style=\"object-position:50% 50%\" srcset=\"https:\/\/www.mirabel-crique.com\/wp-content\/uploads\/2022\/10\/1-crtb-ad7835_L_oeil-de-Paco-1-1024x683.jpg 1024w, https:\/\/www.mirabel-crique.com\/wp-content\/uploads\/2022\/10\/1-crtb-ad7835_L_oeil-de-Paco-1-300x200.jpg 300w, https:\/\/www.mirabel-crique.com\/wp-content\/uploads\/2022\/10\/1-crtb-ad7835_L_oeil-de-Paco-1-768x512.jpg 768w, https:\/\/www.mirabel-crique.com\/wp-content\/uploads\/2022\/10\/1-crtb-ad7835_L_oeil-de-Paco-1.jpg 1200w\" sizes=\"auto, (max-width: 1024px) 100vw, 1024px\" \/><\/a><\/figure><div class=\"wp-block-media-text__content\">\n<h2 class=\"wp-block-heading\">Ontdek de Emerald Coast over zee<\/h2>\n\n\n\n<p>Wat is een betere manier om een frisse neus te halen dan een wandeling met uitzicht op zee en het adembenemende landschap. Toegang tot de <a href=\"https:\/\/www.tourismebretagne.com\/selon-mes-envies\/randonnee-pedestre\/gr-34-le-sentier-des-douaniers\/\">Douanebeambtenpad<\/a> Ga vanaf je camping richting Saint-Brieuc en je zult de kust nauwelijks verlaten. Onderweg zul je <strong>wandeling langs de zeedijk <\/strong>naar St-Cast en geniet van het uitzicht op de haven en de stad vanaf de top van de heuvel.<strong> de baai van Guildo<\/strong> en, iets verderop, Fort La Latte. Als we de route vervolgen, komen we langs twee kapen: Cap Fr\u00e9hel en Cap d'Erquy! Kliffen, wilde kustlijn, vuurtoren, panoramische uitzichten, inhammen: dit is een echte traktatie. Als je de wandeling wilt voortzetten, ga dan verder naar de Roze Granietkust. Als je het pad langs de kust volgt, bereik je Saint-Brieuc voordat je verder gaat naar Paimpol en Plougrescant, <strong>Perros Guirec<\/strong> en de rotsen in allerlei vormen, de vuurtoren en natuurlijk het transparante water.<\/p>\n\n\n\n<p>Natuurlijk hebben zelfs de meest ervaren rijders meerdere dagen nodig om de route te voltooien. Maar we weten dat het de moeite waard is! Dus pak je stokken en laarzen!<\/p>\n<\/div><\/div>\n\n\n\n<div style=\"height:30px\" aria-hidden=\"true\" class=\"wp-block-spacer\"><\/div>\n\n\n\n<div class=\"wp-block-media-text alignwide has-media-on-the-right is-stacked-on-mobile front-page-section grey\"><div class=\"wp-block-media-text__content\">\n<p class=\"texte-rond has-orange-color has-text-color has-large-font-size\">Saint-Cast-le-Guildo tussen land en zee<\/p>\n\n\n\n<p>Saint-Cast biedt een breed scala aan wandelroutes. Met zijn 18 km aan stranden en platteland is het de perfecte speeltuin voor wandelliefhebbers. <strong>Bezoek het station<\/strong> dankzij <strong>bewegwijzerde routes <\/strong>van 3 km tot 15 km en ontdek al zijn geheimen.<\/p>\n\n\n\n<ul class=\"wp-block-list\">\n<li>Voor een <strong>promenade in open zee<\/strong>, Als je op zoek bent naar een meer uitdagende route, kies dan voor de gele \u00abDe la Pointe de Saint-Cast\u00bb of de lichtblauwe \u00abCircuit du Guildo\u00bb. Beide nemen je mee langs de kust ten noorden en oosten van St-Cast tot aan de Pointe, de Semafoor, de Pointe de la Corbi\u00e8re, de Baie de l'Arguenon en het Plage des 4 Vaulx.<\/li>\n<\/ul>\n\n\n\n<ul class=\"wp-block-list\">\n<li>Voor degenen die de voorkeur geven aan <strong>cultuur en geschiedenis<\/strong>, De circuits \u00abSt-Cast\/Matignon\u00bb en \u00abPen Guen - La Cour\u00bb nemen je mee naar de monumenten van de badplaats: washuizen, kapel, molens, de neogotische kerk en de pastorie.<\/li>\n<\/ul>\n\n\n\n<ul class=\"wp-block-list\">\n<li>Tot slot, voor <strong>natuurliefhebbers<\/strong>, Als je op zoek bent naar weidse ruimtes en het platteland, neem dan de route \u00abTro Breizh\u00bb en dompel je onder in het hart van de Rancevallei, waarbij je de Gu\u00e9briand-vallei volgt voor een groene wandeling.<\/li>\n<\/ul>\n\n\n\n<p>Wij raden u aan om naar de ... te gaan<a href=\"https:\/\/www.dinan-capfrehel.com\/\" target=\"_blank\" rel=\"noreferrer noopener\">\u2019VVV<\/a> om topogidsen, routes en advies over wandelingen op te halen die passen bij je niveau en voorkeuren, zodat het hele gezin optimaal van de ervaring kan genieten.<\/p>\n<\/div><figure class=\"wp-block-media-text__media\"><a href=\"https:\/\/www.mirabel-crique.com\/wp-content\/uploads\/2022\/10\/2-randonnee-GR34-crique.jpg\"><img loading=\"lazy\" decoding=\"async\" width=\"769\" height=\"1024\" src=\"https:\/\/www.mirabel-crique.com\/wp-content\/uploads\/2022\/10\/2-randonnee-GR34-crique-769x1024.jpg\" alt=\"een wandeling in het hart van Saint Cast le Guildo\" class=\"wp-image-7649 size-full\" srcset=\"https:\/\/www.mirabel-crique.com\/wp-content\/uploads\/2022\/10\/2-randonnee-GR34-crique-769x1024.jpg 769w, https:\/\/www.mirabel-crique.com\/wp-content\/uploads\/2022\/10\/2-randonnee-GR34-crique-225x300.jpg 225w, https:\/\/www.mirabel-crique.com\/wp-content\/uploads\/2022\/10\/2-randonnee-GR34-crique-768x1023.jpg 768w, https:\/\/www.mirabel-crique.com\/wp-content\/uploads\/2022\/10\/2-randonnee-GR34-crique.jpg 901w\" sizes=\"auto, (max-width: 769px) 100vw, 769px\" \/><\/a><\/figure><\/div>\n\n\n\n<div class=\"wp-block-group border border-info card p-4 is-layout-flow wp-block-group-is-layout-flow\">\n<p class=\"has-text-align-center has-turquoise-color has-text-color\"><strong>Goed om te weten <\/strong><\/p>\n\n\n\n<figure class=\"wp-block-image aligncenter size-full\"><img loading=\"lazy\" decoding=\"async\" width=\"51\" height=\"8\" src=\"https:\/\/www.mirabel-crique.com\/wp-content\/uploads\/2022\/10\/barre-orange.png\" alt=\"bar\" class=\"wp-image-7323\"\/><\/figure>\n\n\n\n<p class=\"has-text-align-center\"><strong>Wandelaar van het GR\u00ae 34 <\/strong>Faciliteer de voorbereiding van uw reis met <a href=\"https:\/\/itirando.bzh\/\" target=\"_blank\" rel=\"noreferrer noopener\">itirando.bzh<\/a> !<\/p>\n\n\n\n<p class=\"has-text-align-center\">Onze instelling werkt samen met itirando.bzh om u de beste middelen te bieden om uw wandeling op het Sentier des Douaniers in Bretagne te plannen. In een paar klikken zijn uw etappes georganiseerd!<\/p>\n\n\n\n<figure class=\"wp-block-image aligncenter size-large is-resized\"><a href=\"https:\/\/itirando.bzh\/\" target=\"_blank\" rel=\" noreferrer noopener\"><img loading=\"lazy\" decoding=\"async\" width=\"1024\" height=\"1018\" src=\"https:\/\/www.mirabel-crique.com\/wp-content\/uploads\/2026\/04\/Logo-itirando-pour-votre-site-internet-et-reseaux-sociaux-1024x1018.jpg\" alt=\"\" class=\"wp-image-10845\" style=\"aspect-ratio:1.006381783836218;width:193px;height:auto\" srcset=\"https:\/\/www.mirabel-crique.com\/wp-content\/uploads\/2026\/04\/Logo-itirando-pour-votre-site-internet-et-reseaux-sociaux-1024x1018.jpg 1024w, https:\/\/www.mirabel-crique.com\/wp-content\/uploads\/2026\/04\/Logo-itirando-pour-votre-site-internet-et-reseaux-sociaux-300x298.jpg 300w, https:\/\/www.mirabel-crique.com\/wp-content\/uploads\/2026\/04\/Logo-itirando-pour-votre-site-internet-et-reseaux-sociaux-150x150.jpg 150w, https:\/\/www.mirabel-crique.com\/wp-content\/uploads\/2026\/04\/Logo-itirando-pour-votre-site-internet-et-reseaux-sociaux-768x763.jpg 768w, https:\/\/www.mirabel-crique.com\/wp-content\/uploads\/2026\/04\/Logo-itirando-pour-votre-site-internet-et-reseaux-sociaux-12x12.jpg 12w, https:\/\/www.mirabel-crique.com\/wp-content\/uploads\/2026\/04\/Logo-itirando-pour-votre-site-internet-et-reseaux-sociaux.jpg 1420w\" sizes=\"auto, (max-width: 1024px) 100vw, 1024px\" \/><\/a><\/figure>\n\n\n\n<div style=\"height:10px\" aria-hidden=\"true\" class=\"wp-block-spacer\"><\/div>\n<\/div>\n\n\n\n<p class=\"has-text-align-center texte-rond has-large-font-size\">Ontdek onze andere ervaringen<\/p>\n\n\n\n<div class=\"wp-block-columns are-vertically-aligned-center h-20 front-page-section grey is-layout-flex wp-container-core-columns-is-layout-28f84493 wp-block-columns-is-layout-flex\">\n<div class=\"wp-block-column is-layout-flow wp-block-column-is-layout-flow\"><\/div>\n\n\n\n<div class=\"wp-block-column is-layout-flow wp-block-column-is-layout-flow\">\n<div class=\"wp-block-create-block-sevgutenberg-navigation\"><aside class=\"encart-sev-navigation small carre\"><a href=\"https:\/\/www.mirabel-crique.com\/nl\/ervaringen\/bretonse-gastronomie-2\/\" class=\"d-flex flex-column align-items-center\"><div class=\"encart-title\"><span>Bretonse gastronomie<\/span><\/div><div class=\"vague\"><\/div><img decoding=\"async\" src=\"https:\/\/www.mirabel-crique.com\/wp-content\/uploads\/2022\/10\/1-galette-bretonne-poisson-gastronomie.png\" alt=\"camping galette \u00e0 d\u00e9guste rau\"\/><div class=\"ligne\"><\/div><div class=\"hover\"><\/div><\/a><\/aside><\/div>\n<\/div>\n\n\n\n<div class=\"wp-block-column is-vertically-aligned-center is-layout-flow wp-block-column-is-layout-flow\">\n<div class=\"wp-block-create-block-sevgutenberg-navigation\"><aside class=\"encart-sev-navigation small carre\"><a href=\"https:\/\/www.mirabel-crique.com\/nl\/ervaringen\/ervaring-sint-cast-le-guildo\/\" class=\"d-flex flex-column align-items-center\"><div class=\"encart-title\"><span>Beleef de Emerald Coast onder water!<\/span><\/div><div class=\"vague\"><\/div><img decoding=\"async\" src=\"https:\/\/www.mirabel-crique.com\/wp-content\/uploads\/2022\/10\/2-plongee-epave-bretagne-pixabay-1.jpg\" alt=\"duiken in Bretagne\"\/><div class=\"ligne\"><\/div><div class=\"hover\"><\/div><\/a><\/aside><\/div>\n<\/div>\n\n\n\n<div class=\"wp-block-column is-vertically-aligned-center is-layout-flow wp-block-column-is-layout-flow\"><\/div>\n<\/div>\n\n\n\n<p><\/p>","protected":false},"excerpt":{"rendered":"<p>En route pour le GR34 dans les C\u00f4tes d&rsquo;Amor Impossible de partir \u00e0 Saint-Cast-le-Guildo sans emprunter le fameux GR34. Celui-ci [&hellip;]<\/p>\n","protected":false},"author":1,"featured_media":0,"parent":272,"menu_order":0,"comment_status":"closed","ping_status":"closed","template":"","meta":{"_seopress_robots_primary_cat":"","_seopress_titles_title":"A la d\u00e9couverte des randonn\u00e9es en C\u00f4tes d'Armor","_seopress_titles_desc":"Tourisme nature sur les sentiers se trouvant \u00e0 proximit\u00e9 du camping La Crique en Bretagne","_seopress_robots_index":"","footnotes":""},"class_list":["post-889","page","type-page","status-publish","hentry"],"_links":{"self":[{"href":"https:\/\/www.mirabel-crique.com\/nl\/wp-json\/wp\/v2\/pages\/889","targetHints":{"allow":["GET"]}}],"collection":[{"href":"https:\/\/www.mirabel-crique.com\/nl\/wp-json\/wp\/v2\/pages"}],"about":[{"href":"https:\/\/www.mirabel-crique.com\/nl\/wp-json\/wp\/v2\/types\/page"}],"author":[{"embeddable":true,"href":"https:\/\/www.mirabel-crique.com\/nl\/wp-json\/wp\/v2\/users\/1"}],"replies":[{"embeddable":true,"href":"https:\/\/www.mirabel-crique.com\/nl\/wp-json\/wp\/v2\/comments?post=889"}],"version-history":[{"count":9,"href":"https:\/\/www.mirabel-crique.com\/nl\/wp-json\/wp\/v2\/pages\/889\/revisions"}],"predecessor-version":[{"id":10847,"href":"https:\/\/www.mirabel-crique.com\/nl\/wp-json\/wp\/v2\/pages\/889\/revisions\/10847"}],"up":[{"embeddable":true,"href":"https:\/\/www.mirabel-crique.com\/nl\/wp-json\/wp\/v2\/pages\/272"}],"wp:attachment":[{"href":"https:\/\/www.mirabel-crique.com\/nl\/wp-json\/wp\/v2\/media?parent=889"}],"curies":[{"name":"wp","href":"https:\/\/api.w.org\/{rel}","templated":true}]}}