{"id":895,"date":"2021-12-20T11:14:26","date_gmt":"2021-12-20T10:14:26","guid":{"rendered":"https:\/\/www.campinglarenaudiere.com\/?page_id=895"},"modified":"2022-11-03T16:40:02","modified_gmt":"2022-11-03T15:40:02","slug":"ervaring-sint-cast-le-guildo","status":"publish","type":"page","link":"https:\/\/www.mirabel-crique.com\/nl\/les-experiences\/experience-saint-cast-le-guildo\/","title":{"rendered":"Beleef de Emerald Coast onder water!"},"content":{"rendered":"<figure class=\"wp-block-image alignright size-full is-resized\"><img loading=\"lazy\" decoding=\"async\" src=\"https:\/\/www.campinglarenaudiere.com\/wp-content\/uploads\/2022\/01\/Soleil.png\" alt=\"zon\" class=\"wp-image-1883\" width=\"160\" height=\"146\"\/><\/figure>\n\n\n\n<h1 class=\"wp-block-heading\" id=\"a-la-decouverte-de-la-cote-de-jade-a-velo\">Beleef de Emerald Coast onder water!<\/h1>\n\n\n\n<div class=\"wp-block-media-text alignwide is-stacked-on-mobile\"><figure class=\"wp-block-media-text__media\"><a href=\"https:\/\/www.mirabel-crique.com\/wp-content\/uploads\/2022\/10\/1-seaplane-g10cc642b5_1920-pixabay-1.jpg\"><img loading=\"lazy\" decoding=\"async\" width=\"1024\" height=\"768\" src=\"https:\/\/www.mirabel-crique.com\/wp-content\/uploads\/2022\/10\/1-seaplane-g10cc642b5_1920-pixabay-1-1024x768.jpg\" alt=\"onderwaterwrak in Saint Cast le Guildo\" class=\"wp-image-7659 size-full\" srcset=\"https:\/\/www.mirabel-crique.com\/wp-content\/uploads\/2022\/10\/1-seaplane-g10cc642b5_1920-pixabay-1-1024x768.jpg 1024w, https:\/\/www.mirabel-crique.com\/wp-content\/uploads\/2022\/10\/1-seaplane-g10cc642b5_1920-pixabay-1-300x225.jpg 300w, https:\/\/www.mirabel-crique.com\/wp-content\/uploads\/2022\/10\/1-seaplane-g10cc642b5_1920-pixabay-1-768x576.jpg 768w, https:\/\/www.mirabel-crique.com\/wp-content\/uploads\/2022\/10\/1-seaplane-g10cc642b5_1920-pixabay-1.jpg 1200w\" sizes=\"auto, (max-width: 1024px) 100vw, 1024px\" \/><\/a><\/figure><div class=\"wp-block-media-text__content\">\n<p class=\"has-medium-font-size\"><strong>Ondergedompeld in Saint-Cast-le-Guildo<\/strong><\/p>\n\n\n\n<figure class=\"wp-block-image size-full\"><img decoding=\"async\" src=\"https:\/\/www.campinglarenaudiere.com\/wp-content\/uploads\/2022\/01\/barre-bleue.png\" alt=\"\" class=\"wp-image-2382\"\/><\/figure>\n\n\n\n<p>Als je eenmaal boven water hebt \u00abgesurft\u00bb dankzij de vele watersportactiviteiten die het resort biedt, is het tijd om te kijken wat er onder water gebeurt. Hiervoor staat St-Cast bekend als een echte 'waterpoel'. <strong>duikplek<\/strong>. Of je nu voor het eerst duikt of al ervaring hebt, trek je vinnen, masker en tank aan en ga op verkenning op de zeebodem.<\/p>\n<\/div><\/div>\n\n\n\n<div style=\"height:30px\" aria-hidden=\"true\" class=\"wp-block-spacer\"><\/div>\n\n\n\n<div class=\"wp-block-media-text alignwide has-media-on-the-right is-stacked-on-mobile front-page-section grey\"><div class=\"wp-block-media-text__content\">\n<h2 class=\"wp-block-heading\">De beste duikplekken in en rond Saint-Cast-le-Guildo<\/h2>\n\n\n\n<figure class=\"wp-block-image size-full\"><img loading=\"lazy\" decoding=\"async\" width=\"50\" height=\"8\" src=\"https:\/\/www.mirabel-crique.com\/wp-content\/uploads\/2022\/10\/barre-bleue.png\" alt=\"\" class=\"wp-image-7508\"\/><\/figure>\n\n\n\n<p>Er zijn genoeg plaatsen waar je je favoriete activiteit kunt beoefenen <strong>de zeebodem verkennen<\/strong> van Saint-Cast en zijn geheimen. Bij de kliffen en grotten, niet ver van Cap Fr\u00e9hel, kun je honderden kleine vissen bewonderen die hier hun toevlucht zoeken.<\/p>\n\n\n\n<p>Zin om terug te gaan in de tijd? Dompel je onder in de vele wrakken voor de kust van Cap Fr\u00e9hel, Saint-Malo of Fort La Latte, waarvan vele een indrukwekkende fauna herbergen. Of het nu gaat om een stoomboot uit het einde van de 19e eeuw, een kleine zandloper of een fregat, je zult je ogen uitkijken!<\/p>\n\n\n\n<p>Voor de <strong>eerste duiken<\/strong> en beginners, kunt u aan de slag op makkelijk toegankelijke plekken. Vanaf uw camping in La Crique is het strand van La Mare een prima startpunt voor uw eerste ervaring in de Bretonse wateren!<\/p>\n<\/div><figure class=\"wp-block-media-text__media\"><a href=\"https:\/\/www.mirabel-crique.com\/wp-content\/uploads\/2022\/10\/2-plongee-epave-bretagne-pixabay-1.jpg\"><img loading=\"lazy\" decoding=\"async\" width=\"1024\" height=\"711\" src=\"https:\/\/www.mirabel-crique.com\/wp-content\/uploads\/2022\/10\/2-plongee-epave-bretagne-pixabay-1-1024x711.jpg\" alt=\"duikplek in de buurt van de camping in Saint Cast le Guildo\" class=\"wp-image-7663 size-full\" srcset=\"https:\/\/www.mirabel-crique.com\/wp-content\/uploads\/2022\/10\/2-plongee-epave-bretagne-pixabay-1-1024x711.jpg 1024w, https:\/\/www.mirabel-crique.com\/wp-content\/uploads\/2022\/10\/2-plongee-epave-bretagne-pixabay-1-300x208.jpg 300w, https:\/\/www.mirabel-crique.com\/wp-content\/uploads\/2022\/10\/2-plongee-epave-bretagne-pixabay-1-768x533.jpg 768w, https:\/\/www.mirabel-crique.com\/wp-content\/uploads\/2022\/10\/2-plongee-epave-bretagne-pixabay-1.jpg 1200w\" sizes=\"auto, (max-width: 1024px) 100vw, 1024px\" \/><\/a><\/figure><\/div>\n\n\n\n<div class=\"wp-block-media-text alignwide is-stacked-on-mobile animate left\"><figure class=\"wp-block-media-text__media\"><a href=\"https:\/\/www.mirabel-crique.com\/wp-content\/uploads\/2022\/10\/3-pixabay-plongee-bretagne.jpg\"><img loading=\"lazy\" decoding=\"async\" width=\"1024\" height=\"768\" src=\"https:\/\/www.mirabel-crique.com\/wp-content\/uploads\/2022\/10\/3-pixabay-plongee-bretagne-1024x768.jpg\" alt=\"duikclub in de buurt van de camping\" class=\"wp-image-7667 size-full\" srcset=\"https:\/\/www.mirabel-crique.com\/wp-content\/uploads\/2022\/10\/3-pixabay-plongee-bretagne-1024x768.jpg 1024w, https:\/\/www.mirabel-crique.com\/wp-content\/uploads\/2022\/10\/3-pixabay-plongee-bretagne-300x225.jpg 300w, https:\/\/www.mirabel-crique.com\/wp-content\/uploads\/2022\/10\/3-pixabay-plongee-bretagne-768x576.jpg 768w, https:\/\/www.mirabel-crique.com\/wp-content\/uploads\/2022\/10\/3-pixabay-plongee-bretagne.jpg 1200w\" sizes=\"auto, (max-width: 1024px) 100vw, 1024px\" \/><\/a><\/figure><div class=\"wp-block-media-text__content\">\n<p class=\"has-medium-font-size\"><strong>Duikclubs voor een unieke ervaring<\/strong><\/p>\n\n\n\n<figure class=\"wp-block-image size-full\"><img decoding=\"async\" src=\"https:\/\/www.campinglarenaudiere.com\/wp-content\/uploads\/2022\/01\/barre-bleue.png\" alt=\"\" class=\"wp-image-2382\"\/><\/figure>\n\n\n\n<p>Voor een magisch moment in gezelschap van de onderwaterflora en -fauna bieden een aantal duikclubs eerste duiken, opleidingen en ontdekkingen aan!<\/p>\n\n\n\n<p>- Saint-Cast duiken C\u00f4tes d'Armor<br>Haven van Saint-Cast, achter het terrein van SNSM.<br>06 76 93 72 03<br><a href=\"mailto:info@saintcastplongee.eu\" target=\"_blank\" rel=\"noreferrer noopener\">info@saintcastplongee.eu<\/a><\/p>\n\n\n\n<p>- Plong.ontwijking<br>Residentie La Capitainerie<br>06 70 32 96 18<br><a href=\"mailto:plongevasionstcast@orange.fr\" target=\"_blank\" rel=\"noreferrer noopener\">plongevasionstcast@orange.fr<\/a><\/p>\n\n\n\n<p>Meer informatie over : <a href=\"https:\/\/www.cotesdarmor.com\/a-voir-a-faire\/sports\/plongee\/\" target=\"_blank\" rel=\"noreferrer noopener\">Beleef het allemaal in C\u00f4tes d'Armor<\/a><\/p>\n<\/div><\/div>\n\n\n\n<p><\/p>\n\n\n\n<div style=\"height:30px\" aria-hidden=\"true\" class=\"wp-block-spacer\"><\/div>\n\n\n\n<p class=\"has-text-align-center texte-rond has-large-font-size\">Ontdek onze andere ervaringen<\/p>\n\n\n\n<div class=\"wp-block-columns are-vertically-aligned-center h-20 front-page-section grey is-layout-flex wp-container-core-columns-is-layout-28f84493 wp-block-columns-is-layout-flex\">\n<div class=\"wp-block-column is-layout-flow wp-block-column-is-layout-flow\"><\/div>\n\n\n\n<div class=\"wp-block-column is-layout-flow wp-block-column-is-layout-flow\">\n<div class=\"wp-block-create-block-sevgutenberg-navigation\"><aside class=\"encart-sev-navigation small carre\"><a href=\"https:\/\/www.mirabel-crique.com\/nl\/ervaringen\/bretonse-gastronomie-2\/\" class=\"d-flex flex-column align-items-center\"><div class=\"encart-title\"><span>Bretonse gastronomie<\/span><\/div><div class=\"vague\"><\/div><img decoding=\"async\" src=\"https:\/\/www.mirabel-crique.com\/wp-content\/uploads\/2022\/10\/1-galette-bretonne-poisson-gastronomie.png\" alt=\"camping galette \u00e0 d\u00e9guste rau\"\/><div class=\"ligne\"><\/div><div class=\"hover\"><\/div><\/a><\/aside><\/div>\n<\/div>\n\n\n\n<div class=\"wp-block-column is-vertically-aligned-center is-layout-flow wp-block-column-is-layout-flow\">\n<div class=\"wp-block-create-block-sevgutenberg-navigation\"><aside class=\"encart-sev-navigation small carre\"><a href=\"https:\/\/www.mirabel-crique.com\/nl\/ervaringen\/wandelingen\/\" class=\"d-flex flex-column align-items-center\"><div class=\"encart-title\"><span>Onze prachtige wandelingen<\/span><\/div><div class=\"vague\"><\/div><img decoding=\"async\" src=\"https:\/\/www.mirabel-crique.com\/wp-content\/uploads\/2022\/10\/1-crtb-ad7835_L_oeil-de-Paco-1.jpg\" alt=\"strand bij de camping in Bretagne\"\/><div class=\"ligne\"><\/div><div class=\"hover\"><\/div><\/a><\/aside><\/div>\n<\/div>\n\n\n\n<div class=\"wp-block-column is-vertically-aligned-center is-layout-flow wp-block-column-is-layout-flow\"><\/div>\n<\/div>\n\n\n\n<p><\/p>","protected":false},"excerpt":{"rendered":"<p>Beleef de Smaragdkust onder water! Ontdek onze andere ervaringen<\/p>","protected":false},"author":1,"featured_media":0,"parent":272,"menu_order":0,"comment_status":"closed","ping_status":"closed","template":"","meta":{"_seopress_robots_primary_cat":"","_seopress_titles_title":"Une journ\u00e9e \u00e0 Saint Cast le Guildo","_seopress_titles_desc":"En s\u00e9journant au camping Les Mielles dans les C\u00f4tes d\u2019Armor, vous appr\u00e9cierez de passer une journ\u00e9e \u00e0 Saint-Cast-le-Guildo o\u00f9 vous pourrez tout faire \u00e0 pied","_seopress_robots_index":"","footnotes":""},"class_list":["post-895","page","type-page","status-publish","hentry"],"_links":{"self":[{"href":"https:\/\/www.mirabel-crique.com\/nl\/wp-json\/wp\/v2\/pages\/895","targetHints":{"allow":["GET"]}}],"collection":[{"href":"https:\/\/www.mirabel-crique.com\/nl\/wp-json\/wp\/v2\/pages"}],"about":[{"href":"https:\/\/www.mirabel-crique.com\/nl\/wp-json\/wp\/v2\/types\/page"}],"author":[{"embeddable":true,"href":"https:\/\/www.mirabel-crique.com\/nl\/wp-json\/wp\/v2\/users\/1"}],"replies":[{"embeddable":true,"href":"https:\/\/www.mirabel-crique.com\/nl\/wp-json\/wp\/v2\/comments?post=895"}],"version-history":[{"count":3,"href":"https:\/\/www.mirabel-crique.com\/nl\/wp-json\/wp\/v2\/pages\/895\/revisions"}],"predecessor-version":[{"id":8126,"href":"https:\/\/www.mirabel-crique.com\/nl\/wp-json\/wp\/v2\/pages\/895\/revisions\/8126"}],"up":[{"embeddable":true,"href":"https:\/\/www.mirabel-crique.com\/nl\/wp-json\/wp\/v2\/pages\/272"}],"wp:attachment":[{"href":"https:\/\/www.mirabel-crique.com\/nl\/wp-json\/wp\/v2\/media?parent=895"}],"curies":[{"name":"wp","href":"https:\/\/api.w.org\/{rel}","templated":true}]}}